{"id":31604,"date":"2021-02-21T16:10:38","date_gmt":"2021-02-21T16:10:38","guid":{"rendered":"https:\/\/www.autonvaraosahaku.fi\/?product=hjs-83-48-7941-pakosarjan-tiivisteet"},"modified":"2021-02-21T16:10:39","modified_gmt":"2021-02-21T16:10:39","slug":"hjs-83-48-7941-pakosarjan-tiivisteet","status":"publish","type":"product","link":"https:\/\/www.autonvaraosahaku.fi\/?product=hjs-83-48-7941-pakosarjan-tiivisteet","title":{"rendered":"HJS 83 48 7941 Pakosarjan tiivisteet"},"content":{"rendered":"<p>Sis\u00e4l\u00e4pimitta [mm]: 50; Ulkol\u00e4pimitta [mm]: 65; Korkeus (mm): 4,7; Valmistusvuosi alkaen: 11\/1991; VW: TARO; MAZDA: 6 Station Wagon GY,2 DE,323 F VI BJ,PREMACY CP,MX-5 I NA,5 CW,3 BM,626 V Hatchback GF,MPV II LW,626 V GF,626 V Station Wagon GW,323 P V BA,FAMILIA VI BJ,3 Stufenheck BM,XEDOS 9 TA,FAMILIA V BG8,2 DL, DJ,CX-3 DK; DAIHATSU: FOURTRAK F7, F8,ROCKY Soft Top F7, F8,WILDCAT\/ROCKY F70,WILDCAT\/ROCKY F75; SUZUKI: VITARA ET, TA; TOYOTA: AURIS NZE18_, ZRE18_,AVENSIS _T22_,COROLLA Liftback _E11_,AURIS TOURING SPORTS ADE18_, ZWE18_, ZRE18_,COROLLA Compact _E11_,AVENSIS Station Wagon _T22_,RAV 4 I SXA1_,AVENSIS Liftback _T22_,PICNIC _XM10,MR 2 II SW2_,COROLLA Compact _E10_,CARINA E _T19_,LAND CRUISER PZJ7_, KZJ7_, HZJ7_, BJ7_, LJ7_, RJ7_,CELICA ST20_, AT20_,COROLLA _E11_,LAND CRUISER _J4_,CARINA E Stufenheck _T19_,COROLLA Wagon __E11_,CARINA E Sportswagon _T19_,HILUX VI Pick-up _N1_,LAND CRUISER _J6_,RAV 4 \u00a0 SXA1_,HILUX V Pick-up LN_, KZN1_, VZN1_,COROLLA Liftback _E10_,HIACE IV Bus LH1_,MR 2 I AW1_,COROLLA _E10_,HIACE IV Kasten LXH1_, RZH1_, LH1_,CARINA II _T17_,CAMRY _CV1_, _XV1_, _V1_,HIACE III Wagon LH1_, RZH1_,CARINA II Stufenheck _T17_,COROLLA Compact _E9_,COROLLA Coupe AE86,CELICA Liftback ST16_, AT16_,CAMRY Station Wagon _XV1_, _CV1_, _V10,COROLLA Wagon _E10_,CAMRY _V2_,HIACE III Kasten YH7_, LH6_, LH7_, LH5_, YH5_, YH6_,COROLLA Liftback _E8_,CARINA II Station Wagon _T17_,COROLLA FX Compact E8B,; 9004817011000, 9091706008000, 9091706012000, 9091706045000, 9091706047000, FSB840305, KL1440305, L50140305, P54940305, Z51040305, 1418460G00000, 9091706008, 9091706012, 9091706030, 9091706045, 9091706046, 9091706047, 9091706062, 9091706075, J9091706045, J9091706047<\/p>\n","protected":false},"excerpt":{"rendered":"<p>HJS Tiivisterengas, Pakoputki 83 48 7941  VW,MAZDA,DAIHATSU,TARO,6 Station Wagon GY,2 DE,323 F VI BJ,PREMACY CP,MX-5 I NA,5 CW,3 BM,626 V Hatchback GF<\/p>\n","protected":false},"featured_media":0,"template":"","meta":{"site-sidebar-layout":"default","site-content-layout":"default","ast-global-header-display":"","ast-main-header-display":"","ast-hfb-above-header-display":"","ast-hfb-below-header-display":"","ast-hfb-mobile-header-display":"","site-post-title":"","ast-breadcrumbs-content":"","ast-featured-img":"","footer-sml-layout":"","theme-transparent-header-meta":"","adv-header-id-meta":"","stick-header-meta":"","header-above-stick-meta":"","header-main-stick-meta":"","header-below-stick-meta":""},"pwb-brand":[344],"product_cat":[123],"product_tag":[],"class_list":{"0":"post-31604","1":"product","2":"type-product","3":"status-publish","5":"pwb-brand-hjs","6":"product_cat-pakosarjan-tiivisteet","7":"desktop-align-left","8":"tablet-align-left","9":"mobile-align-left","11":"first","12":"instock","13":"product-type-external"},"brands":[{"id":344,"name":"HJS","slug":"hjs"}],"_links":{"self":[{"href":"https:\/\/www.autonvaraosahaku.fi\/index.php?rest_route=\/wp\/v2\/product\/31604","targetHints":{"allow":["GET"]}}],"collection":[{"href":"https:\/\/www.autonvaraosahaku.fi\/index.php?rest_route=\/wp\/v2\/product"}],"about":[{"href":"https:\/\/www.autonvaraosahaku.fi\/index.php?rest_route=\/wp\/v2\/types\/product"}],"wp:attachment":[{"href":"https:\/\/www.autonvaraosahaku.fi\/index.php?rest_route=%2Fwp%2Fv2%2Fmedia&parent=31604"}],"wp:term":[{"taxonomy":"pwb-brand","embeddable":true,"href":"https:\/\/www.autonvaraosahaku.fi\/index.php?rest_route=%2Fwp%2Fv2%2Fpwb-brand&post=31604"},{"taxonomy":"product_cat","embeddable":true,"href":"https:\/\/www.autonvaraosahaku.fi\/index.php?rest_route=%2Fwp%2Fv2%2Fproduct_cat&post=31604"},{"taxonomy":"product_tag","embeddable":true,"href":"https:\/\/www.autonvaraosahaku.fi\/index.php?rest_route=%2Fwp%2Fv2%2Fproduct_tag&post=31604"}],"curies":[{"name":"wp","href":"https:\/\/api.w.org\/{rel}","templated":true}]}}