{"id":31630,"date":"2021-02-21T16:10:43","date_gmt":"2021-02-21T16:10:43","guid":{"rendered":"https:\/\/www.autonvaraosahaku.fi\/?product=vaico-v10-3220-muut-luokat"},"modified":"2021-02-21T16:10:45","modified_gmt":"2021-02-21T16:10:45","slug":"vaico-v10-3220-muut-luokat","status":"publish","type":"product","link":"https:\/\/www.autonvaraosahaku.fi\/?product=vaico-v10-3220-muut-luokat","title":{"rendered":"VAICO V10-3220 Muut luokat"},"content":{"rendered":"<p>Suositeltu vaihtov\u00e4li [km]: 60000; Suositeltu vaihtov\u00e4li [vuotta]: 5; Lis\u00e4ksi tarvittavat tuotteet ks. tarvikeluettelo: ; Tilavuus (litra): 7; Vaihteistomalli: 0B5, DL501, DSG, S-Tronic (DL501); Korvaava tuote\/korvaava tiedote 2: \u00f6ljym\u00e4\u00e4r\u00e4 vakio\u00f6ljynvaihtov\u00e4lille, Tiivisterenkaalla; Vaihteistomalli: Automaattivaihteisto, 7-vaiht., Kaksoiskytkinvaihteisto; Lis\u00e4tarvike\/lis\u00e4tieto: Tiivisteill\u00e4; M\u00e4\u00e4r\u00e4yksikk\u00f6: Sarja; Paino [kg]: 9,683; Pakkausleveys [cm]: 35,2; Pakkauskorkeus [mm]: 24,8; Pakkaussyvyys [cm]: 54,6; AUDI: A4 Avant 8K5, B8,A4 8K2, B8,Q5 8R,A6 Avant 4G5, C7, 4GD,A5 8T3,A5 Sportback 8TA,A6 4G2, C7, 4GC,A7 Sportback 4GA, 4GF,A4 Allroad 8KH, B8,A5 Cabriolet 8F7,A6 Allroad 4GH, 4GJ; PORSCHE: MACAN; 0B5325330A, 0B5325429E, B5325330A, B5325429E, WHT005499, WHT005499A, 0B5321371D, 0B5321371E, 0B5325330A, 0B5325429E, B5321371D, B5321371E, B5325330A, B5325429E, WHT005499, WHT005499A, 0B5321371D, 0B5321371E, 0B5325330A, 0B5325429E, B5321371D, B5321371E, B5325330A, B5325429E, WHT005499, WHT005499A, 0B5325330A, 0B5325429E, B5325330A, B5325429E, WHT005499, WHT005499A<\/p>\n","protected":false},"excerpt":{"rendered":"<p>VAICO Tarvikesarja, \u00d6ljynvaihto-Automaattivaihteisto V10-3220  AUDI,PORSCHE,A4 Avant 8K5, B8,A4 8K2, B8,Q5 8R,A6 Avant 4G5, C7, 4GD,A5 8T3<\/p>\n","protected":false},"featured_media":0,"template":"","meta":{"site-sidebar-layout":"default","site-content-layout":"default","ast-global-header-display":"","ast-main-header-display":"","ast-hfb-above-header-display":"","ast-hfb-below-header-display":"","ast-hfb-mobile-header-display":"","site-post-title":"","ast-breadcrumbs-content":"","ast-featured-img":"","footer-sml-layout":"","theme-transparent-header-meta":"","adv-header-id-meta":"","stick-header-meta":"","header-above-stick-meta":"","header-main-stick-meta":"","header-below-stick-meta":""},"pwb-brand":[330],"product_cat":[37],"product_tag":[],"class_list":{"0":"post-31630","1":"product","2":"type-product","3":"status-publish","5":"pwb-brand-vaico","6":"product_cat-muut-luokat","7":"desktop-align-left","8":"tablet-align-left","9":"mobile-align-left","11":"first","12":"instock","13":"product-type-external"},"brands":[{"id":330,"name":"VAICO","slug":"vaico"}],"_links":{"self":[{"href":"https:\/\/www.autonvaraosahaku.fi\/index.php?rest_route=\/wp\/v2\/product\/31630","targetHints":{"allow":["GET"]}}],"collection":[{"href":"https:\/\/www.autonvaraosahaku.fi\/index.php?rest_route=\/wp\/v2\/product"}],"about":[{"href":"https:\/\/www.autonvaraosahaku.fi\/index.php?rest_route=\/wp\/v2\/types\/product"}],"wp:attachment":[{"href":"https:\/\/www.autonvaraosahaku.fi\/index.php?rest_route=%2Fwp%2Fv2%2Fmedia&parent=31630"}],"wp:term":[{"taxonomy":"pwb-brand","embeddable":true,"href":"https:\/\/www.autonvaraosahaku.fi\/index.php?rest_route=%2Fwp%2Fv2%2Fpwb-brand&post=31630"},{"taxonomy":"product_cat","embeddable":true,"href":"https:\/\/www.autonvaraosahaku.fi\/index.php?rest_route=%2Fwp%2Fv2%2Fproduct_cat&post=31630"},{"taxonomy":"product_tag","embeddable":true,"href":"https:\/\/www.autonvaraosahaku.fi\/index.php?rest_route=%2Fwp%2Fv2%2Fproduct_tag&post=31630"}],"curies":[{"name":"wp","href":"https:\/\/api.w.org\/{rel}","templated":true}]}}