{"id":31645,"date":"2021-02-21T16:10:47","date_gmt":"2021-02-21T16:10:47","guid":{"rendered":"https:\/\/www.autonvaraosahaku.fi\/?product=meyle-014-135-0201-muut-luokat"},"modified":"2021-02-21T16:10:49","modified_gmt":"2021-02-21T16:10:49","slug":"meyle-014-135-0201-muut-luokat","status":"publish","type":"product","link":"https:\/\/www.autonvaraosahaku.fi\/?product=meyle-014-135-0201-muut-luokat","title":{"rendered":"MEYLE 014 135 0201 Muut luokat"},"content":{"rendered":"<p>Vaihteistomalli: W5A 900, W5A 580, W5A 380, W5A 330, 722.6; Vaihteistomalli: Automaattivaihteisto, 5-vaiht.; Valmistaja rajaus: MERCEDES-BENZ; Lis\u00e4tarvike\/lis\u00e4tieto: Tarvikkeilla; M\u00e4\u00e4r\u00e4yksikk\u00f6: Sarja; lis\u00e4tieto: ORIGINAL Quality; Vaihteistonumero: 722.604; MERCEDES-BENZ: C-CLASS W203,E-CLASS W211,C-CLASS W204,C-CLASS T-Model S204,C-CLASS T-Model S203,C-CLASS W202,E-CLASS T-Model S211,SLK R170,E-CLASS W210,E-CLASS W212,VIANO W639,C-CLASS Coupe CL203,M-CLASS W163,E-CLASS T-Model S212,E-CLASS Kombi S210,VITO Bus W639,SLK R171,CLK C208,SL R129,CLK C209,C-CLASS Kombi S202,S-CLASS W220,VITO \/ MIXTO Kasten W639,CLS C219,SL R230,G-CLASS W463,E-CLASS Coupe C207,CLK Cabriolet A208,CLK Cabriolet A209,S-CLASS W140,SPRINTER 3-t Kasten 903,E-CLASS Cabriolet A207,CLC-CLASS CL203,G-CLASS W461,SPRINTER 3-t Bus 903,SPRINTER 3-t Pritsche\/Fahrgestell 903,S-CLASS Coupe C215,S-CLASS Coupe C216,S-CLASS Coupe C140,SPRINTER 4-t Kasten 904,G-CLASS Cabrio W463,SPRINTER 4-t Bus 904,SPRINTER 5-t Pritsche\/Fahrgestell 905,SPRINTER Kipper 905; 1402770095<\/p>\n","protected":false},"excerpt":{"rendered":"<p>MEYLE Tarvikesarja, \u00d6ljynvaihto-Automaattivaihteisto 014 135 0201  MERCEDES-BENZ,C-CLASS W203,E-CLASS W211,C-CLASS W204,C-CLASS T-Model S204<\/p>\n","protected":false},"featured_media":0,"template":"","meta":{"site-sidebar-layout":"default","site-content-layout":"default","ast-global-header-display":"","ast-main-header-display":"","ast-hfb-above-header-display":"","ast-hfb-below-header-display":"","ast-hfb-mobile-header-display":"","site-post-title":"","ast-breadcrumbs-content":"","ast-featured-img":"","footer-sml-layout":"","theme-transparent-header-meta":"","adv-header-id-meta":"","stick-header-meta":"","header-above-stick-meta":"","header-main-stick-meta":"","header-below-stick-meta":""},"pwb-brand":[84],"product_cat":[37],"product_tag":[],"class_list":{"0":"post-31645","1":"product","2":"type-product","3":"status-publish","5":"pwb-brand-meyle","6":"product_cat-muut-luokat","7":"desktop-align-left","8":"tablet-align-left","9":"mobile-align-left","11":"first","12":"instock","13":"product-type-external"},"brands":[{"id":84,"name":"MEYLE","slug":"meyle"}],"_links":{"self":[{"href":"https:\/\/www.autonvaraosahaku.fi\/index.php?rest_route=\/wp\/v2\/product\/31645","targetHints":{"allow":["GET"]}}],"collection":[{"href":"https:\/\/www.autonvaraosahaku.fi\/index.php?rest_route=\/wp\/v2\/product"}],"about":[{"href":"https:\/\/www.autonvaraosahaku.fi\/index.php?rest_route=\/wp\/v2\/types\/product"}],"wp:attachment":[{"href":"https:\/\/www.autonvaraosahaku.fi\/index.php?rest_route=%2Fwp%2Fv2%2Fmedia&parent=31645"}],"wp:term":[{"taxonomy":"pwb-brand","embeddable":true,"href":"https:\/\/www.autonvaraosahaku.fi\/index.php?rest_route=%2Fwp%2Fv2%2Fpwb-brand&post=31645"},{"taxonomy":"product_cat","embeddable":true,"href":"https:\/\/www.autonvaraosahaku.fi\/index.php?rest_route=%2Fwp%2Fv2%2Fproduct_cat&post=31645"},{"taxonomy":"product_tag","embeddable":true,"href":"https:\/\/www.autonvaraosahaku.fi\/index.php?rest_route=%2Fwp%2Fv2%2Fproduct_tag&post=31645"}],"curies":[{"name":"wp","href":"https:\/\/api.w.org\/{rel}","templated":true}]}}