{"id":31661,"date":"2021-02-21T16:10:52","date_gmt":"2021-02-21T16:10:52","guid":{"rendered":"https:\/\/www.autonvaraosahaku.fi\/?product=ridex-78b0105-jarrusatula"},"modified":"2021-02-21T16:10:53","modified_gmt":"2021-02-21T16:10:53","slug":"ridex-78b0105-jarrusatula","status":"publish","type":"product","link":"https:\/\/www.autonvaraosahaku.fi\/?product=ridex-78b0105-jarrusatula","title":{"rendered":"RIDEX 78B0105 Jarrusatula"},"content":{"rendered":"<p>Vaihto-osa: ; Sylinterim\u00e4nn\u00e4n halkaisija [mm]: 38; Leveys, sis\u00e4 (mm): 43,5; Materiaali: Harmaa valurauta; parilliset tuotenumerot: 78B0106; Asennuspuoli: Hinterachse; HONDA: CR-V III RE,CR-V II RD_,ACCORD VIII CU,ACCORD VII Tourer CM,ACCORD VIII Kombi,SHUTTLE RA,LEGEND III KA9,LEGEND II Coupe KA8,LEGEND II KA7,CROSSTOUR; 43019S7S000, 43019S9AA00, 43019S9AE00, 43019SWAA10, 43019SX0000, 43019SXS000, 43019T0AA02, 43230SP0000, 43230SP0003, 43230SP0E01<\/p>\n","protected":false},"excerpt":{"rendered":"<p>RIDEX Jarrusatula 78B0105  HONDA,CR-V III RE,CR-V II RD_,ACCORD VIII CU,ACCORD VII Tourer CM,ACCORD VIII Kombi,SHUTTLE RA,LEGEND III KA9<\/p>\n","protected":false},"featured_media":0,"template":"","meta":{"site-sidebar-layout":"default","site-content-layout":"default","ast-global-header-display":"","ast-main-header-display":"","ast-hfb-above-header-display":"","ast-hfb-below-header-display":"","ast-hfb-mobile-header-display":"","site-post-title":"","ast-breadcrumbs-content":"","ast-featured-img":"","footer-sml-layout":"","theme-transparent-header-meta":"","adv-header-id-meta":"","stick-header-meta":"","header-above-stick-meta":"","header-main-stick-meta":"","header-below-stick-meta":""},"pwb-brand":[157],"product_cat":[177],"product_tag":[],"class_list":{"0":"post-31661","1":"product","2":"type-product","3":"status-publish","5":"pwb-brand-ridex","6":"product_cat-jarrusatula","7":"desktop-align-left","8":"tablet-align-left","9":"mobile-align-left","11":"first","12":"instock","13":"product-type-external"},"brands":[{"id":157,"name":"RIDEX","slug":"ridex"}],"_links":{"self":[{"href":"https:\/\/www.autonvaraosahaku.fi\/index.php?rest_route=\/wp\/v2\/product\/31661","targetHints":{"allow":["GET"]}}],"collection":[{"href":"https:\/\/www.autonvaraosahaku.fi\/index.php?rest_route=\/wp\/v2\/product"}],"about":[{"href":"https:\/\/www.autonvaraosahaku.fi\/index.php?rest_route=\/wp\/v2\/types\/product"}],"wp:attachment":[{"href":"https:\/\/www.autonvaraosahaku.fi\/index.php?rest_route=%2Fwp%2Fv2%2Fmedia&parent=31661"}],"wp:term":[{"taxonomy":"pwb-brand","embeddable":true,"href":"https:\/\/www.autonvaraosahaku.fi\/index.php?rest_route=%2Fwp%2Fv2%2Fpwb-brand&post=31661"},{"taxonomy":"product_cat","embeddable":true,"href":"https:\/\/www.autonvaraosahaku.fi\/index.php?rest_route=%2Fwp%2Fv2%2Fproduct_cat&post=31661"},{"taxonomy":"product_tag","embeddable":true,"href":"https:\/\/www.autonvaraosahaku.fi\/index.php?rest_route=%2Fwp%2Fv2%2Fproduct_tag&post=31661"}],"curies":[{"name":"wp","href":"https:\/\/api.w.org\/{rel}","templated":true}]}}