{"id":31663,"date":"2021-02-21T16:10:52","date_gmt":"2021-02-21T16:10:52","guid":{"rendered":"https:\/\/www.autonvaraosahaku.fi\/?product=ridex-78b0349-jarrusatula"},"modified":"2021-02-21T16:10:53","modified_gmt":"2021-02-21T16:10:53","slug":"ridex-78b0349-jarrusatula","status":"publish","type":"product","link":"https:\/\/www.autonvaraosahaku.fi\/?product=ridex-78b0349-jarrusatula","title":{"rendered":"RIDEX 78B0349 Jarrusatula"},"content":{"rendered":"<p>Asennuspuoli: Taka-akseli, oikea, Akselin takana; Jarrusatulatyyppi: Jarrusatula, sis. rak. jarrusatulalla; Sylinterim\u00e4nn\u00e4n halkaisija [mm]: 38; Jarrulevypaksuudelle [mm]: 11; Jarrulevyl\u00e4pimitalle [mm]: 290; Nettopaino [kg]: 2; parilliset tuotenumerot: 78B0253; Varusteet: f\u00fcr Fahrzeuge mit elektrischer Feststellbremse; TOYOTA: AVENSIS Station Wagon ZRT27, ADT27,AVENSIS Stufenheck ZRT27, ADT27; 4783005030<\/p>\n","protected":false},"excerpt":{"rendered":"<p>RIDEX Jarrusatula 78B0349  TOYOTA,AVENSIS Station Wagon ZRT27, ADT27,AVENSIS Stufenheck ZRT27, ADT27<\/p>\n","protected":false},"featured_media":0,"template":"","meta":{"site-sidebar-layout":"default","site-content-layout":"default","ast-global-header-display":"","ast-main-header-display":"","ast-hfb-above-header-display":"","ast-hfb-below-header-display":"","ast-hfb-mobile-header-display":"","site-post-title":"","ast-breadcrumbs-content":"","ast-featured-img":"","footer-sml-layout":"","theme-transparent-header-meta":"","adv-header-id-meta":"","stick-header-meta":"","header-above-stick-meta":"","header-main-stick-meta":"","header-below-stick-meta":""},"pwb-brand":[157],"product_cat":[177],"product_tag":[],"class_list":{"0":"post-31663","1":"product","2":"type-product","3":"status-publish","5":"pwb-brand-ridex","6":"product_cat-jarrusatula","7":"desktop-align-left","8":"tablet-align-left","9":"mobile-align-left","11":"first","12":"instock","13":"product-type-external"},"brands":[{"id":157,"name":"RIDEX","slug":"ridex"}],"_links":{"self":[{"href":"https:\/\/www.autonvaraosahaku.fi\/index.php?rest_route=\/wp\/v2\/product\/31663","targetHints":{"allow":["GET"]}}],"collection":[{"href":"https:\/\/www.autonvaraosahaku.fi\/index.php?rest_route=\/wp\/v2\/product"}],"about":[{"href":"https:\/\/www.autonvaraosahaku.fi\/index.php?rest_route=\/wp\/v2\/types\/product"}],"wp:attachment":[{"href":"https:\/\/www.autonvaraosahaku.fi\/index.php?rest_route=%2Fwp%2Fv2%2Fmedia&parent=31663"}],"wp:term":[{"taxonomy":"pwb-brand","embeddable":true,"href":"https:\/\/www.autonvaraosahaku.fi\/index.php?rest_route=%2Fwp%2Fv2%2Fpwb-brand&post=31663"},{"taxonomy":"product_cat","embeddable":true,"href":"https:\/\/www.autonvaraosahaku.fi\/index.php?rest_route=%2Fwp%2Fv2%2Fproduct_cat&post=31663"},{"taxonomy":"product_tag","embeddable":true,"href":"https:\/\/www.autonvaraosahaku.fi\/index.php?rest_route=%2Fwp%2Fv2%2Fproduct_tag&post=31663"}],"curies":[{"name":"wp","href":"https:\/\/api.w.org\/{rel}","templated":true}]}}