{"id":31666,"date":"2021-02-21T16:10:52","date_gmt":"2021-02-21T16:10:52","guid":{"rendered":"https:\/\/www.autonvaraosahaku.fi\/?product=ridex-70b0215-jarrukengat"},"modified":"2021-02-21T16:10:53","modified_gmt":"2021-02-21T16:10:53","slug":"ridex-70b0215-jarrukengat","status":"publish","type":"product","link":"https:\/\/www.autonvaraosahaku.fi\/?product=ridex-70b0215-jarrukengat","title":{"rendered":"RIDEX 70B0215 Jarrukeng\u00e4t"},"content":{"rendered":"<p>Asennuspuoli: Taka-akseli, Hinterachse; L\u00e4pimitta [mm]: 228,6; Leveys (mm): 42; M\u00e4\u00e4r\u00e4tty kiertosuunta: ; ei sidoksissa kulkusuuntaan: ; Korvaava tuote\/korvaava tiedote 2: Seisontajarrukahvalla; Paino [kg]: 1,98; MERCEDES-BENZ: CITAN Kasten 415,CITAN Kombi 415,CITAN Mixto 415; DACIA: DUSTER,LOGAN MCV KS_,SANDERO II,LODGY,LOGAN MCV II,DOKKER,DOKKER Express,LOGAN EXPRESS FS_,LOGAN Pick-up US_,LOGAN II,DUSTER Kasten; RENAULT: KANGOO KC0\/1_,CLIO IV,KANGOO \/ GRAND KANGOO KW0\/1_,CAPTUR,KANGOO Express FW0\/1_,CLIO Grandtour IV,KANGOO BE BOP KW0\/1_,ZOE,DUSTER,LOGAN I Kombi KS_,THALIA II LU1\/2_,LOGAN EXPRESS,CLIO IV Kasten,SANDERO\/STEPWAY II,LOGAN II Kombi,LOGAN II,THALIA III; 6001549703, 6001549704, 4154200220, A4154200220, 7701210109; Jarrukenk\u00e4sarja<\/p>\n","protected":false},"excerpt":{"rendered":"<p>RIDEX Jarrukeng\u00e4t 70B0215 Jarrukenk\u00e4sarja MERCEDES-BENZ,DACIA,RENAULT,CITAN Kasten 415,CITAN Kombi 415,CITAN Mixto 415,DUSTER,LOGAN MCV KS_,SANDERO II<\/p>\n","protected":false},"featured_media":0,"template":"","meta":{"site-sidebar-layout":"default","site-content-layout":"default","ast-global-header-display":"","ast-main-header-display":"","ast-hfb-above-header-display":"","ast-hfb-below-header-display":"","ast-hfb-mobile-header-display":"","site-post-title":"","ast-breadcrumbs-content":"","ast-featured-img":"","footer-sml-layout":"","theme-transparent-header-meta":"","adv-header-id-meta":"","stick-header-meta":"","header-above-stick-meta":"","header-main-stick-meta":"","header-below-stick-meta":""},"pwb-brand":[157],"product_cat":[176],"product_tag":[],"class_list":{"0":"post-31666","1":"product","2":"type-product","3":"status-publish","5":"pwb-brand-ridex","6":"product_cat-jarrukengat","7":"desktop-align-left","8":"tablet-align-left","9":"mobile-align-left","11":"first","12":"instock","13":"product-type-external"},"brands":[{"id":157,"name":"RIDEX","slug":"ridex"}],"_links":{"self":[{"href":"https:\/\/www.autonvaraosahaku.fi\/index.php?rest_route=\/wp\/v2\/product\/31666","targetHints":{"allow":["GET"]}}],"collection":[{"href":"https:\/\/www.autonvaraosahaku.fi\/index.php?rest_route=\/wp\/v2\/product"}],"about":[{"href":"https:\/\/www.autonvaraosahaku.fi\/index.php?rest_route=\/wp\/v2\/types\/product"}],"wp:attachment":[{"href":"https:\/\/www.autonvaraosahaku.fi\/index.php?rest_route=%2Fwp%2Fv2%2Fmedia&parent=31666"}],"wp:term":[{"taxonomy":"pwb-brand","embeddable":true,"href":"https:\/\/www.autonvaraosahaku.fi\/index.php?rest_route=%2Fwp%2Fv2%2Fpwb-brand&post=31666"},{"taxonomy":"product_cat","embeddable":true,"href":"https:\/\/www.autonvaraosahaku.fi\/index.php?rest_route=%2Fwp%2Fv2%2Fproduct_cat&post=31666"},{"taxonomy":"product_tag","embeddable":true,"href":"https:\/\/www.autonvaraosahaku.fi\/index.php?rest_route=%2Fwp%2Fv2%2Fproduct_tag&post=31666"}],"curies":[{"name":"wp","href":"https:\/\/api.w.org\/{rel}","templated":true}]}}