{"id":31669,"date":"2021-02-21T16:10:52","date_gmt":"2021-02-21T16:10:52","guid":{"rendered":"https:\/\/www.autonvaraosahaku.fi\/?product=ridex-13d0023-vetoakseli"},"modified":"2021-02-21T16:10:54","modified_gmt":"2021-02-21T16:10:54","slug":"ridex-13d0023-vetoakseli","status":"publish","type":"product","link":"https:\/\/www.autonvaraosahaku.fi\/?product=ridex-13d0023-vetoakseli","title":{"rendered":"RIDEX 13D0023 Vetoakseli"},"content":{"rendered":"<p>Ulkohammastus, py\u00f6r\u00e4npuoli: 38; Pituus (mm): 611; Hammasluku, ABS-keh\u00e4: 45; Tiivisteen l\u00e4pimitta [mm]: 59.5; Nivelen l\u00e4pimitta py\u00f6r\u00e4puoli [mm]: 98; Nivelen l\u00e4pimitta vaihteistopuoli [mm]: 130; Kierremitta: M16x1.5; Reik\u00e4-\u00d8 [mm]: 10.5; Reikien m\u00e4\u00e4r\u00e4: 6; Reik\u00e4ympyr\u00e4-\u00d8 [mm]: 114; Vaihto-osa: ; Vaihteistomalli: Schaltgetriebe; VW: PASSAT Variant 3B6,PASSAT Variant 3B5,PASSAT 3B2,PASSAT 3B3; AUDI: A4 8D2, B5,A4 Avant 8D5, B5; SKODA: SUPERB 3U4; 3B0407271N, 3B0407271NX, 8D0407271AJ, 8D0407271BB, 8D0407271DT, 8D0407271EC, 8D0407271EF, 8D0407271EL, 8D0407451CV, 8D0407451CX, 8D0407451LX, 8D0407453EV, 8D0407453EX, 3B0407271N, 3B0407271NX, 8D0407271AJ, 8D0407271BB, 8D0407271DT, 8D0407271EC, 8D0407271EF, 8D0407271EL, 8D0407451CV, 8D0407451CX, 8D0407451LX, 8D0407453EV, 8D0407453EX, 3B0407271N, 3B0407271NX, 8D0407271AJ, 8D0407271BB, 8D0407271DT, 8D0407271EC, 8D0407271EF, 8D0407271EL, 8D0407451CV, 8D0407451CX, 8D0407451LX, 8D0407453EV, 8D0407453EX, 3B0407271N, 3B0407271NX, 8D0407271AJ, 8D0407271BB, 8D0407271DT, 8D0407271EC, 8D0407271EF, 8D0407271EL, 8D0407451CV, 8D0407451CX, 8D0407451LX, 8D0407453EV, 8D0407453EX, 8D0407453HX, 8D0407453JX, JZW407449QX, JZW407449SX<\/p>\n","protected":false},"excerpt":{"rendered":"<p>RIDEX Vetoakseli 13D0023  VW,AUDI,SKODA,PASSAT Variant 3B6,PASSAT Variant 3B5,PASSAT 3B2,PASSAT 3B3,A4 8D2, B5,A4 Avant 8D5, B5,SUPERB 3U4<\/p>\n","protected":false},"featured_media":0,"template":"","meta":{"site-sidebar-layout":"default","site-content-layout":"default","ast-global-header-display":"","ast-main-header-display":"","ast-hfb-above-header-display":"","ast-hfb-below-header-display":"","ast-hfb-mobile-header-display":"","site-post-title":"","ast-breadcrumbs-content":"","ast-featured-img":"","footer-sml-layout":"","theme-transparent-header-meta":"","adv-header-id-meta":"","stick-header-meta":"","header-above-stick-meta":"","header-main-stick-meta":"","header-below-stick-meta":""},"pwb-brand":[157],"product_cat":[215],"product_tag":[],"class_list":{"0":"post-31669","1":"product","2":"type-product","3":"status-publish","5":"pwb-brand-ridex","6":"product_cat-vetoakseli","7":"desktop-align-left","8":"tablet-align-left","9":"mobile-align-left","11":"first","12":"instock","13":"product-type-external"},"brands":[{"id":157,"name":"RIDEX","slug":"ridex"}],"_links":{"self":[{"href":"https:\/\/www.autonvaraosahaku.fi\/index.php?rest_route=\/wp\/v2\/product\/31669","targetHints":{"allow":["GET"]}}],"collection":[{"href":"https:\/\/www.autonvaraosahaku.fi\/index.php?rest_route=\/wp\/v2\/product"}],"about":[{"href":"https:\/\/www.autonvaraosahaku.fi\/index.php?rest_route=\/wp\/v2\/types\/product"}],"wp:attachment":[{"href":"https:\/\/www.autonvaraosahaku.fi\/index.php?rest_route=%2Fwp%2Fv2%2Fmedia&parent=31669"}],"wp:term":[{"taxonomy":"pwb-brand","embeddable":true,"href":"https:\/\/www.autonvaraosahaku.fi\/index.php?rest_route=%2Fwp%2Fv2%2Fpwb-brand&post=31669"},{"taxonomy":"product_cat","embeddable":true,"href":"https:\/\/www.autonvaraosahaku.fi\/index.php?rest_route=%2Fwp%2Fv2%2Fproduct_cat&post=31669"},{"taxonomy":"product_tag","embeddable":true,"href":"https:\/\/www.autonvaraosahaku.fi\/index.php?rest_route=%2Fwp%2Fv2%2Fproduct_tag&post=31669"}],"curies":[{"name":"wp","href":"https:\/\/api.w.org\/{rel}","templated":true}]}}