{"id":31683,"date":"2021-02-21T16:10:57","date_gmt":"2021-02-21T16:10:57","guid":{"rendered":"https:\/\/www.autonvaraosahaku.fi\/?product=ridex-83b0258-jarruletku"},"modified":"2021-02-21T16:10:58","modified_gmt":"2021-02-21T16:10:58","slug":"ridex-83b0258-jarruletku","status":"publish","type":"product","link":"https:\/\/www.autonvaraosahaku.fi\/?product=ridex-83b0258-jarruletku","title":{"rendered":"RIDEX 83B0258 Jarruletku"},"content":{"rendered":"<p>Pituus (mm): 242; Ulkokierre [mm]: M10x1; Sis\u00e4kierre (mm): M10x1; Avainv\u00e4li: 14; Tarvittava kappalem\u00e4\u00e4r\u00e4: 2; RENAULT: TWINGO I C06_,CLIO I B\/C57_, 5\/357_,TWINGO I Kasten S06_,21 Stufenheck L48_,CLIO I Kasten S57_,21 Kombi K48_,21 B48_,21 Kasten S48_; 7700804356, 7700824736, 7704003887, 7704003949, 8200131598<\/p>\n","protected":false},"excerpt":{"rendered":"<p>RIDEX Jarruletku 83B0258  RENAULT,TWINGO I C06_,CLIO I B\/C57_, 5\/357_,TWINGO I Kasten S06_,21 Stufenheck L48_,CLIO I Kasten S57_,21 Kombi K48_,21 B48_<\/p>\n","protected":false},"featured_media":0,"template":"","meta":{"site-sidebar-layout":"default","site-content-layout":"default","ast-global-header-display":"","ast-main-header-display":"","ast-hfb-above-header-display":"","ast-hfb-below-header-display":"","ast-hfb-mobile-header-display":"","site-post-title":"","ast-breadcrumbs-content":"","ast-featured-img":"","footer-sml-layout":"","theme-transparent-header-meta":"","adv-header-id-meta":"","stick-header-meta":"","header-above-stick-meta":"","header-main-stick-meta":"","header-below-stick-meta":""},"pwb-brand":[157],"product_cat":[70],"product_tag":[],"class_list":{"0":"post-31683","1":"product","2":"type-product","3":"status-publish","5":"pwb-brand-ridex","6":"product_cat-jarruletku","7":"desktop-align-left","8":"tablet-align-left","9":"mobile-align-left","11":"first","12":"instock","13":"product-type-external"},"brands":[{"id":157,"name":"RIDEX","slug":"ridex"}],"_links":{"self":[{"href":"https:\/\/www.autonvaraosahaku.fi\/index.php?rest_route=\/wp\/v2\/product\/31683","targetHints":{"allow":["GET"]}}],"collection":[{"href":"https:\/\/www.autonvaraosahaku.fi\/index.php?rest_route=\/wp\/v2\/product"}],"about":[{"href":"https:\/\/www.autonvaraosahaku.fi\/index.php?rest_route=\/wp\/v2\/types\/product"}],"wp:attachment":[{"href":"https:\/\/www.autonvaraosahaku.fi\/index.php?rest_route=%2Fwp%2Fv2%2Fmedia&parent=31683"}],"wp:term":[{"taxonomy":"pwb-brand","embeddable":true,"href":"https:\/\/www.autonvaraosahaku.fi\/index.php?rest_route=%2Fwp%2Fv2%2Fpwb-brand&post=31683"},{"taxonomy":"product_cat","embeddable":true,"href":"https:\/\/www.autonvaraosahaku.fi\/index.php?rest_route=%2Fwp%2Fv2%2Fproduct_cat&post=31683"},{"taxonomy":"product_tag","embeddable":true,"href":"https:\/\/www.autonvaraosahaku.fi\/index.php?rest_route=%2Fwp%2Fv2%2Fproduct_tag&post=31683"}],"curies":[{"name":"wp","href":"https:\/\/api.w.org\/{rel}","templated":true}]}}