{"id":31697,"date":"2021-02-21T16:10:57","date_gmt":"2021-02-21T16:10:57","guid":{"rendered":"https:\/\/www.autonvaraosahaku.fi\/?product=hella-4rd-007-794-021-muut-luokat"},"modified":"2021-02-21T16:11:00","modified_gmt":"2021-02-21T16:11:00","slug":"hella-4rd-007-794-021-muut-luokat","status":"publish","type":"product","link":"https:\/\/www.autonvaraosahaku.fi\/?product=hella-4rd-007-794-021-muut-luokat","title":{"rendered":"HELLA 4RD 007 794-021 Muut luokat"},"content":{"rendered":"<p>Reletoiminto: L\u00e4hivalo, Tuulilasi l\u00e4mmitetty, Takaikkuna l\u00e4mmitetty, ESP, Ikkunamekanismi, Generaattori, \u00c4\u00e4nitorvi, Ilmastointilaite, Mukavuusvarusteet, Valokatkaisija, Puhallin, l\u00e4mmitys-\/ilmastointilaite, Lasinpyyhkij\u00e4 taso 1, Lasinpyyhkij\u00e4 taso 2, K\u00e4ynnistin, P\u00e4iv\u00e4ajovalo, Kattohydrauliikka, Keskuslukitus; Korvaava tuote\/korvaava tiedote 2: Vastuksella; Lis\u00e4tarvike\/lis\u00e4tieto: Ilman pidikett\u00e4; Suojausmalli (IP-koodi): 54; Nimellisj\u00e4nnite (V): 12; Kuormitusraja 12V: 20\/30A; V\u00e4ri vastaa alkuper\u00e4isosaa: Ruskea; V\u00e4ri: Musta; OE-numerolle: 90491314; Induktiivinen kuorma [A]: 5; Kapasitiivinen kuorma: 20, 30; Ohmikuorma [A]: 20, 30; Napojen m\u00e4\u00e4r\u00e4: 5; Kytkent\u00e4kaavio: W2; Yhdistelm\u00e4kytkintoiminto: Avaaja, Sulkija, Vaihtaja; Pistokemallin tunnus: B1; L\u00e4mp\u00f6alue (\u00b0C): 80; MERCEDES-BENZ: C-CLASS W203,A-CLASS W169,B-CLASS W245,C-CLASS T-Model S203,C-CLASS W202,SLK R170,E-CLASS W210,B-CLASS W246, W242,M-CLASS W164,C-CLASS Coupe CL203,M-CLASS W163,E-CLASS Kombi S210,SLK R171,CLK C208,A-CLASS W176,SL R129,CLK C209,C-CLASS Kombi S202,S-CLASS W220,VITO \/ MIXTO Kasten W639,SL R230,R-CLASS W251, V251,M-CLASS W166,G-CLASS W463,VITO Bus 638,CLK Cabriolet A208,CLK Cabriolet A209,CLC-CLASS CL203,GL-CLASS X164,S-CLASS Coupe C215,VITO Kasten 638,GL-CLASS X166,SL R231,SLS AMG C197,SLS AMG Cabriolet A197,GLE Coupe C292; OPEL: ZAFIRA A F75_,ASTRA G CC F48_, F08_,ASTRA G Caravan F35_,CORSA B 73_, 78_, 79_,INSIGNIA Caravan,VECTRA B 36_,ASTRA F CC 53_, 54_, 58_, 59_,OMEGA B Caravan 21_, 22_, 23_,OMEGA B 25_, 26_, 27_,VECTRA B Caravan 31_,INSIGNIA,ASTRA G Cabriolet F67,ASTRA F Caravan 51_, 52_,INSIGNIA Stufenheck,ASTRA G Coupe F07_,ASTRA G Stufenheck F69_,CALIBRA A 85_,VECTRA B CC 38_,VECTRA A 86_, 87_,ASTRA F Cabriolet 53_B,ASTRA F 56_, 57_,TIGRA 95_,VECTRA A CC 88_, 89_,ASTRA F CLASSIC CC,ASTRA F CLASSIC Stufenheck,ASTRA F CLASSIC Caravan,CORSA B Kombi F35,INSIGNIA A Country Tourer G09,ASTRA G CLASSIC Stufenheck T98; SMART: FORTWO Coupe 451,FORTWO Cabrio 451; VAUXHALL: VECTRA B CC,VECTRA B Estate,VECTRA B; 2E0937099, 27DAC7687, 0005455505, 0005458305, 0008210163, 0009828123, 0009828323, 0015429219, 0025421419, 0025427419, 0025428919, 0025451419, 0035421019, 0035452705, 0035458605, 0045450405, 0054555505, A0005455505, A0005458305, A0008210163, A0009828123, A0009828323, A0015429219, A0025421419, A0025427419, A0025428919, A0025451419, A0035421019, A0035452705, A0035458605, A0045450405, A0054555505, 1238307, 13500119, 6238515, 6238564, 90491314, 90543014, 1238307, 13500119, 6238515, 6238564, 90491314, 90543014, RM13977251, 2E0937099<\/p>\n","protected":false},"excerpt":{"rendered":"<p>HELLA Rele, Ty\u00f6virta 4RD 007 794-021  MERCEDES-BENZ,OPEL,SMART,C-CLASS W203,A-CLASS W169,B-CLASS W245,C-CLASS T-Model S203,C-CLASS W202,SLK R170<\/p>\n","protected":false},"featured_media":0,"template":"","meta":{"site-sidebar-layout":"default","site-content-layout":"default","ast-global-header-display":"","ast-main-header-display":"","ast-hfb-above-header-display":"","ast-hfb-below-header-display":"","ast-hfb-mobile-header-display":"","site-post-title":"","ast-breadcrumbs-content":"","ast-featured-img":"","footer-sml-layout":"","theme-transparent-header-meta":"","adv-header-id-meta":"","stick-header-meta":"","header-above-stick-meta":"","header-main-stick-meta":"","header-below-stick-meta":""},"pwb-brand":[24],"product_cat":[37],"product_tag":[],"class_list":{"0":"post-31697","1":"product","2":"type-product","3":"status-publish","5":"pwb-brand-hella","6":"product_cat-muut-luokat","7":"desktop-align-left","8":"tablet-align-left","9":"mobile-align-left","11":"first","12":"instock","13":"product-type-external"},"brands":[{"id":24,"name":"HELLA","slug":"hella"}],"_links":{"self":[{"href":"https:\/\/www.autonvaraosahaku.fi\/index.php?rest_route=\/wp\/v2\/product\/31697","targetHints":{"allow":["GET"]}}],"collection":[{"href":"https:\/\/www.autonvaraosahaku.fi\/index.php?rest_route=\/wp\/v2\/product"}],"about":[{"href":"https:\/\/www.autonvaraosahaku.fi\/index.php?rest_route=\/wp\/v2\/types\/product"}],"wp:attachment":[{"href":"https:\/\/www.autonvaraosahaku.fi\/index.php?rest_route=%2Fwp%2Fv2%2Fmedia&parent=31697"}],"wp:term":[{"taxonomy":"pwb-brand","embeddable":true,"href":"https:\/\/www.autonvaraosahaku.fi\/index.php?rest_route=%2Fwp%2Fv2%2Fpwb-brand&post=31697"},{"taxonomy":"product_cat","embeddable":true,"href":"https:\/\/www.autonvaraosahaku.fi\/index.php?rest_route=%2Fwp%2Fv2%2Fproduct_cat&post=31697"},{"taxonomy":"product_tag","embeddable":true,"href":"https:\/\/www.autonvaraosahaku.fi\/index.php?rest_route=%2Fwp%2Fv2%2Fproduct_tag&post=31697"}],"curies":[{"name":"wp","href":"https:\/\/api.w.org\/{rel}","templated":true}]}}