{"id":31699,"date":"2021-02-21T16:11:01","date_gmt":"2021-02-21T16:11:01","guid":{"rendered":"https:\/\/www.autonvaraosahaku.fi\/?product=hella-2sd-001-679-001-takavalot"},"modified":"2021-02-21T16:11:02","modified_gmt":"2021-02-21T16:11:02","slug":"hella-2sd-001-679-001-takavalot","status":"publish","type":"product","link":"https:\/\/www.autonvaraosahaku.fi\/?product=hella-2sd-001-679-001-takavalot","title":{"rendered":"HELLA 2SD 001 679-001 Takavalot"},"content":{"rendered":"<p>Asennusmalli: Pinta-asennus; Asennuspuoli: Vasen, Oikea; Korvaava tuote\/korvaava tiedote 2: ilman polttimoita; Tarkistuskilpi: K 53397; Lyhtytoimintojen m\u00e4\u00e4r\u00e4: 3; Kiinnitysmalli: vaakasuoraan asennukseen; V\u00e4ri: Musta; Lamppumalli: K (10W), K (18W); Valotoiminto: vilkkuvalolla, jarruvalolla, Takavalolla; KDWHLO9136, 3500909018, 5000909018, 861019405490, A3500909018, A5000909018, A861019405490, V04226800, X861019405490, KDWHLO9136<\/p>\n","protected":false},"excerpt":{"rendered":"<p>HELLA Takavalo 2SD 001 679-001<\/p>\n","protected":false},"featured_media":0,"template":"","meta":{"site-sidebar-layout":"default","site-content-layout":"default","ast-global-header-display":"","ast-main-header-display":"","ast-hfb-above-header-display":"","ast-hfb-below-header-display":"","ast-hfb-mobile-header-display":"","site-post-title":"","ast-breadcrumbs-content":"","ast-featured-img":"","footer-sml-layout":"","theme-transparent-header-meta":"","adv-header-id-meta":"","stick-header-meta":"","header-above-stick-meta":"","header-main-stick-meta":"","header-below-stick-meta":""},"pwb-brand":[24],"product_cat":[159],"product_tag":[],"class_list":{"0":"post-31699","1":"product","2":"type-product","3":"status-publish","5":"pwb-brand-hella","6":"product_cat-takavalot","7":"desktop-align-left","8":"tablet-align-left","9":"mobile-align-left","11":"first","12":"instock","13":"product-type-external"},"brands":[{"id":24,"name":"HELLA","slug":"hella"}],"_links":{"self":[{"href":"https:\/\/www.autonvaraosahaku.fi\/index.php?rest_route=\/wp\/v2\/product\/31699","targetHints":{"allow":["GET"]}}],"collection":[{"href":"https:\/\/www.autonvaraosahaku.fi\/index.php?rest_route=\/wp\/v2\/product"}],"about":[{"href":"https:\/\/www.autonvaraosahaku.fi\/index.php?rest_route=\/wp\/v2\/types\/product"}],"wp:attachment":[{"href":"https:\/\/www.autonvaraosahaku.fi\/index.php?rest_route=%2Fwp%2Fv2%2Fmedia&parent=31699"}],"wp:term":[{"taxonomy":"pwb-brand","embeddable":true,"href":"https:\/\/www.autonvaraosahaku.fi\/index.php?rest_route=%2Fwp%2Fv2%2Fpwb-brand&post=31699"},{"taxonomy":"product_cat","embeddable":true,"href":"https:\/\/www.autonvaraosahaku.fi\/index.php?rest_route=%2Fwp%2Fv2%2Fproduct_cat&post=31699"},{"taxonomy":"product_tag","embeddable":true,"href":"https:\/\/www.autonvaraosahaku.fi\/index.php?rest_route=%2Fwp%2Fv2%2Fproduct_tag&post=31699"}],"curies":[{"name":"wp","href":"https:\/\/api.w.org\/{rel}","templated":true}]}}