{"id":31707,"date":"2021-02-21T16:11:01","date_gmt":"2021-02-21T16:11:01","guid":{"rendered":"https:\/\/www.autonvaraosahaku.fi\/?product=hella-6pt-009-107-541-jaahdytysnesteen-lampotila-anturi"},"modified":"2021-02-21T16:11:03","modified_gmt":"2021-02-21T16:11:03","slug":"hella-6pt-009-107-541-jaahdytysnesteen-lampotila-anturi","status":"publish","type":"product","link":"https:\/\/www.autonvaraosahaku.fi\/?product=hella-6pt-009-107-541-jaahdytysnesteen-lampotila-anturi","title":{"rendered":"HELLA 6PT 009 107-541 J\u00e4\u00e4hdytysnesteen l\u00e4mp\u00f6tila anturi"},"content":{"rendered":"<p>Asennusmalli: Liitos; Korvaava tuote\/korvaava tiedote 2: varmistusrenkaalla; Lis\u00e4tarvike\/lis\u00e4tieto: Tiivisteill\u00e4; Nimellisj\u00e4nnite (V): 12; Liittimi\u00e4: 4; V\u00e4ri vastaa alkuper\u00e4isosaa: Sininen, Vihre\u00e4; V\u00e4ri: Vihre\u00e4; Tunnistinmalli: NTC-anturi; Valmistusvuosi alkaen: 08\/1996; VW: GOLF IV 1J1,LUPO 6X1, 6E1,GOLF IV Variant 1J5,SHARAN 7M8, 7M9, 7M6,PASSAT Variant 3B5,TRANSPORTER V Bus 7HB, 7HJ, 7EB, 7EJ, 7EF,MULTIVAN V 7HM, 7HN, 7HF, 7EF, 7EM, 7EN,BORA 1J2,PASSAT 3B2,TRANSPORTER V Kasten 7HA, 7HH, 7EA, 7EH,NEW BEETLE 9C1, 1C1,BORA Kombi 1J6,POLO Variant 6KV5,POLO CLASSIC 6KV2,TRANSPORTER V Pritsche\/Fahrgestell 7JD, 7JE, 7JL, 7JY, 7JZ,,GOLF IV Van 1J1; AUDI: A3 8L1,A4 8D2, B5,A6 Avant 4B5, C5,A4 Avant 8D5, B5,A6 4B2, C5,CABRIOLET 8G7, B4,TT 8N3,A8 4D2, 4D8,TT Roadster 8N9,A6 Avant 4A, C4,A6 4A, C4; SKODA: OCTAVIA Combi 1U5,OCTAVIA 1U2; SEAT: AROSA 6H,ALHAMBRA 7V8, 7V9; 059919501, 078919501B, 059919501, 078919501B, 59919501, 059919501, 078919501B, 59919501, 059919501, 078919501B; J\u00e4\u00e4hdytysnestel\u00e4mp\u00f6tilan Sensori<\/p>\n","protected":false},"excerpt":{"rendered":"<p>HELLA J\u00e4\u00e4hdytysnesteen L\u00e4mp\u00f6tila Anturi 6PT 009 107-541 J\u00e4\u00e4hdytysnestel\u00e4mp\u00f6tilan Sensori VW,AUDI,SKODA,GOLF IV 1J1,LUPO 6X1, 6E1,GOLF IV Variant 1J5<\/p>\n","protected":false},"featured_media":0,"template":"","meta":{"site-sidebar-layout":"default","site-content-layout":"default","ast-global-header-display":"","ast-main-header-display":"","ast-hfb-above-header-display":"","ast-hfb-below-header-display":"","ast-hfb-mobile-header-display":"","site-post-title":"","ast-breadcrumbs-content":"","ast-featured-img":"","footer-sml-layout":"","theme-transparent-header-meta":"","adv-header-id-meta":"","stick-header-meta":"","header-above-stick-meta":"","header-main-stick-meta":"","header-below-stick-meta":""},"pwb-brand":[24],"product_cat":[200],"product_tag":[],"class_list":{"0":"post-31707","1":"product","2":"type-product","3":"status-publish","5":"pwb-brand-hella","6":"product_cat-jaahdytysnesteen-lampotila-anturi","7":"desktop-align-left","8":"tablet-align-left","9":"mobile-align-left","11":"first","12":"instock","13":"product-type-external"},"brands":[{"id":24,"name":"HELLA","slug":"hella"}],"_links":{"self":[{"href":"https:\/\/www.autonvaraosahaku.fi\/index.php?rest_route=\/wp\/v2\/product\/31707","targetHints":{"allow":["GET"]}}],"collection":[{"href":"https:\/\/www.autonvaraosahaku.fi\/index.php?rest_route=\/wp\/v2\/product"}],"about":[{"href":"https:\/\/www.autonvaraosahaku.fi\/index.php?rest_route=\/wp\/v2\/types\/product"}],"wp:attachment":[{"href":"https:\/\/www.autonvaraosahaku.fi\/index.php?rest_route=%2Fwp%2Fv2%2Fmedia&parent=31707"}],"wp:term":[{"taxonomy":"pwb-brand","embeddable":true,"href":"https:\/\/www.autonvaraosahaku.fi\/index.php?rest_route=%2Fwp%2Fv2%2Fpwb-brand&post=31707"},{"taxonomy":"product_cat","embeddable":true,"href":"https:\/\/www.autonvaraosahaku.fi\/index.php?rest_route=%2Fwp%2Fv2%2Fproduct_cat&post=31707"},{"taxonomy":"product_tag","embeddable":true,"href":"https:\/\/www.autonvaraosahaku.fi\/index.php?rest_route=%2Fwp%2Fv2%2Fproduct_tag&post=31707"}],"curies":[{"name":"wp","href":"https:\/\/api.w.org\/{rel}","templated":true}]}}