{"id":31730,"date":"2021-02-21T16:11:06","date_gmt":"2021-02-21T16:11:06","guid":{"rendered":"https:\/\/www.autonvaraosahaku.fi\/?product=japanparts-ru-116-muut-luokat"},"modified":"2021-02-21T16:11:08","modified_gmt":"2021-02-21T16:11:08","slug":"japanparts-ru-116-muut-luokat","status":"publish","type":"product","link":"https:\/\/www.autonvaraosahaku.fi\/?product=japanparts-ru-116-muut-luokat","title":{"rendered":"JAPANPARTS RU-116 Muut luokat"},"content":{"rendered":"<p>Pituus (mm): 37; Sis\u00e4l\u00e4pimitta [mm]: 18; Ulkol\u00e4pimitta [mm]: 40; Asennuspuoli: Jousensilm\u00e4ss\u00e4, Takana; NISSAN: TERRANO II R20,PATROL GR II Wagon Y61,PICK UP D22,PICK UP D21,PATROL GR I Y60, GR,TERRANO I WD21,PATROL Hardtop K160,PATROL Station Wagon W260,PATROL Hardtop K260,PATROL Station Wagon W160,PICK UP 720; 5504501W00, 5504501W10, 5504510W00, 55045G9600<\/p>\n","protected":false},"excerpt":{"rendered":"<p>JAPANPARTS Laakerin Holkki, Lehtijousi RU-116  NISSAN,TERRANO II R20,PATROL GR II Wagon Y61,PICK UP D22,PICK UP D21,PATROL GR I Y60, GR,TERRANO I WD21<\/p>\n","protected":false},"featured_media":0,"template":"","meta":{"site-sidebar-layout":"default","site-content-layout":"default","ast-global-header-display":"","ast-main-header-display":"","ast-hfb-above-header-display":"","ast-hfb-below-header-display":"","ast-hfb-mobile-header-display":"","site-post-title":"","ast-breadcrumbs-content":"","ast-featured-img":"","footer-sml-layout":"","theme-transparent-header-meta":"","adv-header-id-meta":"","stick-header-meta":"","header-above-stick-meta":"","header-main-stick-meta":"","header-below-stick-meta":""},"pwb-brand":[334],"product_cat":[37],"product_tag":[],"class_list":{"0":"post-31730","1":"product","2":"type-product","3":"status-publish","5":"pwb-brand-japanparts","6":"product_cat-muut-luokat","7":"desktop-align-left","8":"tablet-align-left","9":"mobile-align-left","11":"first","12":"instock","13":"product-type-external"},"brands":[{"id":334,"name":"JAPANPARTS","slug":"japanparts"}],"_links":{"self":[{"href":"https:\/\/www.autonvaraosahaku.fi\/index.php?rest_route=\/wp\/v2\/product\/31730","targetHints":{"allow":["GET"]}}],"collection":[{"href":"https:\/\/www.autonvaraosahaku.fi\/index.php?rest_route=\/wp\/v2\/product"}],"about":[{"href":"https:\/\/www.autonvaraosahaku.fi\/index.php?rest_route=\/wp\/v2\/types\/product"}],"wp:attachment":[{"href":"https:\/\/www.autonvaraosahaku.fi\/index.php?rest_route=%2Fwp%2Fv2%2Fmedia&parent=31730"}],"wp:term":[{"taxonomy":"pwb-brand","embeddable":true,"href":"https:\/\/www.autonvaraosahaku.fi\/index.php?rest_route=%2Fwp%2Fv2%2Fpwb-brand&post=31730"},{"taxonomy":"product_cat","embeddable":true,"href":"https:\/\/www.autonvaraosahaku.fi\/index.php?rest_route=%2Fwp%2Fv2%2Fproduct_cat&post=31730"},{"taxonomy":"product_tag","embeddable":true,"href":"https:\/\/www.autonvaraosahaku.fi\/index.php?rest_route=%2Fwp%2Fv2%2Fproduct_tag&post=31730"}],"curies":[{"name":"wp","href":"https:\/\/api.w.org\/{rel}","templated":true}]}}