{"id":31748,"date":"2021-02-21T16:11:11","date_gmt":"2021-02-21T16:11:11","guid":{"rendered":"https:\/\/www.autonvaraosahaku.fi\/?product=trw-jht114t-iskunvaimennin"},"modified":"2021-02-21T16:11:12","modified_gmt":"2021-02-21T16:11:12","slug":"trw-jht114t-iskunvaimennin","status":"publish","type":"product","link":"https:\/\/www.autonvaraosahaku.fi\/?product=trw-jht114t-iskunvaimennin","title":{"rendered":"TRW JHT114T Iskunvaimennin"},"content":{"rendered":"<p>Asennuspuoli: Etuakseli; Lukum\u00e4\u00e4r\u00e4 akselille: 1; Iskunvaimennin tyyppi: \u00d6ljypaine; Iskunvaimennin asennustapa: Tappi ylh\u00e4\u00e4ll\u00e4, Silmukka alhaalla; Huomioi tekniset tiedot: ; Tuotelinja: TWIN; Valmistusvuoteen: 12\/1986; RENAULT: 4 112_,5 122_,4 Kasten R21_, R23_,6 118_,5 Kasten 238_,RODEO 6,RODEO 4,RODEO 5; 6000056757, 6001000333, 6001000854, 7700515544, 7700527302, 7700527394, 7700532644, 7700532645, 7700535293, 7700535294, 7700535659, 7700536116, 7700536117, 7700536118, 7700541888, 7700542807, 7700551790, 7700551790A, 7700552944, 7700578658, 7700580921, 7700585323, 7700585325, 7700585326, 7700585327, 7700585328, 7700585329, 7700588324, 7700720910, 7700789724, 7701020099, 7701021576, 7701204143, 7701204149, 7701400222, 7701400223, 7701400501; Iskarit,Iskunvaimennin<\/p>\n","protected":false},"excerpt":{"rendered":"<p>TRW Iskunvaimentimet JHT114T Iskarit,Iskunvaimennin RENAULT,4 112_,5 122_,4 Kasten R21_, R23_,6 118_,5 Kasten 238_,RODEO 6,RODEO 4,RODEO 5<\/p>\n","protected":false},"featured_media":0,"template":"","meta":{"site-sidebar-layout":"default","site-content-layout":"default","ast-global-header-display":"","ast-main-header-display":"","ast-hfb-above-header-display":"","ast-hfb-below-header-display":"","ast-hfb-mobile-header-display":"","site-post-title":"","ast-breadcrumbs-content":"","ast-featured-img":"","footer-sml-layout":"","theme-transparent-header-meta":"","adv-header-id-meta":"","stick-header-meta":"","header-above-stick-meta":"","header-main-stick-meta":"","header-below-stick-meta":""},"pwb-brand":[332],"product_cat":[80],"product_tag":[],"class_list":{"0":"post-31748","1":"product","2":"type-product","3":"status-publish","5":"pwb-brand-trw","6":"product_cat-iskunvaimennin","7":"desktop-align-left","8":"tablet-align-left","9":"mobile-align-left","11":"first","12":"instock","13":"product-type-external"},"brands":[{"id":332,"name":"TRW","slug":"trw"}],"_links":{"self":[{"href":"https:\/\/www.autonvaraosahaku.fi\/index.php?rest_route=\/wp\/v2\/product\/31748","targetHints":{"allow":["GET"]}}],"collection":[{"href":"https:\/\/www.autonvaraosahaku.fi\/index.php?rest_route=\/wp\/v2\/product"}],"about":[{"href":"https:\/\/www.autonvaraosahaku.fi\/index.php?rest_route=\/wp\/v2\/types\/product"}],"wp:attachment":[{"href":"https:\/\/www.autonvaraosahaku.fi\/index.php?rest_route=%2Fwp%2Fv2%2Fmedia&parent=31748"}],"wp:term":[{"taxonomy":"pwb-brand","embeddable":true,"href":"https:\/\/www.autonvaraosahaku.fi\/index.php?rest_route=%2Fwp%2Fv2%2Fpwb-brand&post=31748"},{"taxonomy":"product_cat","embeddable":true,"href":"https:\/\/www.autonvaraosahaku.fi\/index.php?rest_route=%2Fwp%2Fv2%2Fproduct_cat&post=31748"},{"taxonomy":"product_tag","embeddable":true,"href":"https:\/\/www.autonvaraosahaku.fi\/index.php?rest_route=%2Fwp%2Fv2%2Fproduct_tag&post=31748"}],"curies":[{"name":"wp","href":"https:\/\/api.w.org\/{rel}","templated":true}]}}