{"id":31831,"date":"2021-02-21T16:11:30","date_gmt":"2021-02-21T16:11:30","guid":{"rendered":"https:\/\/www.autonvaraosahaku.fi\/?product=calorstat-by-vernet-rc0161-paisuntasailion-korkki"},"modified":"2021-02-21T16:11:32","modified_gmt":"2021-02-21T16:11:32","slug":"calorstat-by-vernet-rc0161-paisuntasailion-korkki","status":"publish","type":"product","link":"https:\/\/www.autonvaraosahaku.fi\/?product=calorstat-by-vernet-rc0161-paisuntasailion-korkki","title":{"rendered":"CALORSTAT by Vernet RC0161 Paisuntas\u00e4ili\u00f6n korkki"},"content":{"rendered":"<p>Valmistusvuoteen: 09\/2012; KIA: SORENTO I JC,PICANTO BA,SPORTAGE SL,VENGA YN,SORENTO II XM,CARENS II FJ,RIO III UB,RIO II JB,CEE&#8217;D JD,CARENS III UN,CEE`D Sportswagon JD,CARENS IV,SOUL AM,MAGENTIS MG,PRO CEE\u00b4D JD,RIO II Stufenheck JB,SOUL II PS,BORREGO,CERATO KOUP TD,CEE&#8217;D Combi Van JD; HYUNDAI: ix35 LM, EL, ELH,GETZ TB,i10 PA,i20 PB, PBT,i40 CW VF,SANTA F\u00c9 I SM,SANTA F\u00c9 II CM,i30 GD,ix20 JC,MATRIX FC,i30 CW GD,H-1 Travel TQ,ix55,i30 Coupe,VELOSTER FS,i40 VF,H-1 Cargo TQ,ACCENT III MC,ACCENT III Stufenheck MC,i10 IA,ELANTRA Stufenheck MD, UD,i20 GB,ACCENT IV Stufenheck RB,i30 PDE,PORTER Pritsche\/Fahrgestell,i30 Kombi PDE,i20 ACTIVE GB,i20 Coupe; 2544126100, 2544126100; Korkki, Paisuntas\u00e4ili\u00f6<\/p>\n","protected":false},"excerpt":{"rendered":"<p>CALORSTAT by Vernet Paisuntas\u00e4ili\u00f6n Korkki RC0161 Korkki, Paisuntas\u00e4ili\u00f6 KIA,HYUNDAI,SORENTO I JC,PICANTO BA,SPORTAGE SL,VENGA YN,SORENTO II XM<\/p>\n","protected":false},"featured_media":0,"template":"","meta":{"site-sidebar-layout":"default","site-content-layout":"default","ast-global-header-display":"","ast-main-header-display":"","ast-hfb-above-header-display":"","ast-hfb-below-header-display":"","ast-hfb-mobile-header-display":"","site-post-title":"","ast-breadcrumbs-content":"","ast-featured-img":"","footer-sml-layout":"","theme-transparent-header-meta":"","adv-header-id-meta":"","stick-header-meta":"","header-above-stick-meta":"","header-main-stick-meta":"","header-below-stick-meta":""},"pwb-brand":[343],"product_cat":[99],"product_tag":[],"class_list":{"0":"post-31831","1":"product","2":"type-product","3":"status-publish","5":"pwb-brand-calorstat-by-vernet","6":"product_cat-paisuntasailion-korkki","7":"desktop-align-left","8":"tablet-align-left","9":"mobile-align-left","11":"first","12":"instock","13":"product-type-external"},"brands":[{"id":343,"name":"CALORSTAT by Vernet","slug":"calorstat-by-vernet"}],"_links":{"self":[{"href":"https:\/\/www.autonvaraosahaku.fi\/index.php?rest_route=\/wp\/v2\/product\/31831","targetHints":{"allow":["GET"]}}],"collection":[{"href":"https:\/\/www.autonvaraosahaku.fi\/index.php?rest_route=\/wp\/v2\/product"}],"about":[{"href":"https:\/\/www.autonvaraosahaku.fi\/index.php?rest_route=\/wp\/v2\/types\/product"}],"wp:attachment":[{"href":"https:\/\/www.autonvaraosahaku.fi\/index.php?rest_route=%2Fwp%2Fv2%2Fmedia&parent=31831"}],"wp:term":[{"taxonomy":"pwb-brand","embeddable":true,"href":"https:\/\/www.autonvaraosahaku.fi\/index.php?rest_route=%2Fwp%2Fv2%2Fpwb-brand&post=31831"},{"taxonomy":"product_cat","embeddable":true,"href":"https:\/\/www.autonvaraosahaku.fi\/index.php?rest_route=%2Fwp%2Fv2%2Fproduct_cat&post=31831"},{"taxonomy":"product_tag","embeddable":true,"href":"https:\/\/www.autonvaraosahaku.fi\/index.php?rest_route=%2Fwp%2Fv2%2Fproduct_tag&post=31831"}],"curies":[{"name":"wp","href":"https:\/\/api.w.org\/{rel}","templated":true}]}}