{"id":31834,"date":"2021-02-21T16:11:30","date_gmt":"2021-02-21T16:11:30","guid":{"rendered":"https:\/\/www.autonvaraosahaku.fi\/?product=topran-115-169-muut-luokat"},"modified":"2021-02-21T16:11:33","modified_gmt":"2021-02-21T16:11:33","slug":"topran-115-169-muut-luokat","status":"publish","type":"product","link":"https:\/\/www.autonvaraosahaku.fi\/?product=topran-115-169-muut-luokat","title":{"rendered":"TOPRAN 115 169 Muut luokat"},"content":{"rendered":"<p>V\u00e4ri: Musta; V\u00e4rikoodi: REH; Ulko-\/sis\u00e4peili: s\u00e4hk\u00f6-peilins\u00e4\u00e4d\u00f6lle, elektrisch abklappbar; Asennuspuoli: Etu, vasen; VW: GOLF V 1K1,GOLF VI 5K1,PASSAT Variant 3C5,GOLF PLUS 5M1, 521,PASSAT 3C2,TIGUAN 5N_,PASSAT Variant 365,GOLF VI Variant AJ5,GOLF V Variant 1K5,EOS 1F7, 1F8,PASSAT CC 357,SHARAN 7N1, 7N2,JETTA III 1K2,PASSAT 362,CC 358; SEAT: ALHAMBRA 710, 711; 1K0959565A, 1K0959565AREH, 1K0959565C, 1K0959565CREH, 1K0959565D, 1K0959565DREH, 1K0959565E, 1K0959565EREH, 1K0959565G, 1K0959565GREH, 1K0959565J, 1K0959565JREH, 1K0959565A, 1K0959565AREH, 1K0959565C, 1K0959565CREH, 1K0959565D, 1K0959565DREH, 1K0959565E, 1K0959565EREH, 1K0959565G, 1K0959565GREH, 1K0959565J, 1K0959565JREH<\/p>\n","protected":false},"excerpt":{"rendered":"<p>TOPRAN Kytkin, Peilin S\u00e4\u00e4t\u00f6 115 169  VW,SEAT,GOLF V 1K1,GOLF VI 5K1,PASSAT Variant 3C5,GOLF PLUS 5M1, 521,PASSAT 3C2,TIGUAN 5N_,PASSAT Variant 365<\/p>\n","protected":false},"featured_media":0,"template":"","meta":{"site-sidebar-layout":"default","site-content-layout":"default","ast-global-header-display":"","ast-main-header-display":"","ast-hfb-above-header-display":"","ast-hfb-below-header-display":"","ast-hfb-mobile-header-display":"","site-post-title":"","ast-breadcrumbs-content":"","ast-featured-img":"","footer-sml-layout":"","theme-transparent-header-meta":"","adv-header-id-meta":"","stick-header-meta":"","header-above-stick-meta":"","header-main-stick-meta":"","header-below-stick-meta":""},"pwb-brand":[18],"product_cat":[37],"product_tag":[],"class_list":{"0":"post-31834","1":"product","2":"type-product","3":"status-publish","5":"pwb-brand-topran","6":"product_cat-muut-luokat","7":"desktop-align-left","8":"tablet-align-left","9":"mobile-align-left","11":"first","12":"instock","13":"product-type-external"},"brands":[{"id":18,"name":"TOPRAN","slug":"topran"}],"_links":{"self":[{"href":"https:\/\/www.autonvaraosahaku.fi\/index.php?rest_route=\/wp\/v2\/product\/31834","targetHints":{"allow":["GET"]}}],"collection":[{"href":"https:\/\/www.autonvaraosahaku.fi\/index.php?rest_route=\/wp\/v2\/product"}],"about":[{"href":"https:\/\/www.autonvaraosahaku.fi\/index.php?rest_route=\/wp\/v2\/types\/product"}],"wp:attachment":[{"href":"https:\/\/www.autonvaraosahaku.fi\/index.php?rest_route=%2Fwp%2Fv2%2Fmedia&parent=31834"}],"wp:term":[{"taxonomy":"pwb-brand","embeddable":true,"href":"https:\/\/www.autonvaraosahaku.fi\/index.php?rest_route=%2Fwp%2Fv2%2Fpwb-brand&post=31834"},{"taxonomy":"product_cat","embeddable":true,"href":"https:\/\/www.autonvaraosahaku.fi\/index.php?rest_route=%2Fwp%2Fv2%2Fproduct_cat&post=31834"},{"taxonomy":"product_tag","embeddable":true,"href":"https:\/\/www.autonvaraosahaku.fi\/index.php?rest_route=%2Fwp%2Fv2%2Fproduct_tag&post=31834"}],"curies":[{"name":"wp","href":"https:\/\/api.w.org\/{rel}","templated":true}]}}