{"id":31838,"date":"2021-02-21T16:11:30","date_gmt":"2021-02-21T16:11:30","guid":{"rendered":"https:\/\/www.autonvaraosahaku.fi\/?product=autofren-seinsa-d8055-vetonivelen-suojakumi"},"modified":"2021-02-21T16:11:33","modified_gmt":"2021-02-21T16:11:33","slug":"autofren-seinsa-d8055-vetonivelen-suojakumi","status":"publish","type":"product","link":"https:\/\/www.autonvaraosahaku.fi\/?product=autofren-seinsa-d8055-vetonivelen-suojakumi","title":{"rendered":"AUTOFREN SEINSA D8055 Vetonivelen suojakumi"},"content":{"rendered":"<p>Sis\u00e4l\u00e4pimitta 1 [mm]: 23; Sis\u00e4l\u00e4pimitta 2 [mm]: 67; Korkeus (mm): 99; Asennuspuoli: getriebeseitig; DAEWOO: ESPERO KLEJ; OPEL: ZAFIRA B A05,ASTRA H Caravan L35,ZAFIRA A F75_,ASTRA G CC F48_, F08_,ASTRA H L48,ASTRA G Caravan F35_,VECTRA C Caravan,ASTRA H GTC L08,SIGNUM,VECTRA C,VECTRA B 36_,ASTRA F CC 53_, 54_, 58_, 59_,VECTRA C GTS,VECTRA B Caravan 31_,ASTRA H TwinTop L67,ASTRA G Cabriolet F67,ASTRA F Caravan 51_, 52_,ASTRA G Coupe F07_,ASTRA G Stufenheck F69_,CALIBRA A 85_,VECTRA B CC 38_,VECTRA A 86_, 87_,ASTRA F Cabriolet 53_B,ASTRA F 56_, 57_,KADETT E CC 33_, 34_, 43_, 44_,SINTRA,ASTRA H Stufenheck L69,VECTRA A CC 88_, 89_,KADETT E Cabriolet 43B_,ASTRA H Kasten L70,ASCONA C 81_, 86_, 87_, 88_,KADETT D 31_-34_, 41_-44_,KADETT E 39_, 49_,ASCONA C CC 84_, 89_,ASTRA G Kasten F70,KADETT E Caravan 35_, 36_, 45_, 46_,ASTRA F Van 55_,KADETT D Caravan 35_, 36_, 45_, 46_,KADETT E Kasten 37_, 47_,KADETT E Combo 38_, 48_,ASTRA G CLASSIC Caravan F35,ASTRA CLASSIC Caravan,ASTRA G CLASSIC T98,ASTRA CLASSIC L48,ASTRA CLASSIC Stufenheck; SAAB: 900 II Cabriolet,900 II,900 II Coupe; FORD: FIESTA III GFJ,ESCORT IV GAF, AWF, ABFT,ESCORT V Cabriolet ALL,ESCORT V GAL,ORION II AFF,ESCORT IV Kombi AWF, AVF,ESCORT V Kombi GAL, AVL,ORION III GAL; VAUXHALL: CALIBRA,ASTRA Mk III F CC,ASTRA Mk II CC,ASTRA Mk III F Estate,CAVALIER Mk II CC; 90112609, 1603183, 374040, 90009020, 90112609, 90129014, 90421756, 1603183<\/p>\n","protected":false},"excerpt":{"rendered":"<p>AUTOFREN SEINSA Paljekumisarja, Vetoakseli D8055  DAEWOO,OPEL,SAAB,ESPERO KLEJ,ZAFIRA B A05,ASTRA H Caravan L35,ZAFIRA A F75_,ASTRA G CC F48_, F08_<\/p>\n","protected":false},"featured_media":0,"template":"","meta":{"site-sidebar-layout":"default","site-content-layout":"default","ast-global-header-display":"","ast-main-header-display":"","ast-hfb-above-header-display":"","ast-hfb-below-header-display":"","ast-hfb-mobile-header-display":"","site-post-title":"","ast-breadcrumbs-content":"","ast-featured-img":"","footer-sml-layout":"","theme-transparent-header-meta":"","adv-header-id-meta":"","stick-header-meta":"","header-above-stick-meta":"","header-main-stick-meta":"","header-below-stick-meta":""},"pwb-brand":[243],"product_cat":[42],"product_tag":[],"class_list":{"0":"post-31838","1":"product","2":"type-product","3":"status-publish","5":"pwb-brand-autofren-seinsa","6":"product_cat-vetonivelen-suojakumi","7":"desktop-align-left","8":"tablet-align-left","9":"mobile-align-left","11":"first","12":"instock","13":"product-type-external"},"brands":[{"id":243,"name":"AUTOFREN SEINSA","slug":"autofren-seinsa"}],"_links":{"self":[{"href":"https:\/\/www.autonvaraosahaku.fi\/index.php?rest_route=\/wp\/v2\/product\/31838","targetHints":{"allow":["GET"]}}],"collection":[{"href":"https:\/\/www.autonvaraosahaku.fi\/index.php?rest_route=\/wp\/v2\/product"}],"about":[{"href":"https:\/\/www.autonvaraosahaku.fi\/index.php?rest_route=\/wp\/v2\/types\/product"}],"wp:attachment":[{"href":"https:\/\/www.autonvaraosahaku.fi\/index.php?rest_route=%2Fwp%2Fv2%2Fmedia&parent=31838"}],"wp:term":[{"taxonomy":"pwb-brand","embeddable":true,"href":"https:\/\/www.autonvaraosahaku.fi\/index.php?rest_route=%2Fwp%2Fv2%2Fpwb-brand&post=31838"},{"taxonomy":"product_cat","embeddable":true,"href":"https:\/\/www.autonvaraosahaku.fi\/index.php?rest_route=%2Fwp%2Fv2%2Fproduct_cat&post=31838"},{"taxonomy":"product_tag","embeddable":true,"href":"https:\/\/www.autonvaraosahaku.fi\/index.php?rest_route=%2Fwp%2Fv2%2Fproduct_tag&post=31838"}],"curies":[{"name":"wp","href":"https:\/\/api.w.org\/{rel}","templated":true}]}}