{"id":31862,"date":"2021-02-21T16:11:39","date_gmt":"2021-02-21T16:11:39","guid":{"rendered":"https:\/\/www.autonvaraosahaku.fi\/?product=skf-vkjc-1011-vetoakseli"},"modified":"2021-02-21T16:11:40","modified_gmt":"2021-02-21T16:11:40","slug":"skf-vkjc-1011-vetoakseli","status":"publish","type":"product","link":"https:\/\/www.autonvaraosahaku.fi\/?product=skf-vkjc-1011-vetoakseli","title":{"rendered":"SKF VKJC 1011 Vetoakseli"},"content":{"rendered":"<p>Pituus (mm): 535; Reik\u00e4-\u00d8 [mm]: 8,3; Kierremitta: M20x1,5; Ulkohammastus, py\u00f6r\u00e4npuoli: 22; Tiivisteen l\u00e4pimitta [mm]: 53; Reikien m\u00e4\u00e4r\u00e4: 6; Reik\u00e4ympyr\u00e4-\u00d8 [mm]: 86; Uusi osa: ; Nivelen l\u00e4pimitta py\u00f6r\u00e4puoli [mm]: 90; Nivelen l\u00e4pimitta vaihteistopuoli [mm]: 100; Moottorinumero: 1H; VW: GOLF II 19E, 1G1,GOLF I Cabriolet 155,CORRADO 53I,POLO Variant 6KV5,POLO CLASSIC 6KV2,SCIROCCO 53B,JETTA II 19E, 1G2, 165; SEAT: IBIZA II 6K1,CORDOBA 6K1, 6K2,CORDOBA Vario 6K1,TOLEDO I 1L; 191407271FX, 191407271H, 191407271HX, 191407271K, 191407271S, 191407271SV, 191407271T, 191407271TV, 191407271TX, 191407451X, 191407271FX, 191407271H, 191407271HX, 191407271K, 191407271S, 191407271SV, 191407271T, 191407271TV, 191407271TX, 191407451X, 191407271FX, 191407271H, 191407271HX, 191407271K, 191407271S, 191407271SV, 191407271T, 191407271TV, 191407271TX, 191407451X, 191407271AC, 191407271FX, 191407271H, 191407271HX, 191407271K, 191407271LX, 191407271S, 191407271SV, 191407271T, 191407271TV, 191407271TX, 191407451X<\/p>\n","protected":false},"excerpt":{"rendered":"<p>SKF Vetoakseli VKJC 1011  VW,SEAT,GOLF II 19E, 1G1,GOLF I Cabriolet 155,CORRADO 53I,POLO Variant 6KV5,POLO CLASSIC 6KV2,SCIROCCO 53B<\/p>\n","protected":false},"featured_media":0,"template":"","meta":{"site-sidebar-layout":"default","site-content-layout":"default","ast-global-header-display":"","ast-main-header-display":"","ast-hfb-above-header-display":"","ast-hfb-below-header-display":"","ast-hfb-mobile-header-display":"","site-post-title":"","ast-breadcrumbs-content":"","ast-featured-img":"","footer-sml-layout":"","theme-transparent-header-meta":"","adv-header-id-meta":"","stick-header-meta":"","header-above-stick-meta":"","header-main-stick-meta":"","header-below-stick-meta":""},"pwb-brand":[237],"product_cat":[215],"product_tag":[],"class_list":{"0":"post-31862","1":"product","2":"type-product","3":"status-publish","5":"pwb-brand-skf","6":"product_cat-vetoakseli","7":"desktop-align-left","8":"tablet-align-left","9":"mobile-align-left","11":"first","12":"instock","13":"product-type-external"},"brands":[{"id":237,"name":"SKF","slug":"skf"}],"_links":{"self":[{"href":"https:\/\/www.autonvaraosahaku.fi\/index.php?rest_route=\/wp\/v2\/product\/31862","targetHints":{"allow":["GET"]}}],"collection":[{"href":"https:\/\/www.autonvaraosahaku.fi\/index.php?rest_route=\/wp\/v2\/product"}],"about":[{"href":"https:\/\/www.autonvaraosahaku.fi\/index.php?rest_route=\/wp\/v2\/types\/product"}],"wp:attachment":[{"href":"https:\/\/www.autonvaraosahaku.fi\/index.php?rest_route=%2Fwp%2Fv2%2Fmedia&parent=31862"}],"wp:term":[{"taxonomy":"pwb-brand","embeddable":true,"href":"https:\/\/www.autonvaraosahaku.fi\/index.php?rest_route=%2Fwp%2Fv2%2Fpwb-brand&post=31862"},{"taxonomy":"product_cat","embeddable":true,"href":"https:\/\/www.autonvaraosahaku.fi\/index.php?rest_route=%2Fwp%2Fv2%2Fproduct_cat&post=31862"},{"taxonomy":"product_tag","embeddable":true,"href":"https:\/\/www.autonvaraosahaku.fi\/index.php?rest_route=%2Fwp%2Fv2%2Fproduct_tag&post=31862"}],"curies":[{"name":"wp","href":"https:\/\/api.w.org\/{rel}","templated":true}]}}