{"id":31889,"date":"2021-02-21T16:11:44","date_gmt":"2021-02-21T16:11:44","guid":{"rendered":"https:\/\/www.autonvaraosahaku.fi\/?product=vaico-v30-7338-alatukivarsi"},"modified":"2021-02-21T16:11:45","modified_gmt":"2021-02-21T16:11:45","slug":"vaico-v30-7338-alatukivarsi","status":"publish","type":"product","link":"https:\/\/www.autonvaraosahaku.fi\/?product=vaico-v30-7338-alatukivarsi","title":{"rendered":"VAICO V30-7338 Alatukivarsi"},"content":{"rendered":"<p>Ohjausmalli: Poikittaistukivarsi; Asennuspuoli: Alla, Etuakseli, oikea; Korvaava tuote\/korvaava tiedote 2: Kumilaakerilla; Materiaali: Ter\u00e4svalu; Akselimittaus asennuksen j\u00e4lkeen: ; parilliset tuotenumerot: V30-7337; Suositellun erikoisty\u00f6kalun tuotenumero: V99-1020; Paino [kg]: 3,114; Pakkausleveys [cm]: 14; Pakkauskorkeus [mm]: 10,5; Pakkaussyvyys [cm]: 50; lis\u00e4tieto: CST99; MERCEDES-BENZ: E-CLASS W211,E-CLASS T-Model S211,CLS C219,SL R230; 2113308207, 2113309207, A2113308207, A2113309207; Tukivarsi,Tukivarsi, Py\u00f6r\u00e4ntuenta<\/p>\n","protected":false},"excerpt":{"rendered":"<p>VAICO Alatukivarsi V30-7338 Tukivarsi,Tukivarsi, Py\u00f6r\u00e4ntuenta MERCEDES-BENZ,E-CLASS W211,E-CLASS T-Model S211,CLS C219,SL R230<\/p>\n","protected":false},"featured_media":0,"template":"","meta":{"site-sidebar-layout":"default","site-content-layout":"default","ast-global-header-display":"","ast-main-header-display":"","ast-hfb-above-header-display":"","ast-hfb-below-header-display":"","ast-hfb-mobile-header-display":"","site-post-title":"","ast-breadcrumbs-content":"","ast-featured-img":"","footer-sml-layout":"","theme-transparent-header-meta":"","adv-header-id-meta":"","stick-header-meta":"","header-above-stick-meta":"","header-main-stick-meta":"","header-below-stick-meta":""},"pwb-brand":[330],"product_cat":[62],"product_tag":[],"class_list":{"0":"post-31889","1":"product","2":"type-product","3":"status-publish","5":"pwb-brand-vaico","6":"product_cat-alatukivarsi","7":"desktop-align-left","8":"tablet-align-left","9":"mobile-align-left","11":"first","12":"instock","13":"product-type-external"},"brands":[{"id":330,"name":"VAICO","slug":"vaico"}],"_links":{"self":[{"href":"https:\/\/www.autonvaraosahaku.fi\/index.php?rest_route=\/wp\/v2\/product\/31889","targetHints":{"allow":["GET"]}}],"collection":[{"href":"https:\/\/www.autonvaraosahaku.fi\/index.php?rest_route=\/wp\/v2\/product"}],"about":[{"href":"https:\/\/www.autonvaraosahaku.fi\/index.php?rest_route=\/wp\/v2\/types\/product"}],"wp:attachment":[{"href":"https:\/\/www.autonvaraosahaku.fi\/index.php?rest_route=%2Fwp%2Fv2%2Fmedia&parent=31889"}],"wp:term":[{"taxonomy":"pwb-brand","embeddable":true,"href":"https:\/\/www.autonvaraosahaku.fi\/index.php?rest_route=%2Fwp%2Fv2%2Fpwb-brand&post=31889"},{"taxonomy":"product_cat","embeddable":true,"href":"https:\/\/www.autonvaraosahaku.fi\/index.php?rest_route=%2Fwp%2Fv2%2Fproduct_cat&post=31889"},{"taxonomy":"product_tag","embeddable":true,"href":"https:\/\/www.autonvaraosahaku.fi\/index.php?rest_route=%2Fwp%2Fv2%2Fproduct_tag&post=31889"}],"curies":[{"name":"wp","href":"https:\/\/api.w.org\/{rel}","templated":true}]}}