{"id":31912,"date":"2021-02-21T16:11:48","date_gmt":"2021-02-21T16:11:48","guid":{"rendered":"https:\/\/www.autonvaraosahaku.fi\/?product=febi-bilstein-27996-iskunvaimentimen-tukilaakeri"},"modified":"2021-02-21T16:11:51","modified_gmt":"2021-02-21T16:11:51","slug":"febi-bilstein-27996-iskunvaimentimen-tukilaakeri","status":"publish","type":"product","link":"https:\/\/www.autonvaraosahaku.fi\/?product=febi-bilstein-27996-iskunvaimentimen-tukilaakeri","title":{"rendered":"FEBI BILSTEIN 27996 Iskunvaimentimen tukilaakeri"},"content":{"rendered":"<p>Paksuus [mm]: 33,0; Sis\u00e4l\u00e4pimitta [mm]: 75,0; Ulkol\u00e4pimitta [mm]: 109,5; Materiaali: Muovi; Laakerityyppi: S\u00e4teitt\u00e4iskuulalaakeri; Asennuspuoli: etuakseli molemminpuoleinen; Paino [kg]: 0,160, 0,160; TECDOC-moottorinumero: 23361; SAAB: 9-3 YS3F,9-3 Kombi YS3F,9-3 Cabriolet YS3F,9-3X; OPEL: ZAFIRA B A05,ASTRA H Caravan L35,ASTRA H L48,VECTRA C Caravan,ASTRA H GTC L08,SIGNUM,VECTRA C,VECTRA C GTS,ASTRA H TwinTop L67,ZAFIRA B Van,ASTRA H Stufenheck L69,ASTRA H Kasten L70,ASTRA G CLASSIC Caravan F35,ASTRA CLASSIC Caravan,ASTRA G CLASSIC T98,ASTRA CLASSIC L48,ASTRA CLASSIC Stufenheck; FIAT: CROMA 194; VAUXHALL: ZAFIRA Mk II B M75,ASTRA Mk V H CC,VECTRA Mk II C CC,ASTRA Mk V H Estate,VECTRA Mk II C Estate,ASTRA Mk V H Convertible,VECTRA Mk II C,SIGNUM,ASTRAVAN Mk IV G,ASTRAVAN Mk V H,ASTRA Mk IV G Convertible; 13270705, 51755689, 00344503, 00344625, 00344665, 0344503, 0344625, 0344665, 344503, 344625, 344665, 13270705, 9191181, 93191295, 13270705, 013270705, 09191181, 093191295, 13270705, 9191181, 93191295<\/p>\n","protected":false},"excerpt":{"rendered":"<p>FEBI BILSTEIN Rullalaakeri, Jousijalkalaakeri 27996  SAAB,OPEL,FIAT,9-3 YS3F,9-3 Kombi YS3F,9-3 Cabriolet YS3F,9-3X,ZAFIRA B A05,ASTRA H Caravan L35<\/p>\n","protected":false},"featured_media":0,"template":"","meta":{"site-sidebar-layout":"default","site-content-layout":"default","ast-global-header-display":"","ast-main-header-display":"","ast-hfb-above-header-display":"","ast-hfb-below-header-display":"","ast-hfb-mobile-header-display":"","site-post-title":"","ast-breadcrumbs-content":"","ast-featured-img":"","footer-sml-layout":"","theme-transparent-header-meta":"","adv-header-id-meta":"","stick-header-meta":"","header-above-stick-meta":"","header-main-stick-meta":"","header-below-stick-meta":""},"pwb-brand":[50],"product_cat":[106],"product_tag":[],"class_list":{"0":"post-31912","1":"product","2":"type-product","3":"status-publish","5":"pwb-brand-febi-bilstein","6":"product_cat-iskunvaimentimen-tukilaakeri","7":"desktop-align-left","8":"tablet-align-left","9":"mobile-align-left","11":"first","12":"instock","13":"product-type-external"},"brands":[{"id":50,"name":"FEBI BILSTEIN","slug":"febi-bilstein"}],"_links":{"self":[{"href":"https:\/\/www.autonvaraosahaku.fi\/index.php?rest_route=\/wp\/v2\/product\/31912","targetHints":{"allow":["GET"]}}],"collection":[{"href":"https:\/\/www.autonvaraosahaku.fi\/index.php?rest_route=\/wp\/v2\/product"}],"about":[{"href":"https:\/\/www.autonvaraosahaku.fi\/index.php?rest_route=\/wp\/v2\/types\/product"}],"wp:attachment":[{"href":"https:\/\/www.autonvaraosahaku.fi\/index.php?rest_route=%2Fwp%2Fv2%2Fmedia&parent=31912"}],"wp:term":[{"taxonomy":"pwb-brand","embeddable":true,"href":"https:\/\/www.autonvaraosahaku.fi\/index.php?rest_route=%2Fwp%2Fv2%2Fpwb-brand&post=31912"},{"taxonomy":"product_cat","embeddable":true,"href":"https:\/\/www.autonvaraosahaku.fi\/index.php?rest_route=%2Fwp%2Fv2%2Fproduct_cat&post=31912"},{"taxonomy":"product_tag","embeddable":true,"href":"https:\/\/www.autonvaraosahaku.fi\/index.php?rest_route=%2Fwp%2Fv2%2Fproduct_tag&post=31912"}],"curies":[{"name":"wp","href":"https:\/\/api.w.org\/{rel}","templated":true}]}}