{"id":31958,"date":"2021-02-21T16:11:58","date_gmt":"2021-02-21T16:11:58","guid":{"rendered":"https:\/\/www.autonvaraosahaku.fi\/?product=swf-116121-pyyhkijansulat"},"modified":"2021-02-21T16:12:01","modified_gmt":"2021-02-21T16:12:01","slug":"swf-116121-pyyhkijansulat","status":"publish","type":"product","link":"https:\/\/www.autonvaraosahaku.fi\/?product=swf-116121-pyyhkijansulat","title":{"rendered":"SWF 116121 Pyyhkij\u00e4nsulat"},"content":{"rendered":"<p>M\u00e4\u00e4r\u00e4: 1; Pituus (mm): 400; Pituus (tuumaa): 16; Sopiva adapteri: U; Kulumisenilmaisimen liitos: kulumisvaroitinkoskettimella; Paino [kg]: 0,1; Tuotelinja: Original; Pyyhkij\u00e4nsulkatyyppi: Tavallinen; Valmistusvuoteen: 12\/1992; VW: TRANSPORTER IV Bus 70XB, 70XC, 7DB, 7DW,SHARAN 7M8, 7M9, 7M6,GOLF II 19E, 1G1,PASSAT Variant 3A5, 35I,GOLF I Cabriolet 155,TRANSPORTER IV Kasten 70XA,TRANSPORTER III Bus,POLO 86C, 80,POLO Coupe 86C, 80,PASSAT 3A2, 35I,TRANSPORTER IV Pritsche\/Fahrgestell 70XD,POLO CLASSIC 6KV2,SCIROCCO 53B,GOLF I 17,CADDY I 14,JETTA II 19E, 1G2, 165,TRANSPORTER III Kasten,POLO CLASSIC 86C, 80,TRANSPORTER II Bus,TRANSPORTER III Pritsche\/Fahrgestell,PASSAT 32B,POLO 86,SCIROCCO 53,JETTA I 16,DERBY 86C, 80,POLO Kasten 86CF,PASSAT 32,DERBY 86,TRANSPORTER II Kasten,PASSAT Variant 33,TRANSPORTER II Pritsche\/Fahrgestell,CADDY IV Kasten SAA, SAH; AUDI: 80 Avant 8C, B4,80 80, 82, B1,50 86,SUPER 90; MAZDA: 5 CR19,2 DY,6 Kombi GH,2 DE,323 F VI BJ,PREMACY CP,5 CW,DEMIO DW,6 Schr\u00e4gheck GH,6 GH,MPV II LW,323 III Hatchback BF,121 II DB,FAMILIA IV BG,E-SERIE Kasten SR2,626 III Station Wagon GV,323 III BF,MPV I LV,323 III Station Wagon BW,323 II Hatchback BD,323 II BD,929 I LA,E-SERIE Kasten,929 II Kombi HV; NISSAN: ALMERA II Hatchback N16,X-TRAIL T31,PRIMERA Traveller WP11,ALMERA Mk II N16,PICK UP D21,PRAIRIE PRO M11,URVAN Kasten E23,SUNNY I B11,VANETTE Bus KC120,URVAN Bus E23,SUNNY I Traveller B11; DAEWOO: KALOS KLAS,MATIZ KLYA,KALOS Stufenheck KLAS,TICO KLY3; LADA: NOVA 2105,TOSCANA 2107,NOVA Kombi 2104; SKODA: FELICIA I 6U1,FELICIA II 6U1,FELICIA I Kombi 6U5,105,120 742,FELICIA II Kombi 6U5,FAVORIT 781,105,120 744,FAVORIT Forman 785,130,RAPID 120G, 130G, 135G; SUZUKI: JIMNY FJ,SPLASH,SWIFT II Schr\u00e4gheck EA, MA,ALTO HA24,ALTO HA12, HA23,ALTO HA11,SWIFT Cabriolet SF413,SWIFT II Stufenheck AH, AJ,CARRY Kasten FD,SUPER CARRY Bus ED; SEAT: ALHAMBRA 7V8, 7V9,MARBELLA 28,TERRA Kasten 024A,MARBELLA Kasten 028A,MALAGA 023A,TERRA 24,131,RONDA 022A,PANDA 141A,FURA 025A; CHEVROLET: CAPTIVA C100, C140,KALOS,AVEO Schr\u00e4gheck T250, T255,AVEO Stufenheck T250, T255,KALOS Stufenheck; 5901370, 5901375, 161955427, 191955427B, 05018407AA, 5018407AA, 6426AR, 6426CP, 9406426509, 98350C7900, 983601S000, 98360B1000, 98360C7900, 98360B1000, 2108200245, MZ690105, MZ690106A, 6426GG, 6426GX, 6426HG, 6426HP, 6426KW, 7711172775, 7711172779, 161955427, 8521242130, 274386, 161955427, 191955427, 191955427A, 191955427B; Tuulilasinpyyhkimet,Pyyhkij\u00e4t,Pyyhkij\u00e4nsulka<\/p>\n","protected":false},"excerpt":{"rendered":"<p>SWF Pyyhkij\u00e4nsulat 116121 Tuulilasinpyyhkimet,Pyyhkij\u00e4t VW,AUDI,MAZDA,TRANSPORTER IV Bus 70XB, 70XC, 7DB, 7DW,SHARAN 7M8, 7M9, 7M6,GOLF II 19E, 1G1<\/p>\n","protected":false},"featured_media":0,"template":"","meta":{"site-sidebar-layout":"default","site-content-layout":"default","ast-global-header-display":"","ast-main-header-display":"","ast-hfb-above-header-display":"","ast-hfb-below-header-display":"","ast-hfb-mobile-header-display":"","site-post-title":"","ast-breadcrumbs-content":"","ast-featured-img":"","footer-sml-layout":"","theme-transparent-header-meta":"","adv-header-id-meta":"","stick-header-meta":"","header-above-stick-meta":"","header-main-stick-meta":"","header-below-stick-meta":""},"pwb-brand":[204],"product_cat":[33],"product_tag":[],"class_list":{"0":"post-31958","1":"product","2":"type-product","3":"status-publish","5":"pwb-brand-swf","6":"product_cat-pyyhkijansulat","7":"desktop-align-left","8":"tablet-align-left","9":"mobile-align-left","11":"first","12":"instock","13":"product-type-external"},"brands":[{"id":204,"name":"SWF","slug":"swf"}],"_links":{"self":[{"href":"https:\/\/www.autonvaraosahaku.fi\/index.php?rest_route=\/wp\/v2\/product\/31958","targetHints":{"allow":["GET"]}}],"collection":[{"href":"https:\/\/www.autonvaraosahaku.fi\/index.php?rest_route=\/wp\/v2\/product"}],"about":[{"href":"https:\/\/www.autonvaraosahaku.fi\/index.php?rest_route=\/wp\/v2\/types\/product"}],"wp:attachment":[{"href":"https:\/\/www.autonvaraosahaku.fi\/index.php?rest_route=%2Fwp%2Fv2%2Fmedia&parent=31958"}],"wp:term":[{"taxonomy":"pwb-brand","embeddable":true,"href":"https:\/\/www.autonvaraosahaku.fi\/index.php?rest_route=%2Fwp%2Fv2%2Fpwb-brand&post=31958"},{"taxonomy":"product_cat","embeddable":true,"href":"https:\/\/www.autonvaraosahaku.fi\/index.php?rest_route=%2Fwp%2Fv2%2Fproduct_cat&post=31958"},{"taxonomy":"product_tag","embeddable":true,"href":"https:\/\/www.autonvaraosahaku.fi\/index.php?rest_route=%2Fwp%2Fv2%2Fproduct_tag&post=31958"}],"curies":[{"name":"wp","href":"https:\/\/api.w.org\/{rel}","templated":true}]}}