{"id":31969,"date":"2021-02-21T16:12:02","date_gmt":"2021-02-21T16:12:02","guid":{"rendered":"https:\/\/www.autonvaraosahaku.fi\/?product=ridex-3405b0042-jarrulevyt"},"modified":"2021-02-21T16:12:04","modified_gmt":"2021-02-21T16:12:04","slug":"ridex-3405b0042-jarrulevyt","status":"publish","type":"product","link":"https:\/\/www.autonvaraosahaku.fi\/?product=ridex-3405b0042-jarrulevyt","title":{"rendered":"RIDEX 3405B0042 Jarrulevyt"},"content":{"rendered":"<p>Jarrulevytyyppi: Vakiomalli; Jarruj\u00e4rjestelm\u00e4: BENDIX; Asennuspuoli: Etuakseli; Leveys (mm): 115; Korkeus (mm): 56; Jarrulevyn paksuus (mm): 17; Kulumisenilmaisimen liitos: Sis. kulumisenilmaisimen; Varoittimen pituus [mm]: 480; M\u00e4\u00e4r\u00e4yksikk\u00f6: Sarja; moniosainen: moniosainen; Jarru-\/ajodynamiikka: f\u00fcr Fahrzeuge ohne ABS; LANCIA: Y 840A; FORD: KA RU8; FIAT: PUNTO 188,PANDA 169,500 312,SEICENTO 187,500 C 312,PUNTO 176,PANDA Van 169,CINQUECENTO 170,PUNTO Van 188AX,PUNTO Cabriolet 176C,SEICENTO Van 187,PUNTO Van 176L,PALIO 178BX<\/p>\n","protected":false},"excerpt":{"rendered":"<p>RIDEX Jarrupalasarja Levyjarru 3405B0042  LANCIA,FORD,FIAT,Y 840A,KA RU8,PUNTO 188,PANDA 169,500 312,SEICENTO 187,500 C 312,PUNTO 176,PANDA Van 169<\/p>\n","protected":false},"featured_media":0,"template":"","meta":{"site-sidebar-layout":"default","site-content-layout":"default","ast-global-header-display":"","ast-main-header-display":"","ast-hfb-above-header-display":"","ast-hfb-below-header-display":"","ast-hfb-mobile-header-display":"","site-post-title":"","ast-breadcrumbs-content":"","ast-featured-img":"","footer-sml-layout":"","theme-transparent-header-meta":"","adv-header-id-meta":"","stick-header-meta":"","header-above-stick-meta":"","header-main-stick-meta":"","header-below-stick-meta":""},"pwb-brand":[157],"product_cat":[66],"product_tag":[],"class_list":{"0":"post-31969","1":"product","2":"type-product","3":"status-publish","5":"pwb-brand-ridex","6":"product_cat-jarrulevyt","7":"desktop-align-left","8":"tablet-align-left","9":"mobile-align-left","11":"first","12":"instock","13":"product-type-external"},"brands":[{"id":157,"name":"RIDEX","slug":"ridex"}],"_links":{"self":[{"href":"https:\/\/www.autonvaraosahaku.fi\/index.php?rest_route=\/wp\/v2\/product\/31969","targetHints":{"allow":["GET"]}}],"collection":[{"href":"https:\/\/www.autonvaraosahaku.fi\/index.php?rest_route=\/wp\/v2\/product"}],"about":[{"href":"https:\/\/www.autonvaraosahaku.fi\/index.php?rest_route=\/wp\/v2\/types\/product"}],"wp:attachment":[{"href":"https:\/\/www.autonvaraosahaku.fi\/index.php?rest_route=%2Fwp%2Fv2%2Fmedia&parent=31969"}],"wp:term":[{"taxonomy":"pwb-brand","embeddable":true,"href":"https:\/\/www.autonvaraosahaku.fi\/index.php?rest_route=%2Fwp%2Fv2%2Fpwb-brand&post=31969"},{"taxonomy":"product_cat","embeddable":true,"href":"https:\/\/www.autonvaraosahaku.fi\/index.php?rest_route=%2Fwp%2Fv2%2Fproduct_cat&post=31969"},{"taxonomy":"product_tag","embeddable":true,"href":"https:\/\/www.autonvaraosahaku.fi\/index.php?rest_route=%2Fwp%2Fv2%2Fproduct_tag&post=31969"}],"curies":[{"name":"wp","href":"https:\/\/api.w.org\/{rel}","templated":true}]}}