{"id":32004,"date":"2021-02-21T16:12:11","date_gmt":"2021-02-21T16:12:11","guid":{"rendered":"https:\/\/www.autonvaraosahaku.fi\/?product=frenkit-248947-jarrusatula-korjaussarja"},"modified":"2021-02-21T16:12:12","modified_gmt":"2021-02-21T16:12:12","slug":"frenkit-248947-jarrusatula-korjaussarja","status":"publish","type":"product","link":"https:\/\/www.autonvaraosahaku.fi\/?product=frenkit-248947-jarrusatula-korjaussarja","title":{"rendered":"FRENKIT 248947 Jarrusatula korjaussarja"},"content":{"rendered":"<p>L\u00e4pimitta [mm]: 48; Asennuspuoli: Etuakseli; Jarruj\u00e4rjestelm\u00e4: Ate; T\u00e4yssarja: ; Versio: Kit+Piston; AUDI: COUPE 89, 8B,100 C1,100 Coupe C1,SUPER 90; OPEL: KADETT C,OPEL,REKORD E 17_-19_, 11_, 14_, 16_,REKORD D,KADETT C City,REKORD E Caravan 61_, 66_, 67_,REKORD D Coupe,REKORD D Caravan; BMW: 3 E30,02 E10,3 E21,02 Touring E6,02 Cabriolet E10; ALFA ROMEO: SPIDER 115,75 162B,SPIDER 105,GIULIA,GT,GTV 116,ALFETTA GT 116,1750-2000,ALFETTA 116,GIULIETTA 116,GIULIA GT,90 162,GIULIA SPIDER 101; PORSCHE: 911 996,911,911 Cabriolet 996,911 964,911 993,911 Targa,911 Cabriolet,911 Cabriolet 964,911 Cabriolet 993,911 Targa 993; TALBOT: SIMCA 1000,HORIZON,SIMCA 1100 Schr\u00e4gheck,RANCHO; Korjaussarja, Jarrusatula<\/p>\n","protected":false},"excerpt":{"rendered":"<p>FRENKIT Jarrusatula Korjaussarja 248947 Korjaussarja, Jarrusatula AUDI,OPEL,BMW,COUPE 89, 8B,100 C1,100 Coupe C1,SUPER 90,KADETT C,OPEL<\/p>\n","protected":false},"featured_media":0,"template":"","meta":{"site-sidebar-layout":"default","site-content-layout":"default","ast-global-header-display":"","ast-main-header-display":"","ast-hfb-above-header-display":"","ast-hfb-below-header-display":"","ast-hfb-mobile-header-display":"","site-post-title":"","ast-breadcrumbs-content":"","ast-featured-img":"","footer-sml-layout":"","theme-transparent-header-meta":"","adv-header-id-meta":"","stick-header-meta":"","header-above-stick-meta":"","header-main-stick-meta":"","header-below-stick-meta":""},"pwb-brand":[474],"product_cat":[57],"product_tag":[],"class_list":{"0":"post-32004","1":"product","2":"type-product","3":"status-publish","5":"pwb-brand-frenkit","6":"product_cat-jarrusatula-korjaussarja","7":"desktop-align-left","8":"tablet-align-left","9":"mobile-align-left","11":"first","12":"instock","13":"product-type-external"},"brands":[{"id":474,"name":"FRENKIT","slug":"frenkit"}],"_links":{"self":[{"href":"https:\/\/www.autonvaraosahaku.fi\/index.php?rest_route=\/wp\/v2\/product\/32004","targetHints":{"allow":["GET"]}}],"collection":[{"href":"https:\/\/www.autonvaraosahaku.fi\/index.php?rest_route=\/wp\/v2\/product"}],"about":[{"href":"https:\/\/www.autonvaraosahaku.fi\/index.php?rest_route=\/wp\/v2\/types\/product"}],"wp:attachment":[{"href":"https:\/\/www.autonvaraosahaku.fi\/index.php?rest_route=%2Fwp%2Fv2%2Fmedia&parent=32004"}],"wp:term":[{"taxonomy":"pwb-brand","embeddable":true,"href":"https:\/\/www.autonvaraosahaku.fi\/index.php?rest_route=%2Fwp%2Fv2%2Fpwb-brand&post=32004"},{"taxonomy":"product_cat","embeddable":true,"href":"https:\/\/www.autonvaraosahaku.fi\/index.php?rest_route=%2Fwp%2Fv2%2Fproduct_cat&post=32004"},{"taxonomy":"product_tag","embeddable":true,"href":"https:\/\/www.autonvaraosahaku.fi\/index.php?rest_route=%2Fwp%2Fv2%2Fproduct_tag&post=32004"}],"curies":[{"name":"wp","href":"https:\/\/api.w.org\/{rel}","templated":true}]}}