{"id":32011,"date":"2021-02-21T16:12:11","date_gmt":"2021-02-21T16:12:11","guid":{"rendered":"https:\/\/www.autonvaraosahaku.fi\/?product=beru-zs386-sytytyspuola"},"modified":"2021-02-21T16:12:14","modified_gmt":"2021-02-21T16:12:14","slug":"beru-zs386-sytytyspuola","status":"publish","type":"product","link":"https:\/\/www.autonvaraosahaku.fi\/?product=beru-zs386-sytytyspuola","title":{"rendered":"BERU ZS386 Sytytyspuola"},"content":{"rendered":"<p>Liittimet: Rasthuelse, Sawtooth; Sytytyspuola: Sytytystulppakoskettimella, Sytytystulppakoskettimella; Liittimi\u00e4: 4, 4; J\u00e4nnite (V): 12; Tarvittava kappalem\u00e4\u00e4r\u00e4: 2, 2; Valmistaja rajaus: K 1200 R Sport, K 1300 GT\/R\/S, R 1200 R; 12134645117, 12137670815, 12137709080, 12137715846, 12138523968, 4645117, 7670815, 7709080, 7715846<\/p>\n","protected":false},"excerpt":{"rendered":"<p>BERU Sytytyspuola ZS386<\/p>\n","protected":false},"featured_media":0,"template":"","meta":{"site-sidebar-layout":"default","site-content-layout":"default","ast-global-header-display":"","ast-main-header-display":"","ast-hfb-above-header-display":"","ast-hfb-below-header-display":"","ast-hfb-mobile-header-display":"","site-post-title":"","ast-breadcrumbs-content":"","ast-featured-img":"","footer-sml-layout":"","theme-transparent-header-meta":"","adv-header-id-meta":"","stick-header-meta":"","header-above-stick-meta":"","header-main-stick-meta":"","header-below-stick-meta":""},"pwb-brand":[327],"product_cat":[25],"product_tag":[],"class_list":{"0":"post-32011","1":"product","2":"type-product","3":"status-publish","5":"pwb-brand-beru","6":"product_cat-sytytyspuola","7":"desktop-align-left","8":"tablet-align-left","9":"mobile-align-left","11":"first","12":"instock","13":"product-type-external"},"brands":[{"id":327,"name":"BERU","slug":"beru"}],"_links":{"self":[{"href":"https:\/\/www.autonvaraosahaku.fi\/index.php?rest_route=\/wp\/v2\/product\/32011","targetHints":{"allow":["GET"]}}],"collection":[{"href":"https:\/\/www.autonvaraosahaku.fi\/index.php?rest_route=\/wp\/v2\/product"}],"about":[{"href":"https:\/\/www.autonvaraosahaku.fi\/index.php?rest_route=\/wp\/v2\/types\/product"}],"wp:attachment":[{"href":"https:\/\/www.autonvaraosahaku.fi\/index.php?rest_route=%2Fwp%2Fv2%2Fmedia&parent=32011"}],"wp:term":[{"taxonomy":"pwb-brand","embeddable":true,"href":"https:\/\/www.autonvaraosahaku.fi\/index.php?rest_route=%2Fwp%2Fv2%2Fpwb-brand&post=32011"},{"taxonomy":"product_cat","embeddable":true,"href":"https:\/\/www.autonvaraosahaku.fi\/index.php?rest_route=%2Fwp%2Fv2%2Fproduct_cat&post=32011"},{"taxonomy":"product_tag","embeddable":true,"href":"https:\/\/www.autonvaraosahaku.fi\/index.php?rest_route=%2Fwp%2Fv2%2Fproduct_tag&post=32011"}],"curies":[{"name":"wp","href":"https:\/\/api.w.org\/{rel}","templated":true}]}}