{"id":32016,"date":"2021-02-21T16:12:11","date_gmt":"2021-02-21T16:12:11","guid":{"rendered":"https:\/\/www.autonvaraosahaku.fi\/?product=elring-330-965-kampiakselin-tiiviste"},"modified":"2021-02-21T16:12:14","modified_gmt":"2021-02-21T16:12:14","slug":"elring-330-965-kampiakselin-tiiviste","status":"publish","type":"product","link":"https:\/\/www.autonvaraosahaku.fi\/?product=elring-330-965-kampiakselin-tiiviste","title":{"rendered":"ELRING 330.965 Kampiakselin tiiviste"},"content":{"rendered":"<p>Sis\u00e4l\u00e4pimitta [mm]: 48; Ulkol\u00e4pimitta [mm]: 66,65; Korkeus (mm): 10; Akselitiivisteen malli: ASW; Rihlamalli: Oikea kierre; Materiaali: MVQ (silikooni\/kautsu); Suojavaippa: Suojakumilla; Asennuspuoli: stirnseitig; SAAB: 9-5 Kombi YS3E,9-3 YS3D,9-5 YS3E,9-3 Cabriolet YS3D,9000 Schr\u00e4gheck,900 I Cabriolet,900 I Combi Coupe,900 II Cabriolet,900 II,900 I AC4, AM4,9000,99,900 II Coupe,90,99 Combi Coupe; 55557231, 9173576, 9309204; Akselitiiviste, Kampiakseli<\/p>\n","protected":false},"excerpt":{"rendered":"<p>ELRING Kampiakselin Tiiviste 330.965 Akselitiiviste, Kampiakseli SAAB,9-5 Kombi YS3E,9-3 YS3D,9-5 YS3E,9-3 Cabriolet YS3D,9000 Schr\u00e4gheck<\/p>\n","protected":false},"featured_media":0,"template":"","meta":{"site-sidebar-layout":"default","site-content-layout":"default","ast-global-header-display":"","ast-main-header-display":"","ast-hfb-above-header-display":"","ast-hfb-below-header-display":"","ast-hfb-mobile-header-display":"","site-post-title":"","ast-breadcrumbs-content":"","ast-featured-img":"","footer-sml-layout":"","theme-transparent-header-meta":"","adv-header-id-meta":"","stick-header-meta":"","header-above-stick-meta":"","header-main-stick-meta":"","header-below-stick-meta":""},"pwb-brand":[26],"product_cat":[88],"product_tag":[],"class_list":{"0":"post-32016","1":"product","2":"type-product","3":"status-publish","5":"pwb-brand-elring","6":"product_cat-kampiakselin-tiiviste","7":"desktop-align-left","8":"tablet-align-left","9":"mobile-align-left","11":"first","12":"instock","13":"product-type-external"},"brands":[{"id":26,"name":"ELRING","slug":"elring"}],"_links":{"self":[{"href":"https:\/\/www.autonvaraosahaku.fi\/index.php?rest_route=\/wp\/v2\/product\/32016","targetHints":{"allow":["GET"]}}],"collection":[{"href":"https:\/\/www.autonvaraosahaku.fi\/index.php?rest_route=\/wp\/v2\/product"}],"about":[{"href":"https:\/\/www.autonvaraosahaku.fi\/index.php?rest_route=\/wp\/v2\/types\/product"}],"wp:attachment":[{"href":"https:\/\/www.autonvaraosahaku.fi\/index.php?rest_route=%2Fwp%2Fv2%2Fmedia&parent=32016"}],"wp:term":[{"taxonomy":"pwb-brand","embeddable":true,"href":"https:\/\/www.autonvaraosahaku.fi\/index.php?rest_route=%2Fwp%2Fv2%2Fpwb-brand&post=32016"},{"taxonomy":"product_cat","embeddable":true,"href":"https:\/\/www.autonvaraosahaku.fi\/index.php?rest_route=%2Fwp%2Fv2%2Fproduct_cat&post=32016"},{"taxonomy":"product_tag","embeddable":true,"href":"https:\/\/www.autonvaraosahaku.fi\/index.php?rest_route=%2Fwp%2Fv2%2Fproduct_tag&post=32016"}],"curies":[{"name":"wp","href":"https:\/\/api.w.org\/{rel}","templated":true}]}}