{"id":32046,"date":"2021-02-21T16:12:21","date_gmt":"2021-02-21T16:12:21","guid":{"rendered":"https:\/\/www.autonvaraosahaku.fi\/?product=trw-df4799-jarrulevyt"},"modified":"2021-02-21T16:12:22","modified_gmt":"2021-02-21T16:12:22","slug":"trw-df4799-jarrulevyt","status":"publish","type":"product","link":"https:\/\/www.autonvaraosahaku.fi\/?product=trw-df4799-jarrulevyt","title":{"rendered":"TRW DF4799 Jarrulevyt"},"content":{"rendered":"<p>Kierremitta: 16,2; Jarrulevytyyppi: Tuuletettu; Ulkol\u00e4pimitta [mm]: 280; Jarrulevyn paksuus (mm): 22; V\u00e4himm\u00e4ispaksuus (mm): 20,40; Reikien m\u00e4\u00e4r\u00e4: 4; keskitt\u00e4misl\u00e4pimitta [mm]: 64,15; Korkeus (mm): 44,2; Reik\u00e4ympyr\u00e4-\u00d8 [mm]: 100; V\u00e4ri: Musta; Pinta: Lakattu; Tarkistuskilpi: E1 90R 02 C0176\/0003; Asennuspuoli: Vorderachse; MINI: MINI R56,MINI CLUBMAN R55,MINI Cabriolet R57,MINI Coupe R58,MINI Roadster R59,MINI CLUBVAN R55; 34116774985, 34116858651, 6774985, 6858651, 34116774985, 34116858651, 6774985, 6858651; Jarrulevy<\/p>\n","protected":false},"excerpt":{"rendered":"<p>TRW Jarrulevyt DF4799 Jarrulevy MINI,MINI R56,MINI CLUBMAN R55,MINI Cabriolet R57,MINI Coupe R58,MINI Roadster R59,MINI CLUBVAN R55<\/p>\n","protected":false},"featured_media":0,"template":"","meta":{"site-sidebar-layout":"default","site-content-layout":"default","ast-global-header-display":"","ast-main-header-display":"","ast-hfb-above-header-display":"","ast-hfb-below-header-display":"","ast-hfb-mobile-header-display":"","site-post-title":"","ast-breadcrumbs-content":"","ast-featured-img":"","footer-sml-layout":"","theme-transparent-header-meta":"","adv-header-id-meta":"","stick-header-meta":"","header-above-stick-meta":"","header-main-stick-meta":"","header-below-stick-meta":""},"pwb-brand":[332],"product_cat":[66],"product_tag":[],"class_list":{"0":"post-32046","1":"product","2":"type-product","3":"status-publish","5":"pwb-brand-trw","6":"product_cat-jarrulevyt","7":"desktop-align-left","8":"tablet-align-left","9":"mobile-align-left","11":"first","12":"instock","13":"product-type-external"},"brands":[{"id":332,"name":"TRW","slug":"trw"}],"_links":{"self":[{"href":"https:\/\/www.autonvaraosahaku.fi\/index.php?rest_route=\/wp\/v2\/product\/32046","targetHints":{"allow":["GET"]}}],"collection":[{"href":"https:\/\/www.autonvaraosahaku.fi\/index.php?rest_route=\/wp\/v2\/product"}],"about":[{"href":"https:\/\/www.autonvaraosahaku.fi\/index.php?rest_route=\/wp\/v2\/types\/product"}],"wp:attachment":[{"href":"https:\/\/www.autonvaraosahaku.fi\/index.php?rest_route=%2Fwp%2Fv2%2Fmedia&parent=32046"}],"wp:term":[{"taxonomy":"pwb-brand","embeddable":true,"href":"https:\/\/www.autonvaraosahaku.fi\/index.php?rest_route=%2Fwp%2Fv2%2Fpwb-brand&post=32046"},{"taxonomy":"product_cat","embeddable":true,"href":"https:\/\/www.autonvaraosahaku.fi\/index.php?rest_route=%2Fwp%2Fv2%2Fproduct_cat&post=32046"},{"taxonomy":"product_tag","embeddable":true,"href":"https:\/\/www.autonvaraosahaku.fi\/index.php?rest_route=%2Fwp%2Fv2%2Fproduct_tag&post=32046"}],"curies":[{"name":"wp","href":"https:\/\/api.w.org\/{rel}","templated":true}]}}