{"id":32050,"date":"2021-02-21T16:12:21","date_gmt":"2021-02-21T16:12:21","guid":{"rendered":"https:\/\/www.autonvaraosahaku.fi\/?product=vegaz-ftg-116-pakoputken-asennussarja"},"modified":"2021-02-21T16:12:23","modified_gmt":"2021-02-21T16:12:23","slug":"vegaz-ftg-116-pakoputken-asennussarja","status":"publish","type":"product","link":"https:\/\/www.autonvaraosahaku.fi\/?product=vegaz-ftg-116-pakoputken-asennussarja","title":{"rendered":"VEGAZ FTG-116 Pakoputken asennussarja"},"content":{"rendered":"<p>Materiaali: EPDM (eteenipropeeni-dieeni-kumi); Reik\u00e4lukum\u00e4\u00e4r\u00e4 2: 2; L\u00e4pimitta 1 [mm]: 8; L\u00e4pimitta 2 [mm]: 4; Moottorinumero: 176A6000; OPEL: COMBO Kasten\/Kombi X12,COMBO Tour X12; LANCIA: YPSILON 843,Y 840A,MUSA 350; FIAT: PUNTO 188,DOBLO Cargo 223,PUNTO 176,DOBLO 119,DOBLO Kasten\/Kombi 263,IDEA,STRADA Pick-up 178E,DOBLO Gro\u00dfraumlimousine 152, 263,PUNTO Van 188AX,PUNTO Cabriolet 176C,PALIO Weekend 178DX,DOBLO Pritsche\/Fahrgestell 263,PUNTO Van 176L; ALFA ROMEO: 145 930,146 930; 46416588, 7718578<\/p>\n","protected":false},"excerpt":{"rendered":"<p>VEGAZ Pidike, Pakoputkisto FTG-116  OPEL,LANCIA,FIAT,COMBO Kasten\/Kombi X12,COMBO Tour X12,YPSILON 843,Y 840A,MUSA 350,PUNTO 188,DOBLO Cargo 223<\/p>\n","protected":false},"featured_media":0,"template":"","meta":{"site-sidebar-layout":"default","site-content-layout":"default","ast-global-header-display":"","ast-main-header-display":"","ast-hfb-above-header-display":"","ast-hfb-below-header-display":"","ast-hfb-mobile-header-display":"","site-post-title":"","ast-breadcrumbs-content":"","ast-featured-img":"","footer-sml-layout":"","theme-transparent-header-meta":"","adv-header-id-meta":"","stick-header-meta":"","header-above-stick-meta":"","header-main-stick-meta":"","header-below-stick-meta":""},"pwb-brand":[306],"product_cat":[101],"product_tag":[],"class_list":{"0":"post-32050","1":"product","2":"type-product","3":"status-publish","5":"pwb-brand-vegaz","6":"product_cat-pakoputken-asennussarja","7":"desktop-align-left","8":"tablet-align-left","9":"mobile-align-left","11":"first","12":"instock","13":"product-type-external"},"brands":[{"id":306,"name":"VEGAZ","slug":"vegaz"}],"_links":{"self":[{"href":"https:\/\/www.autonvaraosahaku.fi\/index.php?rest_route=\/wp\/v2\/product\/32050","targetHints":{"allow":["GET"]}}],"collection":[{"href":"https:\/\/www.autonvaraosahaku.fi\/index.php?rest_route=\/wp\/v2\/product"}],"about":[{"href":"https:\/\/www.autonvaraosahaku.fi\/index.php?rest_route=\/wp\/v2\/types\/product"}],"wp:attachment":[{"href":"https:\/\/www.autonvaraosahaku.fi\/index.php?rest_route=%2Fwp%2Fv2%2Fmedia&parent=32050"}],"wp:term":[{"taxonomy":"pwb-brand","embeddable":true,"href":"https:\/\/www.autonvaraosahaku.fi\/index.php?rest_route=%2Fwp%2Fv2%2Fpwb-brand&post=32050"},{"taxonomy":"product_cat","embeddable":true,"href":"https:\/\/www.autonvaraosahaku.fi\/index.php?rest_route=%2Fwp%2Fv2%2Fproduct_cat&post=32050"},{"taxonomy":"product_tag","embeddable":true,"href":"https:\/\/www.autonvaraosahaku.fi\/index.php?rest_route=%2Fwp%2Fv2%2Fproduct_tag&post=32050"}],"curies":[{"name":"wp","href":"https:\/\/api.w.org\/{rel}","templated":true}]}}