{"id":32096,"date":"2021-02-21T16:12:30","date_gmt":"2021-02-21T16:12:30","guid":{"rendered":"https:\/\/www.autonvaraosahaku.fi\/?product=trw-df6376-jarrulevyt"},"modified":"2021-02-21T16:12:33","modified_gmt":"2021-02-21T16:12:33","slug":"trw-df6376-jarrulevyt","status":"publish","type":"product","link":"https:\/\/www.autonvaraosahaku.fi\/?product=trw-df6376-jarrulevyt","title":{"rendered":"TRW DF6376 Jarrulevyt"},"content":{"rendered":"<p>Pinta: Lakattu; Jarrulevytyyppi: Vakiomalli; Ulkol\u00e4pimitta [mm]: 276; Reikien m\u00e4\u00e4r\u00e4: 5; keskitt\u00e4misl\u00e4pimitta [mm]: 67; Korkeus (mm): 42,7; Jarrulevyn paksuus (mm): 9; V\u00e4himm\u00e4ispaksuus (mm): 7,3; Reik\u00e4ympyr\u00e4-\u00d8 [mm]: 112; Kierre 1: 15,2; kierre 2: 9,2; V\u00e4ri: Musta; Asennuspuoli: Hinterachse; MERCEDES-BENZ: B-CLASS W246, W242,A-CLASS W176; 2464230012, 246423001207, A2464230012, A246423001207; Jarrulevy<\/p>\n","protected":false},"excerpt":{"rendered":"<p>TRW Jarrulevyt DF6376 Jarrulevy MERCEDES-BENZ,B-CLASS W246, W242,A-CLASS W176<\/p>\n","protected":false},"featured_media":0,"template":"","meta":{"site-sidebar-layout":"default","site-content-layout":"default","ast-global-header-display":"","ast-main-header-display":"","ast-hfb-above-header-display":"","ast-hfb-below-header-display":"","ast-hfb-mobile-header-display":"","site-post-title":"","ast-breadcrumbs-content":"","ast-featured-img":"","footer-sml-layout":"","theme-transparent-header-meta":"","adv-header-id-meta":"","stick-header-meta":"","header-above-stick-meta":"","header-main-stick-meta":"","header-below-stick-meta":""},"pwb-brand":[332],"product_cat":[66],"product_tag":[],"class_list":{"0":"post-32096","1":"product","2":"type-product","3":"status-publish","5":"pwb-brand-trw","6":"product_cat-jarrulevyt","7":"desktop-align-left","8":"tablet-align-left","9":"mobile-align-left","11":"first","12":"instock","13":"product-type-external"},"brands":[{"id":332,"name":"TRW","slug":"trw"}],"_links":{"self":[{"href":"https:\/\/www.autonvaraosahaku.fi\/index.php?rest_route=\/wp\/v2\/product\/32096","targetHints":{"allow":["GET"]}}],"collection":[{"href":"https:\/\/www.autonvaraosahaku.fi\/index.php?rest_route=\/wp\/v2\/product"}],"about":[{"href":"https:\/\/www.autonvaraosahaku.fi\/index.php?rest_route=\/wp\/v2\/types\/product"}],"wp:attachment":[{"href":"https:\/\/www.autonvaraosahaku.fi\/index.php?rest_route=%2Fwp%2Fv2%2Fmedia&parent=32096"}],"wp:term":[{"taxonomy":"pwb-brand","embeddable":true,"href":"https:\/\/www.autonvaraosahaku.fi\/index.php?rest_route=%2Fwp%2Fv2%2Fpwb-brand&post=32096"},{"taxonomy":"product_cat","embeddable":true,"href":"https:\/\/www.autonvaraosahaku.fi\/index.php?rest_route=%2Fwp%2Fv2%2Fproduct_cat&post=32096"},{"taxonomy":"product_tag","embeddable":true,"href":"https:\/\/www.autonvaraosahaku.fi\/index.php?rest_route=%2Fwp%2Fv2%2Fproduct_tag&post=32096"}],"curies":[{"name":"wp","href":"https:\/\/api.w.org\/{rel}","templated":true}]}}