{"id":32106,"date":"2021-02-21T16:12:35","date_gmt":"2021-02-21T16:12:35","guid":{"rendered":"https:\/\/www.autonvaraosahaku.fi\/?product=hella-9xw-190-253-241-pyyhkijansulat"},"modified":"2021-02-21T16:12:36","modified_gmt":"2021-02-21T16:12:36","slug":"hella-9xw-190-253-241-pyyhkijansulat","status":"publish","type":"product","link":"https:\/\/www.autonvaraosahaku.fi\/?product=hella-9xw-190-253-241-pyyhkijansulat","title":{"rendered":"HELLA 9XW 190 253-241 Pyyhkij\u00e4nsulat"},"content":{"rendered":"<p>Asennuspuoli: Edess\u00e4, fahrerseitig; Pituus (mm): 600; Pituus (tuumaa): 24; Vasen \/ oikea liikenne: Ohjaus oikealla; M\u00e4\u00e4r\u00e4: 1; Pyyhkij\u00e4nsulkatyyppi: Pyyhkij\u00e4nsulka,perinteinen runko; VW: TRANSPORTER V Bus 7HB, 7HJ, 7EB, 7EJ, 7EF,MULTIVAN V 7HM, 7HN, 7HF, 7EF, 7EM, 7EN,TRANSPORTER V Kasten 7HA, 7HH, 7EA, 7EH,AMAROK 2H_, S1B,POLO Stufenheck; MAZDA: CX-5 KE, GH,6 Kombi GH,3 BL,3 BM,6 Kombi GJ, GH,6 GH,6 Stufenheck GJ, GH,3 Stufenheck BL,3 Stufenheck BM; NISSAN: PATHFINDER R51,NOTE E12,NAVARA Pick-up D23,PATROL III Y62,NAVARA Pritsche\/Fahrgestell; JEEP: COMPASS; LADA: GRANTA 2190,VESTA,VESTA SW; SUZUKI: KIZASHI FR,VITARA LY; CHEVROLET: ORLANDO J309,CRUZE J300,CRUZE Schr\u00e4gheck J305,CAMARO GMX511,MALIBU V300,CAMARO Convertible GMX511,TRANS SPORT; MERCEDES-BENZ: SPRINTER CLASSIC 3,5-t Kasten 909,SPRINTER CLASSIC 4,6-t Bus 909; KIA: SPORTAGE SL,CEE&#8217;D SW ED,CEE&#8217;D Schr\u00e4gheck ED,CARNIVAL II GQ,PRO CEE&#8217;D ED,CERATO LD,CERATO Stufenheck LD,SOUL II PS,BORREGO,PICANTO JA; HONDA: ACCORD VIII CU,ACCORD VI CG, CK,ACCORD VIII Kombi,ACCORD VI Coupe CG; Tuulilasinpyyhkimet,Pyyhkij\u00e4t,Pyyhkij\u00e4nsulka<\/p>\n","protected":false},"excerpt":{"rendered":"<p>HELLA Pyyhkij\u00e4nsulat 9XW 190 253-241 Tuulilasinpyyhkimet,Pyyhkij\u00e4t VW,MAZDA,NISSAN,TRANSPORTER V Bus 7HB, 7HJ, 7EB, 7EJ, 7EF<\/p>\n","protected":false},"featured_media":0,"template":"","meta":{"site-sidebar-layout":"default","site-content-layout":"default","ast-global-header-display":"","ast-main-header-display":"","ast-hfb-above-header-display":"","ast-hfb-below-header-display":"","ast-hfb-mobile-header-display":"","site-post-title":"","ast-breadcrumbs-content":"","ast-featured-img":"","footer-sml-layout":"","theme-transparent-header-meta":"","adv-header-id-meta":"","stick-header-meta":"","header-above-stick-meta":"","header-main-stick-meta":"","header-below-stick-meta":""},"pwb-brand":[24],"product_cat":[33],"product_tag":[],"class_list":{"0":"post-32106","1":"product","2":"type-product","3":"status-publish","5":"pwb-brand-hella","6":"product_cat-pyyhkijansulat","7":"desktop-align-left","8":"tablet-align-left","9":"mobile-align-left","11":"first","12":"instock","13":"product-type-external"},"brands":[{"id":24,"name":"HELLA","slug":"hella"}],"_links":{"self":[{"href":"https:\/\/www.autonvaraosahaku.fi\/index.php?rest_route=\/wp\/v2\/product\/32106","targetHints":{"allow":["GET"]}}],"collection":[{"href":"https:\/\/www.autonvaraosahaku.fi\/index.php?rest_route=\/wp\/v2\/product"}],"about":[{"href":"https:\/\/www.autonvaraosahaku.fi\/index.php?rest_route=\/wp\/v2\/types\/product"}],"wp:attachment":[{"href":"https:\/\/www.autonvaraosahaku.fi\/index.php?rest_route=%2Fwp%2Fv2%2Fmedia&parent=32106"}],"wp:term":[{"taxonomy":"pwb-brand","embeddable":true,"href":"https:\/\/www.autonvaraosahaku.fi\/index.php?rest_route=%2Fwp%2Fv2%2Fpwb-brand&post=32106"},{"taxonomy":"product_cat","embeddable":true,"href":"https:\/\/www.autonvaraosahaku.fi\/index.php?rest_route=%2Fwp%2Fv2%2Fproduct_cat&post=32106"},{"taxonomy":"product_tag","embeddable":true,"href":"https:\/\/www.autonvaraosahaku.fi\/index.php?rest_route=%2Fwp%2Fv2%2Fproduct_tag&post=32106"}],"curies":[{"name":"wp","href":"https:\/\/api.w.org\/{rel}","templated":true}]}}