{"id":32109,"date":"2021-02-21T16:12:35","date_gmt":"2021-02-21T16:12:35","guid":{"rendered":"https:\/\/www.autonvaraosahaku.fi\/?product=topran-108-892-jarruvalokytkin"},"modified":"2021-02-21T16:12:37","modified_gmt":"2021-02-21T16:12:37","slug":"topran-108-892-jarruvalokytkin","status":"publish","type":"product","link":"https:\/\/www.autonvaraosahaku.fi\/?product=topran-108-892-jarruvalokytkin","title":{"rendered":"TOPRAN 108 892 Jarruvalokytkin"},"content":{"rendered":"<p>Pistokkeen kotelon muoto: Kulmikas; K\u00e4ytt\u00f6: Mekaaninen, Manuaalinen (jalkak\u00e4ytt\u00f6); Napojen m\u00e4\u00e4r\u00e4: 4; OE-numerolle: 1J0 945 511D; Moottorinumero: AKK; VW: GOLF IV 1J1,LUPO 6X1, 6E1,GOLF IV Variant 1J5,SHARAN 7M8, 7M9, 7M6,TRANSPORTER V Bus 7HB, 7HJ, 7EB, 7EJ, 7EF,TOUAREG 7LA, 7L6, 7L7,BORA 1J2,TRANSPORTER V Kasten 7HA, 7HH, 7EA, 7EH,NEW BEETLE 9C1, 1C1,BORA Kombi 1J6,NEW BEETLE Cabriolet 1Y7,TRANSPORTER V Pritsche\/Fahrgestell 7JD, 7JE, 7JL, 7JY, 7JZ,; AUDI: A3 8L1,TT 8N3,TT Roadster 8N9; SKODA: OCTAVIA Combi 1U5,OCTAVIA 1U2; SEAT: AROSA 6H,ALHAMBRA 7V8, 7V9,CORDOBA 6K1, 6K2; 1J0945511B, 1J0945511C, 1J0945511D, 1J0945511E, 1J0945511F, 1J0945515A, 1J0945511B, 1J0945511C, 1J0945511D, 1J0945511E, 1J0945511F, 1J0945515A, 1J0945511B, 1J0945511C, 1J0945511D, 1J0945511E, 1J0945511F, 1J0945515A, 1J0945511B, 1J0945511C, 1J0945511D, 1J0945511E, 1J0945511F, 1J0945515A; Jarruvalokatkaisin<\/p>\n","protected":false},"excerpt":{"rendered":"<p>TOPRAN Jarruvalokytkin 108 892 Jarruvalokatkaisin VW,AUDI,SKODA,GOLF IV 1J1,LUPO 6X1, 6E1,GOLF IV Variant 1J5,SHARAN 7M8, 7M9, 7M6<\/p>\n","protected":false},"featured_media":0,"template":"","meta":{"site-sidebar-layout":"default","site-content-layout":"default","ast-global-header-display":"","ast-main-header-display":"","ast-hfb-above-header-display":"","ast-hfb-below-header-display":"","ast-hfb-mobile-header-display":"","site-post-title":"","ast-breadcrumbs-content":"","ast-featured-img":"","footer-sml-layout":"","theme-transparent-header-meta":"","adv-header-id-meta":"","stick-header-meta":"","header-above-stick-meta":"","header-main-stick-meta":"","header-below-stick-meta":""},"pwb-brand":[18],"product_cat":[117],"product_tag":[],"class_list":{"0":"post-32109","1":"product","2":"type-product","3":"status-publish","5":"pwb-brand-topran","6":"product_cat-jarruvalokytkin","7":"desktop-align-left","8":"tablet-align-left","9":"mobile-align-left","11":"first","12":"instock","13":"product-type-external"},"brands":[{"id":18,"name":"TOPRAN","slug":"topran"}],"_links":{"self":[{"href":"https:\/\/www.autonvaraosahaku.fi\/index.php?rest_route=\/wp\/v2\/product\/32109","targetHints":{"allow":["GET"]}}],"collection":[{"href":"https:\/\/www.autonvaraosahaku.fi\/index.php?rest_route=\/wp\/v2\/product"}],"about":[{"href":"https:\/\/www.autonvaraosahaku.fi\/index.php?rest_route=\/wp\/v2\/types\/product"}],"wp:attachment":[{"href":"https:\/\/www.autonvaraosahaku.fi\/index.php?rest_route=%2Fwp%2Fv2%2Fmedia&parent=32109"}],"wp:term":[{"taxonomy":"pwb-brand","embeddable":true,"href":"https:\/\/www.autonvaraosahaku.fi\/index.php?rest_route=%2Fwp%2Fv2%2Fpwb-brand&post=32109"},{"taxonomy":"product_cat","embeddable":true,"href":"https:\/\/www.autonvaraosahaku.fi\/index.php?rest_route=%2Fwp%2Fv2%2Fproduct_cat&post=32109"},{"taxonomy":"product_tag","embeddable":true,"href":"https:\/\/www.autonvaraosahaku.fi\/index.php?rest_route=%2Fwp%2Fv2%2Fproduct_tag&post=32109"}],"curies":[{"name":"wp","href":"https:\/\/api.w.org\/{rel}","templated":true}]}}