{"id":32129,"date":"2021-02-21T16:12:39","date_gmt":"2021-02-21T16:12:39","guid":{"rendered":"https:\/\/www.autonvaraosahaku.fi\/?product=magneti-marelli-361302040169-jarrulevyt"},"modified":"2021-02-21T16:12:41","modified_gmt":"2021-02-21T16:12:41","slug":"magneti-marelli-361302040169-jarrulevyt","status":"publish","type":"product","link":"https:\/\/www.autonvaraosahaku.fi\/?product=magneti-marelli-361302040169-jarrulevyt","title":{"rendered":"MAGNETI MARELLI 361302040169 Jarrulevyt"},"content":{"rendered":"<p>Jarrulevytyyppi: Vakiomalli; L\u00e4pimitta [mm]: 240; Korkeus (mm): 40; V\u00e4himm\u00e4ispaksuus (mm): 9,2; Reikien m\u00e4\u00e4r\u00e4: 4; Reik\u00e4ympyr\u00e4-\u00d8 [mm]: 59; Kiristysmomentti: 98; Jarrulevyn paksuus (mm): 11; Ulkol\u00e4pimitta [mm]: 240; Asennuspuoli: Hinterachse; ABARTH: 500 \/ 595 312_,500C \/ 595C 312_; LANCIA: YPSILON 843,Y 840A,MUSA 350,DELTA II 836,DEDRA 835,DEDRA SW 835; FORD: KA RU8; ALFA ROMEO: 145 930,155 167,146 930,33 907A,33 905,33 Sportwagon 907B; FIAT: PUNTO 188,PANDA 169,500 312,SEICENTO 187,BARCHETTA 183,500 C 312,PUNTO 176,PANDA Van 169,CINQUECENTO 170,PANDA 312,COUPE FA\/175,PUNTO Van 188AX,BRAVO I 182,PUNTO Cabriolet 176C,MAREA Weekend 185,UNO 146A\/E,SEICENTO Van 187,TIPO 160,MAREA 185,TEMPRA 159,PUNTO Van 176L,TEMPRA S.W. 159; ZASTAVA: YUGO FLORIDA; 46403960, 51876438, 71738421, 7685656, 46403960, 60805117, 60811879, 7566931, 7645054, 7663465, 46403960, 51859078, 51866264, 51876437, 51876438, 5741447, 5766931, 60805117, 60811879, 7163465, 71738421, 71769481, 7566931, 7645054, 7663465, 7685656, 1541804, 1715410, 46403960, 60805117, 60811879, 7566931, 7645054, 7663465, 46403960, 60805117, 60811879, 7566931, 7645054, 7663465; Jarrulevy<\/p>\n","protected":false},"excerpt":{"rendered":"<p>MAGNETI MARELLI Jarrulevyt 361302040169 Jarrulevy ABARTH,LANCIA,FORD,500 \/ 595 312_,500C \/ 595C 312_,YPSILON 843,Y 840A,MUSA 350,DELTA II 836<\/p>\n","protected":false},"featured_media":0,"template":"","meta":{"site-sidebar-layout":"default","site-content-layout":"default","ast-global-header-display":"","ast-main-header-display":"","ast-hfb-above-header-display":"","ast-hfb-below-header-display":"","ast-hfb-mobile-header-display":"","site-post-title":"","ast-breadcrumbs-content":"","ast-featured-img":"","footer-sml-layout":"","theme-transparent-header-meta":"","adv-header-id-meta":"","stick-header-meta":"","header-above-stick-meta":"","header-main-stick-meta":"","header-below-stick-meta":""},"pwb-brand":[34],"product_cat":[66],"product_tag":[],"class_list":{"0":"post-32129","1":"product","2":"type-product","3":"status-publish","5":"pwb-brand-magneti-marelli","6":"product_cat-jarrulevyt","7":"desktop-align-left","8":"tablet-align-left","9":"mobile-align-left","11":"first","12":"instock","13":"product-type-external"},"brands":[{"id":34,"name":"MAGNETI MARELLI","slug":"magneti-marelli"}],"_links":{"self":[{"href":"https:\/\/www.autonvaraosahaku.fi\/index.php?rest_route=\/wp\/v2\/product\/32129","targetHints":{"allow":["GET"]}}],"collection":[{"href":"https:\/\/www.autonvaraosahaku.fi\/index.php?rest_route=\/wp\/v2\/product"}],"about":[{"href":"https:\/\/www.autonvaraosahaku.fi\/index.php?rest_route=\/wp\/v2\/types\/product"}],"wp:attachment":[{"href":"https:\/\/www.autonvaraosahaku.fi\/index.php?rest_route=%2Fwp%2Fv2%2Fmedia&parent=32129"}],"wp:term":[{"taxonomy":"pwb-brand","embeddable":true,"href":"https:\/\/www.autonvaraosahaku.fi\/index.php?rest_route=%2Fwp%2Fv2%2Fpwb-brand&post=32129"},{"taxonomy":"product_cat","embeddable":true,"href":"https:\/\/www.autonvaraosahaku.fi\/index.php?rest_route=%2Fwp%2Fv2%2Fproduct_cat&post=32129"},{"taxonomy":"product_tag","embeddable":true,"href":"https:\/\/www.autonvaraosahaku.fi\/index.php?rest_route=%2Fwp%2Fv2%2Fproduct_tag&post=32129"}],"curies":[{"name":"wp","href":"https:\/\/api.w.org\/{rel}","templated":true}]}}