{"id":32144,"date":"2021-02-21T16:12:44","date_gmt":"2021-02-21T16:12:44","guid":{"rendered":"https:\/\/www.autonvaraosahaku.fi\/?product=herthbuss-elparts-50267060-muut-luokat"},"modified":"2021-02-21T16:12:45","modified_gmt":"2021-02-21T16:12:45","slug":"herthbuss-elparts-50267060-muut-luokat","status":"publish","type":"product","link":"https:\/\/www.autonvaraosahaku.fi\/?product=herthbuss-elparts-50267060-muut-luokat","title":{"rendered":"HERTH+BUSS ELPARTS 50267060 Muut luokat"},"content":{"rendered":"<p>Versio: VAG, Audi, A3, A4; Asennuspuoli: Ajoneuvo-ovi, Kojelauta; OE-numerolle: 8E0 868 243; L\u00e4pimitta [mm]: 27; Korkeus 1 (mm): 16; Korkeus 2 (mm): 30; Reik\u00e4ympyr\u00e4-\u00d8 [mm]: 10; Materiaali: POM (Polyoximetyleeni); AUDI: A3 8P1,A4 Avant 8ED, B7,A4 Avant 8E5, B6,A4 8E2, B6,A4 8EC, B7; SEAT: EXEO ST 3R5,EXEO 3R2; 8E0868243<\/p>\n","protected":false},"excerpt":{"rendered":"<p>HERTH+BUSS ELPARTS Kiinnike 50267060  AUDI,SEAT,A3 8P1,A4 Avant 8ED, B7,A4 Avant 8E5, B6,A4 8E2, B6,A4 8EC, B7,EXEO ST 3R5,EXEO 3R2<\/p>\n","protected":false},"featured_media":0,"template":"","meta":{"site-sidebar-layout":"default","site-content-layout":"default","ast-global-header-display":"","ast-main-header-display":"","ast-hfb-above-header-display":"","ast-hfb-below-header-display":"","ast-hfb-mobile-header-display":"","site-post-title":"","ast-breadcrumbs-content":"","ast-featured-img":"","footer-sml-layout":"","theme-transparent-header-meta":"","adv-header-id-meta":"","stick-header-meta":"","header-above-stick-meta":"","header-main-stick-meta":"","header-below-stick-meta":""},"pwb-brand":[232],"product_cat":[37],"product_tag":[],"class_list":{"0":"post-32144","1":"product","2":"type-product","3":"status-publish","5":"pwb-brand-herthbuss-elparts","6":"product_cat-muut-luokat","7":"desktop-align-left","8":"tablet-align-left","9":"mobile-align-left","11":"first","12":"instock","13":"product-type-external"},"brands":[{"id":232,"name":"HERTH+BUSS ELPARTS","slug":"herthbuss-elparts"}],"_links":{"self":[{"href":"https:\/\/www.autonvaraosahaku.fi\/index.php?rest_route=\/wp\/v2\/product\/32144","targetHints":{"allow":["GET"]}}],"collection":[{"href":"https:\/\/www.autonvaraosahaku.fi\/index.php?rest_route=\/wp\/v2\/product"}],"about":[{"href":"https:\/\/www.autonvaraosahaku.fi\/index.php?rest_route=\/wp\/v2\/types\/product"}],"wp:attachment":[{"href":"https:\/\/www.autonvaraosahaku.fi\/index.php?rest_route=%2Fwp%2Fv2%2Fmedia&parent=32144"}],"wp:term":[{"taxonomy":"pwb-brand","embeddable":true,"href":"https:\/\/www.autonvaraosahaku.fi\/index.php?rest_route=%2Fwp%2Fv2%2Fpwb-brand&post=32144"},{"taxonomy":"product_cat","embeddable":true,"href":"https:\/\/www.autonvaraosahaku.fi\/index.php?rest_route=%2Fwp%2Fv2%2Fproduct_cat&post=32144"},{"taxonomy":"product_tag","embeddable":true,"href":"https:\/\/www.autonvaraosahaku.fi\/index.php?rest_route=%2Fwp%2Fv2%2Fproduct_tag&post=32144"}],"curies":[{"name":"wp","href":"https:\/\/api.w.org\/{rel}","templated":true}]}}