{"id":32145,"date":"2021-02-21T16:12:44","date_gmt":"2021-02-21T16:12:44","guid":{"rendered":"https:\/\/www.autonvaraosahaku.fi\/?product=ridex-188c0162-jouset"},"modified":"2021-02-21T16:12:45","modified_gmt":"2021-02-21T16:12:45","slug":"ridex-188c0162-jouset","status":"publish","type":"product","link":"https:\/\/www.autonvaraosahaku.fi\/?product=ridex-188c0162-jouset","title":{"rendered":"RIDEX 188C0162 Jouset"},"content":{"rendered":"<p>Asennuspuoli: Taka-akseli; Jousimalli: Kierrejousi kiinte\u00e4ll\u00e4 lankal\u00e4pimitalla; Paino [kg]: 2,22; Paksuus 1 [mm]: 13,5; Ulkol\u00e4pimitta [mm]: 133; Pituus (mm): 256; Alustarakenne: f\u00fcr Fahrzeuge ohne Sportfahrwerk; OPEL: VECTRA C,VECTRA C GTS; VAUXHALL: VECTRA Mk II C CC,VECTRA Mk II C; 424070, 424071, 424083, 424084, 93171835, 93171836, 93176260, 93176261, 93185774, 93171835, 93171836, 93176260, 93176261; Kierrejousi<\/p>\n","protected":false},"excerpt":{"rendered":"<p>RIDEX Jousi 188C0162 Kierrejousi OPEL,VAUXHALL,VECTRA C,VECTRA C GTS,VECTRA Mk II C CC,VECTRA Mk II C<\/p>\n","protected":false},"featured_media":0,"template":"","meta":{"site-sidebar-layout":"default","site-content-layout":"default","ast-global-header-display":"","ast-main-header-display":"","ast-hfb-above-header-display":"","ast-hfb-below-header-display":"","ast-hfb-mobile-header-display":"","site-post-title":"","ast-breadcrumbs-content":"","ast-featured-img":"","footer-sml-layout":"","theme-transparent-header-meta":"","adv-header-id-meta":"","stick-header-meta":"","header-above-stick-meta":"","header-main-stick-meta":"","header-below-stick-meta":""},"pwb-brand":[157],"product_cat":[171],"product_tag":[],"class_list":{"0":"post-32145","1":"product","2":"type-product","3":"status-publish","5":"pwb-brand-ridex","6":"product_cat-jouset","7":"desktop-align-left","8":"tablet-align-left","9":"mobile-align-left","11":"first","12":"instock","13":"product-type-external"},"brands":[{"id":157,"name":"RIDEX","slug":"ridex"}],"_links":{"self":[{"href":"https:\/\/www.autonvaraosahaku.fi\/index.php?rest_route=\/wp\/v2\/product\/32145","targetHints":{"allow":["GET"]}}],"collection":[{"href":"https:\/\/www.autonvaraosahaku.fi\/index.php?rest_route=\/wp\/v2\/product"}],"about":[{"href":"https:\/\/www.autonvaraosahaku.fi\/index.php?rest_route=\/wp\/v2\/types\/product"}],"wp:attachment":[{"href":"https:\/\/www.autonvaraosahaku.fi\/index.php?rest_route=%2Fwp%2Fv2%2Fmedia&parent=32145"}],"wp:term":[{"taxonomy":"pwb-brand","embeddable":true,"href":"https:\/\/www.autonvaraosahaku.fi\/index.php?rest_route=%2Fwp%2Fv2%2Fpwb-brand&post=32145"},{"taxonomy":"product_cat","embeddable":true,"href":"https:\/\/www.autonvaraosahaku.fi\/index.php?rest_route=%2Fwp%2Fv2%2Fproduct_cat&post=32145"},{"taxonomy":"product_tag","embeddable":true,"href":"https:\/\/www.autonvaraosahaku.fi\/index.php?rest_route=%2Fwp%2Fv2%2Fproduct_tag&post=32145"}],"curies":[{"name":"wp","href":"https:\/\/api.w.org\/{rel}","templated":true}]}}