{"id":32165,"date":"2021-02-21T16:12:48","date_gmt":"2021-02-21T16:12:48","guid":{"rendered":"https:\/\/www.autonvaraosahaku.fi\/?product=ridex-123b0027-jarrurumpu"},"modified":"2021-02-21T16:12:50","modified_gmt":"2021-02-21T16:12:50","slug":"ridex-123b0027-jarrurumpu","status":"publish","type":"product","link":"https:\/\/www.autonvaraosahaku.fi\/?product=ridex-123b0027-jarrurumpu","title":{"rendered":"RIDEX 123B0027 Jarrurumpu"},"content":{"rendered":"<p>Asennuspuoli: Taka-akseli, Hinterachse; J-rumpu sis\u00e4leveys [mm]: 48; M\u00e4\u00e4r\u00e4tty kiertosuunta: ; ei sidoksissa kulkusuuntaan: ; Jarrurummun sis\u00e4-\u00d8 [mm]: 228; Korkeus (mm): 61; Navan l\u00e4pimitta 1 [mm]: 59; Paino [kg]: 5,52; Jarrurummun ulkol\u00e4pim. [mm]: 267,8; Reik\u00e4ympyr\u00e4-\u00d8 [mm]: 98; Reik\u00e4kuvio\/-m\u00e4\u00e4r\u00e4: 4\/6; Suurin mahdollinen rummun sis\u00e4mitta (mm): 230; Reik\u00e4-\u00d8 [mm]: 13,2; LANCIA: MUSA 350; FIAT: DOBLO Cargo 223,DOBLO 119,IDEA,STRADA Pick-up 178E,MULTIPLA 186,QUBO 225,MAREA Weekend 185,FIORINO Kasten\/Kombi 225,PALIO Weekend 178DX,LINEA 323,FIORINO Kasten 146,TIPO 160,STRADA Pick-up 578_,MAREA 185,TEMPRA 159,TEMPRA S.W. 159,FIORINO Pick up 146,PALIO 178BX,SIENA 178_,ELBA 146_; ALFA ROMEO: 145 930,146 930; 60810025, 7569600, 51816526, 51903659, 52015299, 60514839, 60810025, 60814839, 7569600, 7769850, 7769850<\/p>\n","protected":false},"excerpt":{"rendered":"<p>RIDEX Jarrurumpu 123B0027  LANCIA,FIAT,ALFA ROMEO,MUSA 350,DOBLO Cargo 223,DOBLO 119,IDEA,STRADA Pick-up 178E,MULTIPLA 186,QUBO 225,MAREA Weekend 185<\/p>\n","protected":false},"featured_media":0,"template":"","meta":{"site-sidebar-layout":"default","site-content-layout":"default","ast-global-header-display":"","ast-main-header-display":"","ast-hfb-above-header-display":"","ast-hfb-below-header-display":"","ast-hfb-mobile-header-display":"","site-post-title":"","ast-breadcrumbs-content":"","ast-featured-img":"","footer-sml-layout":"","theme-transparent-header-meta":"","adv-header-id-meta":"","stick-header-meta":"","header-above-stick-meta":"","header-main-stick-meta":"","header-below-stick-meta":""},"pwb-brand":[157],"product_cat":[304],"product_tag":[],"class_list":{"0":"post-32165","1":"product","2":"type-product","3":"status-publish","5":"pwb-brand-ridex","6":"product_cat-jarrurumpu","7":"desktop-align-left","8":"tablet-align-left","9":"mobile-align-left","11":"first","12":"instock","13":"product-type-external"},"brands":[{"id":157,"name":"RIDEX","slug":"ridex"}],"_links":{"self":[{"href":"https:\/\/www.autonvaraosahaku.fi\/index.php?rest_route=\/wp\/v2\/product\/32165","targetHints":{"allow":["GET"]}}],"collection":[{"href":"https:\/\/www.autonvaraosahaku.fi\/index.php?rest_route=\/wp\/v2\/product"}],"about":[{"href":"https:\/\/www.autonvaraosahaku.fi\/index.php?rest_route=\/wp\/v2\/types\/product"}],"wp:attachment":[{"href":"https:\/\/www.autonvaraosahaku.fi\/index.php?rest_route=%2Fwp%2Fv2%2Fmedia&parent=32165"}],"wp:term":[{"taxonomy":"pwb-brand","embeddable":true,"href":"https:\/\/www.autonvaraosahaku.fi\/index.php?rest_route=%2Fwp%2Fv2%2Fpwb-brand&post=32165"},{"taxonomy":"product_cat","embeddable":true,"href":"https:\/\/www.autonvaraosahaku.fi\/index.php?rest_route=%2Fwp%2Fv2%2Fproduct_cat&post=32165"},{"taxonomy":"product_tag","embeddable":true,"href":"https:\/\/www.autonvaraosahaku.fi\/index.php?rest_route=%2Fwp%2Fv2%2Fproduct_tag&post=32165"}],"curies":[{"name":"wp","href":"https:\/\/api.w.org\/{rel}","templated":true}]}}