{"id":32168,"date":"2021-02-21T16:12:48","date_gmt":"2021-02-21T16:12:48","guid":{"rendered":"https:\/\/www.autonvaraosahaku.fi\/?product=ridex-82b0108-jarrulevyt"},"modified":"2021-02-21T16:12:50","modified_gmt":"2021-02-21T16:12:50","slug":"ridex-82b0108-jarrulevyt","status":"publish","type":"product","link":"https:\/\/www.autonvaraosahaku.fi\/?product=ridex-82b0108-jarrulevyt","title":{"rendered":"RIDEX 82B0108 Jarrulevyt"},"content":{"rendered":"<p>Asennuspuoli: Etuakseli; Jarrulevytyyppi: Tuuletettu, sis\u00e4; L\u00e4pimitta [mm]: 278; Jarrulevyn paksuus (mm): 25; Reik\u00e4ympyr\u00e4-\u00d8 [mm]: 114,3; Korvaava tuote\/korvaava tiedote 2: Ilman py\u00f6r\u00e4nnapaa, Ilman py\u00f6r\u00e4nkiinnityspultteja; M\u00e4\u00e4r\u00e4tty kiertosuunta: ; ei sidoksissa kulkusuuntaan: ; V\u00e4himm\u00e4ispaksuus (mm): 23; Korkeus (mm): 48,5; Reik\u00e4kuvio\/-m\u00e4\u00e4r\u00e4: 05\/05; keskitt\u00e4misl\u00e4pimitta [mm]: 72; Paino [kg]: 7,1; Sis\u00e4l\u00e4pimitta [mm]: 140; Py\u00f6r\u00e4npulttireik\u00e4-\u00d8 [mm]: 14; Vannekoko (tuumaa): 15; MAZDA: 5 CR19,3 BK,3 BL,5 CW,3 Stufenheck BK,3 Stufenheck BL; BP4Y3325XA, BP4Y3325XB, BP4Y3325XC, BP4Y3325XD, C24Y3325XC, C24Y3325XC9A, C24Y3325XD, C24Y3325XB; Jarrulevy<\/p>\n","protected":false},"excerpt":{"rendered":"<p>RIDEX Jarrulevyt 82B0108 Jarrulevy MAZDA,5 CR19,3 BK,3 BL,5 CW,3 Stufenheck BK,3 Stufenheck BL<\/p>\n","protected":false},"featured_media":0,"template":"","meta":{"site-sidebar-layout":"default","site-content-layout":"default","ast-global-header-display":"","ast-main-header-display":"","ast-hfb-above-header-display":"","ast-hfb-below-header-display":"","ast-hfb-mobile-header-display":"","site-post-title":"","ast-breadcrumbs-content":"","ast-featured-img":"","footer-sml-layout":"","theme-transparent-header-meta":"","adv-header-id-meta":"","stick-header-meta":"","header-above-stick-meta":"","header-main-stick-meta":"","header-below-stick-meta":""},"pwb-brand":[157],"product_cat":[66],"product_tag":[],"class_list":{"0":"post-32168","1":"product","2":"type-product","3":"status-publish","5":"pwb-brand-ridex","6":"product_cat-jarrulevyt","7":"desktop-align-left","8":"tablet-align-left","9":"mobile-align-left","11":"first","12":"instock","13":"product-type-external"},"brands":[{"id":157,"name":"RIDEX","slug":"ridex"}],"_links":{"self":[{"href":"https:\/\/www.autonvaraosahaku.fi\/index.php?rest_route=\/wp\/v2\/product\/32168","targetHints":{"allow":["GET"]}}],"collection":[{"href":"https:\/\/www.autonvaraosahaku.fi\/index.php?rest_route=\/wp\/v2\/product"}],"about":[{"href":"https:\/\/www.autonvaraosahaku.fi\/index.php?rest_route=\/wp\/v2\/types\/product"}],"wp:attachment":[{"href":"https:\/\/www.autonvaraosahaku.fi\/index.php?rest_route=%2Fwp%2Fv2%2Fmedia&parent=32168"}],"wp:term":[{"taxonomy":"pwb-brand","embeddable":true,"href":"https:\/\/www.autonvaraosahaku.fi\/index.php?rest_route=%2Fwp%2Fv2%2Fpwb-brand&post=32168"},{"taxonomy":"product_cat","embeddable":true,"href":"https:\/\/www.autonvaraosahaku.fi\/index.php?rest_route=%2Fwp%2Fv2%2Fproduct_cat&post=32168"},{"taxonomy":"product_tag","embeddable":true,"href":"https:\/\/www.autonvaraosahaku.fi\/index.php?rest_route=%2Fwp%2Fv2%2Fproduct_tag&post=32168"}],"curies":[{"name":"wp","href":"https:\/\/api.w.org\/{rel}","templated":true}]}}