{"id":32171,"date":"2021-02-21T16:12:48","date_gmt":"2021-02-21T16:12:48","guid":{"rendered":"https:\/\/www.autonvaraosahaku.fi\/?product=ridex-82b0091-jarrulevyt"},"modified":"2021-02-21T16:12:51","modified_gmt":"2021-02-21T16:12:51","slug":"ridex-82b0091-jarrulevyt","status":"publish","type":"product","link":"https:\/\/www.autonvaraosahaku.fi\/?product=ridex-82b0091-jarrulevyt","title":{"rendered":"RIDEX 82B0091 Jarrulevyt"},"content":{"rendered":"<p>Jarrulevytyyppi: Vakiomalli; Ulkol\u00e4pimitta [mm]: 269; Jarrulevyn paksuus (mm): 9,3; V\u00e4himm\u00e4ispaksuus (mm): 7,4; Korkeus (mm): 55,7; Reik\u00e4kuvio\/-m\u00e4\u00e4r\u00e4: 04\/07; Reik\u00e4ympyr\u00e4-\u00d8 [mm]: 100,0; keskitt\u00e4misl\u00e4pimitta [mm]: 55,1; Paino [kg]: 3,8; Korvaava tuote\/korvaava tiedote 2: Ilman py\u00f6r\u00e4nnapaa, Ilman py\u00f6r\u00e4nkiinnityspultteja; Asennuspuoli: Taka-akseli, Hinterachse; Sis\u00e4l\u00e4pimitta [mm]: 173; Py\u00f6r\u00e4npulttireik\u00e4-\u00d8 [mm]: 14,5; TOYOTA: YARIS SCP1_, NLP1_, NCP1_,COROLLA ZZE12_, NDE12_, ZDE12_,YARIS VERSO _NLP2_, _NCP2_,COROLLA Kombi _E12J_, _E12T_,COROLLA Verso ZDE12_, CDE12_,COROLLA Stufenheck _E12J_, _E12T_,COROLLA _E11_,COROLLA Wagon __E11_,PRIUS Stufenheck NHW11_,MATRIX ZZE13_,PRIUS Stufenheck _W1_; 424310D050, 4243112210, 4243112250, 4243147020, 4243152050, 4243152060; Jarrulevy<\/p>\n","protected":false},"excerpt":{"rendered":"<p>RIDEX Jarrulevyt 82B0091 Jarrulevy TOYOTA,YARIS SCP1_, NLP1_, NCP1_,COROLLA ZZE12_, NDE12_, ZDE12_,YARIS VERSO _NLP2_, _NCP2_<\/p>\n","protected":false},"featured_media":0,"template":"","meta":{"site-sidebar-layout":"default","site-content-layout":"default","ast-global-header-display":"","ast-main-header-display":"","ast-hfb-above-header-display":"","ast-hfb-below-header-display":"","ast-hfb-mobile-header-display":"","site-post-title":"","ast-breadcrumbs-content":"","ast-featured-img":"","footer-sml-layout":"","theme-transparent-header-meta":"","adv-header-id-meta":"","stick-header-meta":"","header-above-stick-meta":"","header-main-stick-meta":"","header-below-stick-meta":""},"pwb-brand":[157],"product_cat":[66],"product_tag":[],"class_list":{"0":"post-32171","1":"product","2":"type-product","3":"status-publish","5":"pwb-brand-ridex","6":"product_cat-jarrulevyt","7":"desktop-align-left","8":"tablet-align-left","9":"mobile-align-left","11":"first","12":"instock","13":"product-type-external"},"brands":[{"id":157,"name":"RIDEX","slug":"ridex"}],"_links":{"self":[{"href":"https:\/\/www.autonvaraosahaku.fi\/index.php?rest_route=\/wp\/v2\/product\/32171","targetHints":{"allow":["GET"]}}],"collection":[{"href":"https:\/\/www.autonvaraosahaku.fi\/index.php?rest_route=\/wp\/v2\/product"}],"about":[{"href":"https:\/\/www.autonvaraosahaku.fi\/index.php?rest_route=\/wp\/v2\/types\/product"}],"wp:attachment":[{"href":"https:\/\/www.autonvaraosahaku.fi\/index.php?rest_route=%2Fwp%2Fv2%2Fmedia&parent=32171"}],"wp:term":[{"taxonomy":"pwb-brand","embeddable":true,"href":"https:\/\/www.autonvaraosahaku.fi\/index.php?rest_route=%2Fwp%2Fv2%2Fpwb-brand&post=32171"},{"taxonomy":"product_cat","embeddable":true,"href":"https:\/\/www.autonvaraosahaku.fi\/index.php?rest_route=%2Fwp%2Fv2%2Fproduct_cat&post=32171"},{"taxonomy":"product_tag","embeddable":true,"href":"https:\/\/www.autonvaraosahaku.fi\/index.php?rest_route=%2Fwp%2Fv2%2Fproduct_tag&post=32171"}],"curies":[{"name":"wp","href":"https:\/\/api.w.org\/{rel}","templated":true}]}}