{"id":32173,"date":"2021-02-21T16:12:48","date_gmt":"2021-02-21T16:12:48","guid":{"rendered":"https:\/\/www.autonvaraosahaku.fi\/?product=swag-80-94-1108-muut-luokat"},"modified":"2021-02-21T16:12:51","modified_gmt":"2021-02-21T16:12:51","slug":"swag-80-94-1108-muut-luokat","status":"publish","type":"product","link":"https:\/\/www.autonvaraosahaku.fi\/?product=swag-80-94-1108-muut-luokat","title":{"rendered":"SWAG 80 94 1108 Muut luokat"},"content":{"rendered":"<p>Paksuus [mm]: 54,0; Sis\u00e4l\u00e4pimitta [mm]: 16,0; Ulkol\u00e4pimitta [mm]: 36,0; Materiaali: Kumi; Asennuspuoli: Taka-akseli, molemminpuolinen, Yl\u00e4puolella, Takana; Paino [kg]: 0,03, 0,03; Moottorinumero: 4G63; MITSUBISHI: L 200 K7_T, K6_T,PAJERO II V3_W, V2_W, V4_W,L 200 KB_T, KA_T,L 300 Bus P0_W, P1_W, P2_W,PAJERO SPORT K90,L 400 \/ SPACE GEAR Bus PD_W, PC_W, PA_V, PB_V,GALLOPER JK-01,L 300 Pritsche\/Fahrgestell L03_P,L 300 Kasten L03_P,PAJERO II V3_W,L 200 Pritsche\/Fahrgestell KA_T, KB_T,L 300 Kasten P0_W, P1_W,L 300 Bus LO3_P\/G, L0_2P,L 200 K3_T, K2_T, K1_T, K0_T,L 400 Kasten PD_W, PC_W, PB_V, PA_W, PA_V,L 300 Pritsche\/Fahrgestell P1_T,DELICA,L200 KJ_,L200 Pritsche\/Fahrgestell MQ; MB111071, MB584531, MB111071, MB584531<\/p>\n","protected":false},"excerpt":{"rendered":"<p>SWAG Laakerin Holkki, Lehtijousi 80 94 1108  MITSUBISHI,L 200 K7_T, K6_T,PAJERO II V3_W, V2_W, V4_W,L 200 KB_T, KA_T,L 300 Bus P0_W, P1_W, P2_W<\/p>\n","protected":false},"featured_media":0,"template":"","meta":{"site-sidebar-layout":"default","site-content-layout":"default","ast-global-header-display":"","ast-main-header-display":"","ast-hfb-above-header-display":"","ast-hfb-below-header-display":"","ast-hfb-mobile-header-display":"","site-post-title":"","ast-breadcrumbs-content":"","ast-featured-img":"","footer-sml-layout":"","theme-transparent-header-meta":"","adv-header-id-meta":"","stick-header-meta":"","header-above-stick-meta":"","header-main-stick-meta":"","header-below-stick-meta":""},"pwb-brand":[103],"product_cat":[37],"product_tag":[],"class_list":{"0":"post-32173","1":"product","2":"type-product","3":"status-publish","5":"pwb-brand-swag","6":"product_cat-muut-luokat","7":"desktop-align-left","8":"tablet-align-left","9":"mobile-align-left","11":"first","12":"instock","13":"product-type-external"},"brands":[{"id":103,"name":"SWAG","slug":"swag"}],"_links":{"self":[{"href":"https:\/\/www.autonvaraosahaku.fi\/index.php?rest_route=\/wp\/v2\/product\/32173","targetHints":{"allow":["GET"]}}],"collection":[{"href":"https:\/\/www.autonvaraosahaku.fi\/index.php?rest_route=\/wp\/v2\/product"}],"about":[{"href":"https:\/\/www.autonvaraosahaku.fi\/index.php?rest_route=\/wp\/v2\/types\/product"}],"wp:attachment":[{"href":"https:\/\/www.autonvaraosahaku.fi\/index.php?rest_route=%2Fwp%2Fv2%2Fmedia&parent=32173"}],"wp:term":[{"taxonomy":"pwb-brand","embeddable":true,"href":"https:\/\/www.autonvaraosahaku.fi\/index.php?rest_route=%2Fwp%2Fv2%2Fpwb-brand&post=32173"},{"taxonomy":"product_cat","embeddable":true,"href":"https:\/\/www.autonvaraosahaku.fi\/index.php?rest_route=%2Fwp%2Fv2%2Fproduct_cat&post=32173"},{"taxonomy":"product_tag","embeddable":true,"href":"https:\/\/www.autonvaraosahaku.fi\/index.php?rest_route=%2Fwp%2Fv2%2Fproduct_tag&post=32173"}],"curies":[{"name":"wp","href":"https:\/\/api.w.org\/{rel}","templated":true}]}}