{"id":32174,"date":"2021-02-21T16:12:48","date_gmt":"2021-02-21T16:12:48","guid":{"rendered":"https:\/\/www.autonvaraosahaku.fi\/?product=ridex-82b0277-jarrulevyt"},"modified":"2021-02-21T16:12:51","modified_gmt":"2021-02-21T16:12:51","slug":"ridex-82b0277-jarrulevyt","status":"publish","type":"product","link":"https:\/\/www.autonvaraosahaku.fi\/?product=ridex-82b0277-jarrulevyt","title":{"rendered":"RIDEX 82B0277 Jarrulevyt"},"content":{"rendered":"<p>Jarrulevytyyppi: Tuuletettu; Ulkol\u00e4pimitta [mm]: 280; Jarrulevyn paksuus (mm): 26; V\u00e4himm\u00e4ispaksuus (mm): 24,6; keskitt\u00e4misl\u00e4pimitta [mm]: 88; Korkeus (mm): 36; Kierremitta: M12 x 1,25; Reik\u00e4ympyr\u00e4-\u00d8 [mm]: 109; V\u00e4ri: Musta; Reik\u00e4kuvio\/-m\u00e4\u00e4r\u00e4: 6\/9; Sis\u00e4l\u00e4pimitta [mm]: 175; Asennuspuoli: Etuakseli, Vorderachse; OPEL: FRONTERA B 6B_,FRONTERA A Sport 5_SUD2,FRONTERA A 5_MWL4,MONTEREY A UBS_,MONTEREY B; GREAT WALL: HOVER Gel\u00e4ndewagen geschlossen; VAUXHALL: FRONTERA Mk II B,FRONTERA Mk I A,MONTEREY,FRONTERA Mk I A Sport; ISUZU: D-MAX 8DH,D-MAX Pritsche\/Fahrgestell 8DH,TROOPER,TROOPER UB,TROOPER Soft Top,TROOPER Soft Top UB; 3103102K00, 3103102K00, 8943754163, 8943754164, 8943755333, 8943755334, 8970340343, 8970340353, 97034034, 569050, 569051, 8943754163, 94375416, 94375533, 94375553, 97034034, 97034035, 94375416, 94375533, 94375553, 97034034, 97034035; Jarrulevy<\/p>\n","protected":false},"excerpt":{"rendered":"<p>RIDEX Jarrulevyt 82B0277 Jarrulevy OPEL,GREAT WALL,VAUXHALL,FRONTERA B 6B_,FRONTERA A Sport 5_SUD2,FRONTERA A 5_MWL4,MONTEREY A UBS_,MONTEREY B<\/p>\n","protected":false},"featured_media":0,"template":"","meta":{"site-sidebar-layout":"default","site-content-layout":"default","ast-global-header-display":"","ast-main-header-display":"","ast-hfb-above-header-display":"","ast-hfb-below-header-display":"","ast-hfb-mobile-header-display":"","site-post-title":"","ast-breadcrumbs-content":"","ast-featured-img":"","footer-sml-layout":"","theme-transparent-header-meta":"","adv-header-id-meta":"","stick-header-meta":"","header-above-stick-meta":"","header-main-stick-meta":"","header-below-stick-meta":""},"pwb-brand":[157],"product_cat":[66],"product_tag":[],"class_list":{"0":"post-32174","1":"product","2":"type-product","3":"status-publish","5":"pwb-brand-ridex","6":"product_cat-jarrulevyt","7":"desktop-align-left","8":"tablet-align-left","9":"mobile-align-left","11":"first","12":"instock","13":"product-type-external"},"brands":[{"id":157,"name":"RIDEX","slug":"ridex"}],"_links":{"self":[{"href":"https:\/\/www.autonvaraosahaku.fi\/index.php?rest_route=\/wp\/v2\/product\/32174","targetHints":{"allow":["GET"]}}],"collection":[{"href":"https:\/\/www.autonvaraosahaku.fi\/index.php?rest_route=\/wp\/v2\/product"}],"about":[{"href":"https:\/\/www.autonvaraosahaku.fi\/index.php?rest_route=\/wp\/v2\/types\/product"}],"wp:attachment":[{"href":"https:\/\/www.autonvaraosahaku.fi\/index.php?rest_route=%2Fwp%2Fv2%2Fmedia&parent=32174"}],"wp:term":[{"taxonomy":"pwb-brand","embeddable":true,"href":"https:\/\/www.autonvaraosahaku.fi\/index.php?rest_route=%2Fwp%2Fv2%2Fpwb-brand&post=32174"},{"taxonomy":"product_cat","embeddable":true,"href":"https:\/\/www.autonvaraosahaku.fi\/index.php?rest_route=%2Fwp%2Fv2%2Fproduct_cat&post=32174"},{"taxonomy":"product_tag","embeddable":true,"href":"https:\/\/www.autonvaraosahaku.fi\/index.php?rest_route=%2Fwp%2Fv2%2Fproduct_tag&post=32174"}],"curies":[{"name":"wp","href":"https:\/\/api.w.org\/{rel}","templated":true}]}}