{"id":32183,"date":"2021-02-21T16:12:53","date_gmt":"2021-02-21T16:12:53","guid":{"rendered":"https:\/\/www.autonvaraosahaku.fi\/?product=elring-596-981-venttiilinvarren-kumit"},"modified":"2021-02-21T16:12:54","modified_gmt":"2021-02-21T16:12:54","slug":"elring-596-981-venttiilinvarren-kumit","status":"publish","type":"product","link":"https:\/\/www.autonvaraosahaku.fi\/?product=elring-596-981-venttiilinvarren-kumit","title":{"rendered":"ELRING 596.981 Venttiilinvarren kumit"},"content":{"rendered":"<p>Venttiilinvarren l\u00e4pimitta [mm]: 9, 9; Sis\u00e4l\u00e4pimitta [mm]: 12,9; Ulkol\u00e4pimitta [mm]: 16; Korkeus (mm): 11,3; Materiaali: FPM (fluori-kumi); Asennuspuoli: Einlassseite; PORSCHE: 944,924,911,928,914,911 964,911 Targa,911 Cabriolet,911 Cabriolet 964,911 Targa 964,911 Speedster 964; RENAULT TRUCKS: AGORA,ARES,C,FR1,G,ILIADE,KERAX,MAJOR,MANAGER,MAXTER,PR,PREMIUM,PREMIUM 2,R,TB,TRACER; MACK: Manager,Maxter,Midliner; 92810419312, 93010411104, 96410411104, 96410411105, 96410411106, 96410411107, 5010295494<\/p>\n","protected":false},"excerpt":{"rendered":"<p>ELRING Tiiviste, Venttiilivarsi 596.981  PORSCHE,RENAULT TRUCKS,MACK,944,924,911,928,914,911 964,911 Targa,911 Cabriolet,911 Cabriolet 964<\/p>\n","protected":false},"featured_media":0,"template":"","meta":{"site-sidebar-layout":"default","site-content-layout":"default","ast-global-header-display":"","ast-main-header-display":"","ast-hfb-above-header-display":"","ast-hfb-below-header-display":"","ast-hfb-mobile-header-display":"","site-post-title":"","ast-breadcrumbs-content":"","ast-featured-img":"","footer-sml-layout":"","theme-transparent-header-meta":"","adv-header-id-meta":"","stick-header-meta":"","header-above-stick-meta":"","header-main-stick-meta":"","header-below-stick-meta":""},"pwb-brand":[26],"product_cat":[170],"product_tag":[],"class_list":{"0":"post-32183","1":"product","2":"type-product","3":"status-publish","5":"pwb-brand-elring","6":"product_cat-venttiilinvarren-kumit","7":"desktop-align-left","8":"tablet-align-left","9":"mobile-align-left","11":"first","12":"instock","13":"product-type-external"},"brands":[{"id":26,"name":"ELRING","slug":"elring"}],"_links":{"self":[{"href":"https:\/\/www.autonvaraosahaku.fi\/index.php?rest_route=\/wp\/v2\/product\/32183","targetHints":{"allow":["GET"]}}],"collection":[{"href":"https:\/\/www.autonvaraosahaku.fi\/index.php?rest_route=\/wp\/v2\/product"}],"about":[{"href":"https:\/\/www.autonvaraosahaku.fi\/index.php?rest_route=\/wp\/v2\/types\/product"}],"wp:attachment":[{"href":"https:\/\/www.autonvaraosahaku.fi\/index.php?rest_route=%2Fwp%2Fv2%2Fmedia&parent=32183"}],"wp:term":[{"taxonomy":"pwb-brand","embeddable":true,"href":"https:\/\/www.autonvaraosahaku.fi\/index.php?rest_route=%2Fwp%2Fv2%2Fpwb-brand&post=32183"},{"taxonomy":"product_cat","embeddable":true,"href":"https:\/\/www.autonvaraosahaku.fi\/index.php?rest_route=%2Fwp%2Fv2%2Fproduct_cat&post=32183"},{"taxonomy":"product_tag","embeddable":true,"href":"https:\/\/www.autonvaraosahaku.fi\/index.php?rest_route=%2Fwp%2Fv2%2Fproduct_tag&post=32183"}],"curies":[{"name":"wp","href":"https:\/\/api.w.org\/{rel}","templated":true}]}}