{"id":32220,"date":"2021-02-21T16:13:03","date_gmt":"2021-02-21T16:13:03","guid":{"rendered":"https:\/\/www.autonvaraosahaku.fi\/?product=febi-bilstein-30125-hihnapyora"},"modified":"2021-02-21T16:13:03","modified_gmt":"2021-02-21T16:13:03","slug":"febi-bilstein-30125-hihnapyora","status":"publish","type":"product","link":"https:\/\/www.autonvaraosahaku.fi\/?product=febi-bilstein-30125-hihnapyora","title":{"rendered":"FEBI BILSTEIN 30125 Hihnapy\u00f6r\u00e4"},"content":{"rendered":"<p>Paksuus [mm]: 42,0; Sis\u00e4l\u00e4pimitta [mm]: 40,0; Ulkol\u00e4pimitta [mm]: 122,0; Paino [kg]: 0,210; kiiloja: 6, 6; Valmistusvuosi alkaen: 09\/1998; BMW: 3 E46,5 E39,5 E60,5 Touring E61,3 Touring E46,X3 E83,5 Touring E39,3 Compact E46,3 Coupe E46,X5 E53,3 Cabriolet E46,7 E38,Z3 E36,Z4 E85,7 E65, E66, E67,Z3 Coupe E36; 11511436590<\/p>\n","protected":false},"excerpt":{"rendered":"<p>FEBI BILSTEIN Hihnapy\u00f6r\u00e4 Vesipumppu febi Plus 30125  BMW,3 E46,5 E39,5 E60,5 Touring E61,3 Touring E46,X3 E83,5 Touring E39,3 Compact E46,3 Coupe E46<\/p>\n","protected":false},"featured_media":0,"template":"","meta":{"site-sidebar-layout":"default","site-content-layout":"default","ast-global-header-display":"","ast-main-header-display":"","ast-hfb-above-header-display":"","ast-hfb-below-header-display":"","ast-hfb-mobile-header-display":"","site-post-title":"","ast-breadcrumbs-content":"","ast-featured-img":"","footer-sml-layout":"","theme-transparent-header-meta":"","adv-header-id-meta":"","stick-header-meta":"","header-above-stick-meta":"","header-main-stick-meta":"","header-below-stick-meta":""},"pwb-brand":[50],"product_cat":[289],"product_tag":[],"class_list":{"0":"post-32220","1":"product","2":"type-product","3":"status-publish","5":"pwb-brand-febi-bilstein","6":"product_cat-hihnapyora","7":"desktop-align-left","8":"tablet-align-left","9":"mobile-align-left","11":"first","12":"instock","13":"product-type-external"},"brands":[{"id":50,"name":"FEBI BILSTEIN","slug":"febi-bilstein"}],"_links":{"self":[{"href":"https:\/\/www.autonvaraosahaku.fi\/index.php?rest_route=\/wp\/v2\/product\/32220","targetHints":{"allow":["GET"]}}],"collection":[{"href":"https:\/\/www.autonvaraosahaku.fi\/index.php?rest_route=\/wp\/v2\/product"}],"about":[{"href":"https:\/\/www.autonvaraosahaku.fi\/index.php?rest_route=\/wp\/v2\/types\/product"}],"wp:attachment":[{"href":"https:\/\/www.autonvaraosahaku.fi\/index.php?rest_route=%2Fwp%2Fv2%2Fmedia&parent=32220"}],"wp:term":[{"taxonomy":"pwb-brand","embeddable":true,"href":"https:\/\/www.autonvaraosahaku.fi\/index.php?rest_route=%2Fwp%2Fv2%2Fpwb-brand&post=32220"},{"taxonomy":"product_cat","embeddable":true,"href":"https:\/\/www.autonvaraosahaku.fi\/index.php?rest_route=%2Fwp%2Fv2%2Fproduct_cat&post=32220"},{"taxonomy":"product_tag","embeddable":true,"href":"https:\/\/www.autonvaraosahaku.fi\/index.php?rest_route=%2Fwp%2Fv2%2Fproduct_tag&post=32220"}],"curies":[{"name":"wp","href":"https:\/\/api.w.org\/{rel}","templated":true}]}}