{"id":32228,"date":"2021-02-21T16:13:03","date_gmt":"2021-02-21T16:13:03","guid":{"rendered":"https:\/\/www.autonvaraosahaku.fi\/?product=febi-bilstein-11807-nokka-akselin-tiiviste"},"modified":"2021-02-21T16:13:05","modified_gmt":"2021-02-21T16:13:05","slug":"febi-bilstein-11807-nokka-akselin-tiiviste","status":"publish","type":"product","link":"https:\/\/www.autonvaraosahaku.fi\/?product=febi-bilstein-11807-nokka-akselin-tiiviste","title":{"rendered":"FEBI BILSTEIN 11807 Nokka akselin tiiviste"},"content":{"rendered":"<p>Paksuus [mm]: 8,0; Sis\u00e4l\u00e4pimitta [mm]: 35,0; Ulkol\u00e4pimitta [mm]: 50,0; Asennuspuoli: Etup\u00e4\u00e4, Vaihteiston puoli; Paino [kg]: 0,02, 0,02; Huomioi tekniset tiedot: ; LANCIA: ZETA 220; FIAT: ULYSSE 220; CITRO\u00cbN: XM Y4,XANTIA X1,EVASION 22, U6,ZX N2,XM Y3,XANTIA Break X1,ZX Break N2,XM Break Y4,C15 VD-_,XM Break Y3,C15 Kombi; PEUGEOT: 306 Schr\u00e4gheck 7A, 7C, N3, N5,406 Break 8E\/F,205 II 20A\/C,406 8B,806 221,J5 Bus 290P,309 II 3C, 3A,205 I 741A\/C,J5 Kasten 290L,405 I 15B,605 6B,405 II 4B,309 I 10C, 10A,405 II Break 4E,405 I Break 15E; 023614, 23614, 9400236149, 9400236149, 023614, 23614; Akselitiiviste, Nokka-Akseli<\/p>\n","protected":false},"excerpt":{"rendered":"<p>FEBI BILSTEIN Nokka Akselin Tiiviste 11807 Akselitiiviste, Nokka-Akseli LANCIA,FIAT,CITRO\u00cbN,ZETA 220,ULYSSE 220,XM Y4,XANTIA X1,EVASION 22, U6,ZX N2<\/p>\n","protected":false},"featured_media":0,"template":"","meta":{"site-sidebar-layout":"default","site-content-layout":"default","ast-global-header-display":"","ast-main-header-display":"","ast-hfb-above-header-display":"","ast-hfb-below-header-display":"","ast-hfb-mobile-header-display":"","site-post-title":"","ast-breadcrumbs-content":"","ast-featured-img":"","footer-sml-layout":"","theme-transparent-header-meta":"","adv-header-id-meta":"","stick-header-meta":"","header-above-stick-meta":"","header-main-stick-meta":"","header-below-stick-meta":""},"pwb-brand":[50],"product_cat":[122],"product_tag":[],"class_list":{"0":"post-32228","1":"product","2":"type-product","3":"status-publish","5":"pwb-brand-febi-bilstein","6":"product_cat-nokka-akselin-tiiviste","7":"desktop-align-left","8":"tablet-align-left","9":"mobile-align-left","11":"first","12":"instock","13":"product-type-external"},"brands":[{"id":50,"name":"FEBI BILSTEIN","slug":"febi-bilstein"}],"_links":{"self":[{"href":"https:\/\/www.autonvaraosahaku.fi\/index.php?rest_route=\/wp\/v2\/product\/32228","targetHints":{"allow":["GET"]}}],"collection":[{"href":"https:\/\/www.autonvaraosahaku.fi\/index.php?rest_route=\/wp\/v2\/product"}],"about":[{"href":"https:\/\/www.autonvaraosahaku.fi\/index.php?rest_route=\/wp\/v2\/types\/product"}],"wp:attachment":[{"href":"https:\/\/www.autonvaraosahaku.fi\/index.php?rest_route=%2Fwp%2Fv2%2Fmedia&parent=32228"}],"wp:term":[{"taxonomy":"pwb-brand","embeddable":true,"href":"https:\/\/www.autonvaraosahaku.fi\/index.php?rest_route=%2Fwp%2Fv2%2Fpwb-brand&post=32228"},{"taxonomy":"product_cat","embeddable":true,"href":"https:\/\/www.autonvaraosahaku.fi\/index.php?rest_route=%2Fwp%2Fv2%2Fproduct_cat&post=32228"},{"taxonomy":"product_tag","embeddable":true,"href":"https:\/\/www.autonvaraosahaku.fi\/index.php?rest_route=%2Fwp%2Fv2%2Fproduct_tag&post=32228"}],"curies":[{"name":"wp","href":"https:\/\/api.w.org\/{rel}","templated":true}]}}