{"id":32232,"date":"2021-02-21T16:13:03","date_gmt":"2021-02-21T16:13:03","guid":{"rendered":"https:\/\/www.autonvaraosahaku.fi\/?product=topran-114-754-lasinnostimen-kytkin"},"modified":"2021-02-21T16:13:06","modified_gmt":"2021-02-21T16:13:06","slug":"topran-114-754-lasinnostimen-kytkin","status":"publish","type":"product","link":"https:\/\/www.autonvaraosahaku.fi\/?product=topran-114-754-lasinnostimen-kytkin","title":{"rendered":"TOPRAN 114 754 Lasinnostimen kytkin"},"content":{"rendered":"<p>Asennuspuoli: Edess\u00e4, Etu, vasen, Ajoneuvo-ovi; V\u00e4ri: Musta; V\u00e4rikoodi: 5PR; Oviluku: 4; Varusteet: ajon. s\u00e4hk\u00f6-ikkunanostimilla edess\u00e4 ja takana; Vasen \/ oikea liikenne: Oikean-\/vasemmanpuolinen ohjaus; Kotelomateriaali: Muovi; K\u00e4ytt\u00f6tapa: Vipukytkin; Asennusmalli: Liitin; Yhdistelm\u00e4kytkintoiminto: Turvakytkint\u00e4; Valmistusvuoteen: 05\/2011; AUDI: A6 Avant 4F5, C6,A3 8P1,A3 Sportback 8PA,A6 4F2, C6,Q7 4L; 4F0959851, 4F09598515PR, 4F0959851C, 4F0959851C5PR, 4F0959851F, 4F0959851F5PR; Kytkin, Lasinnostin<\/p>\n","protected":false},"excerpt":{"rendered":"<p>TOPRAN Lasinnostimen Kytkin 114 754 Kytkin, Lasinnostin AUDI,A6 Avant 4F5, C6,A3 8P1,A3 Sportback 8PA,A6 4F2, C6,Q7 4L<\/p>\n","protected":false},"featured_media":0,"template":"","meta":{"site-sidebar-layout":"default","site-content-layout":"default","ast-global-header-display":"","ast-main-header-display":"","ast-hfb-above-header-display":"","ast-hfb-below-header-display":"","ast-hfb-mobile-header-display":"","site-post-title":"","ast-breadcrumbs-content":"","ast-featured-img":"","footer-sml-layout":"","theme-transparent-header-meta":"","adv-header-id-meta":"","stick-header-meta":"","header-above-stick-meta":"","header-main-stick-meta":"","header-below-stick-meta":""},"pwb-brand":[18],"product_cat":[135],"product_tag":[],"class_list":{"0":"post-32232","1":"product","2":"type-product","3":"status-publish","5":"pwb-brand-topran","6":"product_cat-lasinnostimen-kytkin","7":"desktop-align-left","8":"tablet-align-left","9":"mobile-align-left","11":"first","12":"instock","13":"product-type-external"},"brands":[{"id":18,"name":"TOPRAN","slug":"topran"}],"_links":{"self":[{"href":"https:\/\/www.autonvaraosahaku.fi\/index.php?rest_route=\/wp\/v2\/product\/32232","targetHints":{"allow":["GET"]}}],"collection":[{"href":"https:\/\/www.autonvaraosahaku.fi\/index.php?rest_route=\/wp\/v2\/product"}],"about":[{"href":"https:\/\/www.autonvaraosahaku.fi\/index.php?rest_route=\/wp\/v2\/types\/product"}],"wp:attachment":[{"href":"https:\/\/www.autonvaraosahaku.fi\/index.php?rest_route=%2Fwp%2Fv2%2Fmedia&parent=32232"}],"wp:term":[{"taxonomy":"pwb-brand","embeddable":true,"href":"https:\/\/www.autonvaraosahaku.fi\/index.php?rest_route=%2Fwp%2Fv2%2Fpwb-brand&post=32232"},{"taxonomy":"product_cat","embeddable":true,"href":"https:\/\/www.autonvaraosahaku.fi\/index.php?rest_route=%2Fwp%2Fv2%2Fproduct_cat&post=32232"},{"taxonomy":"product_tag","embeddable":true,"href":"https:\/\/www.autonvaraosahaku.fi\/index.php?rest_route=%2Fwp%2Fv2%2Fproduct_tag&post=32232"}],"curies":[{"name":"wp","href":"https:\/\/api.w.org\/{rel}","templated":true}]}}