{"id":32282,"date":"2021-02-21T16:13:18","date_gmt":"2021-02-21T16:13:18","guid":{"rendered":"https:\/\/www.autonvaraosahaku.fi\/?product=topran-723-405-pyoranpultit"},"modified":"2021-02-21T16:13:19","modified_gmt":"2021-02-21T16:13:19","slug":"topran-723-405-pyoranpultit","status":"publish","type":"product","link":"https:\/\/www.autonvaraosahaku.fi\/?product=topran-723-405-pyoranpultit","title":{"rendered":"TOPRAN 723 405 Py\u00f6r\u00e4npultit"},"content":{"rendered":"<p>Kierrenousu (mm): 1,5; Kierremitta: M 12; Huomioi ajoneuvovalmistajan vaatimukset: ; Avainv\u00e4li: 17; Kierteen pituus (mm): 20; Kovuusluokka: 10.9; Kokonaispituus (mm): 42; Ruuvikanta\/mutteriprofiili: Kuusioruuvi \/-mutteri; Vanteet: f\u00fcr Stahlfelgen; PEUGEOT: 107,108; CITRO\u00cbN: C1 PM_, PN_,C1 II; 540577, 540577, 90942W2001; Py\u00f6r\u00e4nruuvi<\/p>\n","protected":false},"excerpt":{"rendered":"<p>TOPRAN Py\u00f6r\u00e4npultit 723 405 Py\u00f6r\u00e4nruuvi PEUGEOT,CITRO\u00cbN,107,108,C1 PM_, PN_,C1 II<\/p>\n","protected":false},"featured_media":0,"template":"","meta":{"site-sidebar-layout":"default","site-content-layout":"default","ast-global-header-display":"","ast-main-header-display":"","ast-hfb-above-header-display":"","ast-hfb-below-header-display":"","ast-hfb-mobile-header-display":"","site-post-title":"","ast-breadcrumbs-content":"","ast-featured-img":"","footer-sml-layout":"","theme-transparent-header-meta":"","adv-header-id-meta":"","stick-header-meta":"","header-above-stick-meta":"","header-main-stick-meta":"","header-below-stick-meta":""},"pwb-brand":[18],"product_cat":[51],"product_tag":[],"class_list":{"0":"post-32282","1":"product","2":"type-product","3":"status-publish","5":"pwb-brand-topran","6":"product_cat-pyoranpultit","7":"desktop-align-left","8":"tablet-align-left","9":"mobile-align-left","11":"first","12":"instock","13":"product-type-external"},"brands":[{"id":18,"name":"TOPRAN","slug":"topran"}],"_links":{"self":[{"href":"https:\/\/www.autonvaraosahaku.fi\/index.php?rest_route=\/wp\/v2\/product\/32282","targetHints":{"allow":["GET"]}}],"collection":[{"href":"https:\/\/www.autonvaraosahaku.fi\/index.php?rest_route=\/wp\/v2\/product"}],"about":[{"href":"https:\/\/www.autonvaraosahaku.fi\/index.php?rest_route=\/wp\/v2\/types\/product"}],"wp:attachment":[{"href":"https:\/\/www.autonvaraosahaku.fi\/index.php?rest_route=%2Fwp%2Fv2%2Fmedia&parent=32282"}],"wp:term":[{"taxonomy":"pwb-brand","embeddable":true,"href":"https:\/\/www.autonvaraosahaku.fi\/index.php?rest_route=%2Fwp%2Fv2%2Fpwb-brand&post=32282"},{"taxonomy":"product_cat","embeddable":true,"href":"https:\/\/www.autonvaraosahaku.fi\/index.php?rest_route=%2Fwp%2Fv2%2Fproduct_cat&post=32282"},{"taxonomy":"product_tag","embeddable":true,"href":"https:\/\/www.autonvaraosahaku.fi\/index.php?rest_route=%2Fwp%2Fv2%2Fproduct_tag&post=32282"}],"curies":[{"name":"wp","href":"https:\/\/api.w.org\/{rel}","templated":true}]}}