{"id":32321,"date":"2021-02-21T16:13:28","date_gmt":"2021-02-21T16:13:28","guid":{"rendered":"https:\/\/www.autonvaraosahaku.fi\/?product=ridex-3926a0029-ilmamassamittari"},"modified":"2021-02-21T16:13:28","modified_gmt":"2021-02-21T16:13:28","slug":"ridex-3926a0029-ilmamassamittari","status":"publish","type":"product","link":"https:\/\/www.autonvaraosahaku.fi\/?product=ridex-3926a0029-ilmamassamittari","title":{"rendered":"RIDEX 3926A0029 Ilmamassamittari"},"content":{"rendered":"<p>Liittimi\u00e4: 4; Ulkol\u00e4pimitta [mm]: 80; Kotelomalli: Kopalla; Nimellisj\u00e4nnite (V): 12; Pistokkeen kotelon muoto: suorakulmainen (rectangular); VOLVO: V50 MW,C30,S40 II MS; FORD: FOCUS II Kombi DA_,FOCUS II DA_,FOCUS C-MAX,FOCUS II Stufenheck DA_,FOCUS II Cabriolet; FIAT: SCUDO 270_,ULYSSE 179AX,SCUDO Kasten 270_,SCUDO Pritsche\/Fahrgestell 270_; CITRO\u00cbN: C5 III Break TD_,C8 EA_, EB_,C5 II Break RE_,C5 III RD_,C5 II RC_,C-CROSSER EP_,JUMPY,JUMPY Kasten; PEUGEOT: 407 SW 6E_,807 E,508 SW,607 9D, 9U,407 6D_,4007 GP_,508,407 Coupe 6C_,EXPERT Tepee VF3V_; 9645948980, 1232944, 123944, 1303898, 3M5A12B579AB, 8670093; Ilmam\u00e4\u00e4r\u00e4mittari,MAF Anturi<\/p>\n","protected":false},"excerpt":{"rendered":"<p>RIDEX Ilmamassamittari 3926A0029 Ilmam\u00e4\u00e4r\u00e4mittari,MAF Anturi VOLVO,FORD,FIAT,V50 MW,C30,S40 II MS,FOCUS II Kombi DA_,FOCUS II DA_,FOCUS C-MAX<\/p>\n","protected":false},"featured_media":0,"template":"","meta":{"site-sidebar-layout":"default","site-content-layout":"default","ast-global-header-display":"","ast-main-header-display":"","ast-hfb-above-header-display":"","ast-hfb-below-header-display":"","ast-hfb-mobile-header-display":"","site-post-title":"","ast-breadcrumbs-content":"","ast-featured-img":"","footer-sml-layout":"","theme-transparent-header-meta":"","adv-header-id-meta":"","stick-header-meta":"","header-above-stick-meta":"","header-main-stick-meta":"","header-below-stick-meta":""},"pwb-brand":[157],"product_cat":[270],"product_tag":[],"class_list":{"0":"post-32321","1":"product","2":"type-product","3":"status-publish","5":"pwb-brand-ridex","6":"product_cat-ilmamassamittari","7":"desktop-align-left","8":"tablet-align-left","9":"mobile-align-left","11":"first","12":"instock","13":"product-type-external"},"brands":[{"id":157,"name":"RIDEX","slug":"ridex"}],"_links":{"self":[{"href":"https:\/\/www.autonvaraosahaku.fi\/index.php?rest_route=\/wp\/v2\/product\/32321","targetHints":{"allow":["GET"]}}],"collection":[{"href":"https:\/\/www.autonvaraosahaku.fi\/index.php?rest_route=\/wp\/v2\/product"}],"about":[{"href":"https:\/\/www.autonvaraosahaku.fi\/index.php?rest_route=\/wp\/v2\/types\/product"}],"wp:attachment":[{"href":"https:\/\/www.autonvaraosahaku.fi\/index.php?rest_route=%2Fwp%2Fv2%2Fmedia&parent=32321"}],"wp:term":[{"taxonomy":"pwb-brand","embeddable":true,"href":"https:\/\/www.autonvaraosahaku.fi\/index.php?rest_route=%2Fwp%2Fv2%2Fpwb-brand&post=32321"},{"taxonomy":"product_cat","embeddable":true,"href":"https:\/\/www.autonvaraosahaku.fi\/index.php?rest_route=%2Fwp%2Fv2%2Fproduct_cat&post=32321"},{"taxonomy":"product_tag","embeddable":true,"href":"https:\/\/www.autonvaraosahaku.fi\/index.php?rest_route=%2Fwp%2Fv2%2Fproduct_tag&post=32321"}],"curies":[{"name":"wp","href":"https:\/\/api.w.org\/{rel}","templated":true}]}}