{"id":32333,"date":"2021-02-21T16:13:28","date_gmt":"2021-02-21T16:13:28","guid":{"rendered":"https:\/\/www.autonvaraosahaku.fi\/?product=beru-gn072-hehkutulppa"},"modified":"2021-02-21T16:13:30","modified_gmt":"2021-02-21T16:13:30","slug":"beru-gn072-hehkutulppa","status":"publish","type":"product","link":"https:\/\/www.autonvaraosahaku.fi\/?product=beru-gn072-hehkutulppa","title":{"rendered":"BERU GN072 Hehkutulppa"},"content":{"rendered":"<p>Hehkutulppatyyppi: j\u00e4lkihehkutuksenkest\u00e4v\u00e4, Hehkutulppa, puikko; J\u00e4nnite (V): 11; Liittimet: M4 \/ 2 Nm; Kokonaispituus (mm): 213; Asennussyvyys (mm): 23; Kierremitta: M10x1,25; Avainv\u00e4li: 12 mm; Virta (A): 10; Kartionousu: 123; Kiristysmomentti > [Nm]: 15; Kiristysmomentti enint\u00e4\u00e4n [Nm]: 20; Katkeamismomentti [Nm]: 35; Tarvittava kappalem\u00e4\u00e4r\u00e4: 4; NISSAN: TERRANO II R20,PATROL GR II Wagon Y61,INTERSTAR Kasten X70,INTERSTAR Bus X70,TERRANO Van R20,PATROL II Pritsche\/Fahrgestell Y61,INTERSTAR Pritsche\/Fahrgestell; RENAULT: MASTER II Kasten FD,MASTER II Pritsche\/Fahrgestell ED\/HD\/UD,MASTER II Bus JD; 110652W202, 110652W204, 110652W20A, 110652W211, 110652W212, 110652W21A<\/p>\n","protected":false},"excerpt":{"rendered":"<p>BERU Hehkutulppa GN072  NISSAN,RENAULT,TERRANO II R20,PATROL GR II Wagon Y61,INTERSTAR Kasten X70,INTERSTAR Bus X70,TERRANO Van R20<\/p>\n","protected":false},"featured_media":0,"template":"","meta":{"site-sidebar-layout":"default","site-content-layout":"default","ast-global-header-display":"","ast-main-header-display":"","ast-hfb-above-header-display":"","ast-hfb-below-header-display":"","ast-hfb-mobile-header-display":"","site-post-title":"","ast-breadcrumbs-content":"","ast-featured-img":"","footer-sml-layout":"","theme-transparent-header-meta":"","adv-header-id-meta":"","stick-header-meta":"","header-above-stick-meta":"","header-main-stick-meta":"","header-below-stick-meta":""},"pwb-brand":[327],"product_cat":[52],"product_tag":[],"class_list":{"0":"post-32333","1":"product","2":"type-product","3":"status-publish","5":"pwb-brand-beru","6":"product_cat-hehkutulppa","7":"desktop-align-left","8":"tablet-align-left","9":"mobile-align-left","11":"first","12":"instock","13":"product-type-external"},"brands":[{"id":327,"name":"BERU","slug":"beru"}],"_links":{"self":[{"href":"https:\/\/www.autonvaraosahaku.fi\/index.php?rest_route=\/wp\/v2\/product\/32333","targetHints":{"allow":["GET"]}}],"collection":[{"href":"https:\/\/www.autonvaraosahaku.fi\/index.php?rest_route=\/wp\/v2\/product"}],"about":[{"href":"https:\/\/www.autonvaraosahaku.fi\/index.php?rest_route=\/wp\/v2\/types\/product"}],"wp:attachment":[{"href":"https:\/\/www.autonvaraosahaku.fi\/index.php?rest_route=%2Fwp%2Fv2%2Fmedia&parent=32333"}],"wp:term":[{"taxonomy":"pwb-brand","embeddable":true,"href":"https:\/\/www.autonvaraosahaku.fi\/index.php?rest_route=%2Fwp%2Fv2%2Fpwb-brand&post=32333"},{"taxonomy":"product_cat","embeddable":true,"href":"https:\/\/www.autonvaraosahaku.fi\/index.php?rest_route=%2Fwp%2Fv2%2Fproduct_cat&post=32333"},{"taxonomy":"product_tag","embeddable":true,"href":"https:\/\/www.autonvaraosahaku.fi\/index.php?rest_route=%2Fwp%2Fv2%2Fproduct_tag&post=32333"}],"curies":[{"name":"wp","href":"https:\/\/api.w.org\/{rel}","templated":true}]}}