{"id":32334,"date":"2021-02-21T16:13:28","date_gmt":"2021-02-21T16:13:28","guid":{"rendered":"https:\/\/www.autonvaraosahaku.fi\/?product=beru-z234-sytytystulpat"},"modified":"2021-02-21T16:13:30","modified_gmt":"2021-02-21T16:13:30","slug":"beru-z234-sytytystulpat","status":"publish","type":"product","link":"https:\/\/www.autonvaraosahaku.fi\/?product=beru-z234-sytytystulpat","title":{"rendered":"BERU Z234 Sytytystulpat"},"content":{"rendered":"<p>K\u00e4rkiv\u00e4li (mm): 0,9; Liittimet: SAE; Kierremitta: M12x1,25; Avainv\u00e4li: 16 mm; Sytytystulppa: 1-maaelektroodi, suoralla istukalla; Kierteen pituus (mm): 19; Teknisten tietojen numero: 12 FR-7 DU; Itsepalvelupakattu, katso osaluettelo: ; Kiristysmomentti > [Nm]: 15; Kiristysmomentti enint\u00e4\u00e4n [Nm]: 25; Tuotelinja: ULTRA; Tarvittava kappalem\u00e4\u00e4r\u00e4: 4; OPEL: COMBO Tour X12; FIAT: GRANDE PUNTO 199,PUNTO 188,PANDA 169,500 312,SEICENTO 187,PUNTO EVO 199,500 C 312,PUNTO 176,PANDA Van 169,QUBO 225,500L,PUNTO Van 188AX,BRAVO I 182,BRAVA 182,PUNTO Cabriolet 176C,MAREA Weekend 185,FIORINO Kasten\/Kombi 225,MAREA 185,SIENA 178_; SUZUKI: ALTO HA24,WAGON R+ EM; ALFA ROMEO: MITO 955; DAIHATSU: SIRION M3_,MATERIA M4_,TERIOS J2_; LANCIA: YPSILON 843,Y 840A; 9004851197, 46461873, 46531917, 46531919, 46799928, 46823299, 55198201, 71377139, 1A0218110, 0948200527, 9048200448, 9482369; Tulpat,Sytytystulppa<\/p>\n","protected":false},"excerpt":{"rendered":"<p>BERU Sytytystulpat Z234 Tulpat,Sytytystulppa OPEL,FIAT,SUZUKI,COMBO Tour X12,GRANDE PUNTO 199,PUNTO 188,PANDA 169,500 312,SEICENTO 187,PUNTO EVO 199<\/p>\n","protected":false},"featured_media":0,"template":"","meta":{"site-sidebar-layout":"default","site-content-layout":"default","ast-global-header-display":"","ast-main-header-display":"","ast-hfb-above-header-display":"","ast-hfb-below-header-display":"","ast-hfb-mobile-header-display":"","site-post-title":"","ast-breadcrumbs-content":"","ast-featured-img":"","footer-sml-layout":"","theme-transparent-header-meta":"","adv-header-id-meta":"","stick-header-meta":"","header-above-stick-meta":"","header-main-stick-meta":"","header-below-stick-meta":""},"pwb-brand":[327],"product_cat":[165],"product_tag":[],"class_list":{"0":"post-32334","1":"product","2":"type-product","3":"status-publish","5":"pwb-brand-beru","6":"product_cat-sytytystulpat","7":"desktop-align-left","8":"tablet-align-left","9":"mobile-align-left","11":"first","12":"instock","13":"product-type-external"},"brands":[{"id":327,"name":"BERU","slug":"beru"}],"_links":{"self":[{"href":"https:\/\/www.autonvaraosahaku.fi\/index.php?rest_route=\/wp\/v2\/product\/32334","targetHints":{"allow":["GET"]}}],"collection":[{"href":"https:\/\/www.autonvaraosahaku.fi\/index.php?rest_route=\/wp\/v2\/product"}],"about":[{"href":"https:\/\/www.autonvaraosahaku.fi\/index.php?rest_route=\/wp\/v2\/types\/product"}],"wp:attachment":[{"href":"https:\/\/www.autonvaraosahaku.fi\/index.php?rest_route=%2Fwp%2Fv2%2Fmedia&parent=32334"}],"wp:term":[{"taxonomy":"pwb-brand","embeddable":true,"href":"https:\/\/www.autonvaraosahaku.fi\/index.php?rest_route=%2Fwp%2Fv2%2Fpwb-brand&post=32334"},{"taxonomy":"product_cat","embeddable":true,"href":"https:\/\/www.autonvaraosahaku.fi\/index.php?rest_route=%2Fwp%2Fv2%2Fproduct_cat&post=32334"},{"taxonomy":"product_tag","embeddable":true,"href":"https:\/\/www.autonvaraosahaku.fi\/index.php?rest_route=%2Fwp%2Fv2%2Fproduct_tag&post=32334"}],"curies":[{"name":"wp","href":"https:\/\/api.w.org\/{rel}","templated":true}]}}