{"id":32346,"date":"2021-02-21T16:13:32","date_gmt":"2021-02-21T16:13:32","guid":{"rendered":"https:\/\/www.autonvaraosahaku.fi\/?product=trw-gdb1504-jarrupalat"},"modified":"2021-02-21T16:13:33","modified_gmt":"2021-02-21T16:13:33","slug":"trw-gdb1504-jarrupalat","status":"publish","type":"product","link":"https:\/\/www.autonvaraosahaku.fi\/?product=trw-gdb1504-jarrupalat","title":{"rendered":"TRW GDB1504 Jarrupalat"},"content":{"rendered":"<p>Valmistaja rajaus: TRW; Pituus (mm): 87,0; Korkeus (mm): 52,9; Paksuus [mm]: 17,0; Kulumisenilmaisimen liitos: Ei kulumisenilmaisimelle; Lis\u00e4tarvike\/lis\u00e4tieto: Tarvikkeilla; Korvaava tuote\/korvaava tiedote 2: Jarrusatulan ruuveilla; Tarkistuskilpi: E9 90R 01120\/457; M\u00e4\u00e4r\u00e4yksikk\u00f6: Akselisarja; Tuotelinja: COTEC; Asennuspuoli: Hinterachse; VW: SHARAN 7M8, 7M9, 7M6,BORA 1J2,BORA Kombi 1J6; AUDI: A6 Avant 4B5, C5,A6 4B2, C5,A8 4D2, 4D8; SEAT: ALHAMBRA 7V8, 7V9; LANCIA: PHEDRA 179; FORD: GALAXY WGR; FIAT: ULYSSE 179AX,ULYSSE 220; CITRO\u00cbN: BERLINGO MF,XSARA PICASSO N68,BERLINGO B9,C8 EA_, EB_,C4 II B7,BERLINGO Kasten B9,DS4,BERLINGO Pritsche\/Fahrgestell B9; PEUGEOT: 807 E,PARTNER Tepee,PARTNER Kasten,405 II Break 4E; DS: DS 4 \/ DS 4 CROSSBACK; 4D0698451C, 7M0698451, 1613193480, 425232, 425233, 425441, 4254C5, 1613193480, 9404252328, 9467648988, 1001096, 7354162, 95WX2M008BA, 9404252328, 9467648988, 425232, 425441, 4254C5, E172281, 4D0698451C, 7M0698451, 4D0698451C, 7M0698451; Jarrupalasarja,Jarrupala, Levyjarru<\/p>\n","protected":false},"excerpt":{"rendered":"<p>TRW Jarrupalat GDB1504 Jarrupalasarja,Jarrupala, Levyjarru VW,AUDI,SEAT,SHARAN 7M8, 7M9, 7M6,BORA 1J2,BORA Kombi 1J6,A6 Avant 4B5, C5,A6 4B2, C5<\/p>\n","protected":false},"featured_media":0,"template":"","meta":{"site-sidebar-layout":"default","site-content-layout":"default","ast-global-header-display":"","ast-main-header-display":"","ast-hfb-above-header-display":"","ast-hfb-below-header-display":"","ast-hfb-mobile-header-display":"","site-post-title":"","ast-breadcrumbs-content":"","ast-featured-img":"","footer-sml-layout":"","theme-transparent-header-meta":"","adv-header-id-meta":"","stick-header-meta":"","header-above-stick-meta":"","header-main-stick-meta":"","header-below-stick-meta":""},"pwb-brand":[332],"product_cat":[100],"product_tag":[],"class_list":{"0":"post-32346","1":"product","2":"type-product","3":"status-publish","5":"pwb-brand-trw","6":"product_cat-jarrupalat","7":"desktop-align-left","8":"tablet-align-left","9":"mobile-align-left","11":"first","12":"instock","13":"product-type-external"},"brands":[{"id":332,"name":"TRW","slug":"trw"}],"_links":{"self":[{"href":"https:\/\/www.autonvaraosahaku.fi\/index.php?rest_route=\/wp\/v2\/product\/32346","targetHints":{"allow":["GET"]}}],"collection":[{"href":"https:\/\/www.autonvaraosahaku.fi\/index.php?rest_route=\/wp\/v2\/product"}],"about":[{"href":"https:\/\/www.autonvaraosahaku.fi\/index.php?rest_route=\/wp\/v2\/types\/product"}],"wp:attachment":[{"href":"https:\/\/www.autonvaraosahaku.fi\/index.php?rest_route=%2Fwp%2Fv2%2Fmedia&parent=32346"}],"wp:term":[{"taxonomy":"pwb-brand","embeddable":true,"href":"https:\/\/www.autonvaraosahaku.fi\/index.php?rest_route=%2Fwp%2Fv2%2Fpwb-brand&post=32346"},{"taxonomy":"product_cat","embeddable":true,"href":"https:\/\/www.autonvaraosahaku.fi\/index.php?rest_route=%2Fwp%2Fv2%2Fproduct_cat&post=32346"},{"taxonomy":"product_tag","embeddable":true,"href":"https:\/\/www.autonvaraosahaku.fi\/index.php?rest_route=%2Fwp%2Fv2%2Fproduct_tag&post=32346"}],"curies":[{"name":"wp","href":"https:\/\/api.w.org\/{rel}","templated":true}]}}