{"id":32351,"date":"2021-02-21T16:13:32","date_gmt":"2021-02-21T16:13:32","guid":{"rendered":"https:\/\/www.autonvaraosahaku.fi\/?product=trw-df4053s-jarrulevyt"},"modified":"2021-02-21T16:13:34","modified_gmt":"2021-02-21T16:13:34","slug":"trw-df4053s-jarrulevyt","status":"publish","type":"product","link":"https:\/\/www.autonvaraosahaku.fi\/?product=trw-df4053s-jarrulevyt","title":{"rendered":"TRW DF4053S Jarrulevyt"},"content":{"rendered":"<p>Jarrulevytyyppi: Tuuletettu; Ulkol\u00e4pimitta [mm]: 305; Jarrulevyn paksuus (mm): 28; V\u00e4himm\u00e4ispaksuus (mm): 25; keskitt\u00e4misl\u00e4pimitta [mm]: 68; Korkeus (mm): 50,3; Reikien m\u00e4\u00e4r\u00e4: 5; Kierremitta: 16,5; Reik\u00e4ympyr\u00e4-\u00d8 [mm]: 108; V\u00e4ri: Musta; Pinta: Lakattu; Tarkistuskilpi: E190R-02 C0185\/0553; Asennuspuoli: Vorderachse; VOLVO: V70 II SW,V70 I LV,S60 I,S80 I TS, XY,XC70 CROSS COUNTRY; 272404, 2724045, 274170, 2741702, 274559, 31262707, 31262716, 31400740; Jarrulevy<\/p>\n","protected":false},"excerpt":{"rendered":"<p>TRW Jarrulevyt DF4053S Jarrulevy VOLVO,V70 II SW,V70 I LV,S60 I,S80 I TS, XY,XC70 CROSS COUNTRY<\/p>\n","protected":false},"featured_media":0,"template":"","meta":{"site-sidebar-layout":"default","site-content-layout":"default","ast-global-header-display":"","ast-main-header-display":"","ast-hfb-above-header-display":"","ast-hfb-below-header-display":"","ast-hfb-mobile-header-display":"","site-post-title":"","ast-breadcrumbs-content":"","ast-featured-img":"","footer-sml-layout":"","theme-transparent-header-meta":"","adv-header-id-meta":"","stick-header-meta":"","header-above-stick-meta":"","header-main-stick-meta":"","header-below-stick-meta":""},"pwb-brand":[332],"product_cat":[66],"product_tag":[],"class_list":{"0":"post-32351","1":"product","2":"type-product","3":"status-publish","5":"pwb-brand-trw","6":"product_cat-jarrulevyt","7":"desktop-align-left","8":"tablet-align-left","9":"mobile-align-left","11":"first","12":"instock","13":"product-type-external"},"brands":[{"id":332,"name":"TRW","slug":"trw"}],"_links":{"self":[{"href":"https:\/\/www.autonvaraosahaku.fi\/index.php?rest_route=\/wp\/v2\/product\/32351","targetHints":{"allow":["GET"]}}],"collection":[{"href":"https:\/\/www.autonvaraosahaku.fi\/index.php?rest_route=\/wp\/v2\/product"}],"about":[{"href":"https:\/\/www.autonvaraosahaku.fi\/index.php?rest_route=\/wp\/v2\/types\/product"}],"wp:attachment":[{"href":"https:\/\/www.autonvaraosahaku.fi\/index.php?rest_route=%2Fwp%2Fv2%2Fmedia&parent=32351"}],"wp:term":[{"taxonomy":"pwb-brand","embeddable":true,"href":"https:\/\/www.autonvaraosahaku.fi\/index.php?rest_route=%2Fwp%2Fv2%2Fpwb-brand&post=32351"},{"taxonomy":"product_cat","embeddable":true,"href":"https:\/\/www.autonvaraosahaku.fi\/index.php?rest_route=%2Fwp%2Fv2%2Fproduct_cat&post=32351"},{"taxonomy":"product_tag","embeddable":true,"href":"https:\/\/www.autonvaraosahaku.fi\/index.php?rest_route=%2Fwp%2Fv2%2Fproduct_tag&post=32351"}],"curies":[{"name":"wp","href":"https:\/\/api.w.org\/{rel}","templated":true}]}}