{"id":32371,"date":"2021-02-21T16:13:36","date_gmt":"2021-02-21T16:13:36","guid":{"rendered":"https:\/\/www.autonvaraosahaku.fi\/?product=corteco-12016918b-kampiakselin-tiiviste"},"modified":"2021-02-21T16:13:38","modified_gmt":"2021-02-21T16:13:38","slug":"corteco-12016918b-kampiakselin-tiiviste","status":"publish","type":"product","link":"https:\/\/www.autonvaraosahaku.fi\/?product=corteco-12016918b-kampiakselin-tiiviste","title":{"rendered":"CORTECO 12016918B Kampiakselin tiiviste"},"content":{"rendered":"<p>Asennuspuoli: Etup\u00e4\u00e4; Sis\u00e4l\u00e4pimitta 1 [mm]: 70; Ulkol\u00e4pimitta 1 [mm]: 159; Ulkol\u00e4pimitta 2 [mm]: 179; Korkeus 1 (mm): 16; Materiaali: FPM (fluori-kumi); Korvaava tuote\/korvaava tiedote 2: laipalla, asennushylsyill\u00e4; Moottorinumero: 8140.47; VW: SANTANA 32B; AUDI: 100 44, 44Q, C3; MERCEDES-BENZ: 190 W201,S-CLASS W126,G-CLASS W460,E-CLASS Kombi S124,KOMBI Kombi S123; BMW: 3 E36,3 E21,3 Touring E30; OPEL: ASTRA G CC F48_, F08_,CALIBRA A 85_,MOVANO Kasten F9,VECTRA A CC 88_, 89_,MOVANO Combi J9,KADETT C City,MOVANO Pritsche\/Fahrgestell U9, E9,MOVANO Kipper H9,KADETT D Caravan 35_, 36_, 45_, 46_,ARENA Bus,ARENA Kasten TB, TF,ARENA Kasten; FORD: FIESTA I GFBT,ESCORT V GAL; RENAULT: MASTER II Kasten FD,MASTER II Pritsche\/Fahrgestell ED\/HD\/UD,MASTER II Bus JD,19 II Cabriolet D53_, 853_,TRAFIC Kasten TXX,TRAFIC Bus TXW,20 127_,MASTER I Pritsche\/Fahrgestell P__,TRAFIC Pritsche\/Fahrgestell PXX; FIAT: DUCATO Pritsche\/Fahrgestell 230,DUCATO Bus 230,DUCATO Kasten 244,DUCATO Pritsche\/Fahrgestell 244,DUCATO Kasten 230L,DUCATO Bus 244, Z_,126,500; PEUGEOT: BOXER Kasten 230L,BOXER Kasten 244,BOXER Bus 230P,BOXER Bus 244, Z_,BOXER Pritsche\/Fahrgestell ZCT_,BOXER Pritsche\/Fahrgestell 244; CITRO\u00cbN: JUMPER Kasten 244,JUMPER Kasten 230L,JUMPER Bus 244, Z_,JUMPER Bus 230P,JUMPER Pritsche\/Fahrgestell 244,JUMPER Pritsche\/Fahrgestell 230; 0514A7, 0514C1, 500315684, 504059359, 504086312, 98461673, 500315684, 503646256, 504031409, 504059359, 504086305, 504086312, 504086313, 98461673, 4416058, 93184897, 051487, 0514A7, 0514C1, 7701044093, 5001865740, 7701044093; Akselitiiviste, Kampiakseli<\/p>\n","protected":false},"excerpt":{"rendered":"<p>CORTECO Kampiakselin Tiiviste 12016918B Akselitiiviste, Kampiakseli VW,AUDI,MERCEDES-BENZ,SANTANA 32B,100 44, 44Q, C3,190 W201,S-CLASS W126<\/p>\n","protected":false},"featured_media":0,"template":"","meta":{"site-sidebar-layout":"default","site-content-layout":"default","ast-global-header-display":"","ast-main-header-display":"","ast-hfb-above-header-display":"","ast-hfb-below-header-display":"","ast-hfb-mobile-header-display":"","site-post-title":"","ast-breadcrumbs-content":"","ast-featured-img":"","footer-sml-layout":"","theme-transparent-header-meta":"","adv-header-id-meta":"","stick-header-meta":"","header-above-stick-meta":"","header-main-stick-meta":"","header-below-stick-meta":""},"pwb-brand":[53],"product_cat":[88],"product_tag":[],"class_list":{"0":"post-32371","1":"product","2":"type-product","3":"status-publish","5":"pwb-brand-corteco","6":"product_cat-kampiakselin-tiiviste","7":"desktop-align-left","8":"tablet-align-left","9":"mobile-align-left","11":"first","12":"instock","13":"product-type-external"},"brands":[{"id":53,"name":"CORTECO","slug":"corteco"}],"_links":{"self":[{"href":"https:\/\/www.autonvaraosahaku.fi\/index.php?rest_route=\/wp\/v2\/product\/32371","targetHints":{"allow":["GET"]}}],"collection":[{"href":"https:\/\/www.autonvaraosahaku.fi\/index.php?rest_route=\/wp\/v2\/product"}],"about":[{"href":"https:\/\/www.autonvaraosahaku.fi\/index.php?rest_route=\/wp\/v2\/types\/product"}],"wp:attachment":[{"href":"https:\/\/www.autonvaraosahaku.fi\/index.php?rest_route=%2Fwp%2Fv2%2Fmedia&parent=32371"}],"wp:term":[{"taxonomy":"pwb-brand","embeddable":true,"href":"https:\/\/www.autonvaraosahaku.fi\/index.php?rest_route=%2Fwp%2Fv2%2Fpwb-brand&post=32371"},{"taxonomy":"product_cat","embeddable":true,"href":"https:\/\/www.autonvaraosahaku.fi\/index.php?rest_route=%2Fwp%2Fv2%2Fproduct_cat&post=32371"},{"taxonomy":"product_tag","embeddable":true,"href":"https:\/\/www.autonvaraosahaku.fi\/index.php?rest_route=%2Fwp%2Fv2%2Fproduct_tag&post=32371"}],"curies":[{"name":"wp","href":"https:\/\/api.w.org\/{rel}","templated":true}]}}