{"id":32409,"date":"2021-02-21T16:13:45","date_gmt":"2021-02-21T16:13:45","guid":{"rendered":"https:\/\/www.autonvaraosahaku.fi\/?product=freccia-r4230-s-imuventtiili"},"modified":"2021-02-21T16:13:46","modified_gmt":"2021-02-21T16:13:46","slug":"freccia-r4230-s-imuventtiili","status":"publish","type":"product","link":"https:\/\/www.autonvaraosahaku.fi\/?product=freccia-r4230-s-imuventtiili","title":{"rendered":"FRECCIA R4230\/S Imuventtiili"},"content":{"rendered":"<p>Venttiililautasen l\u00e4pimitta [mm]: 36,7; Venttiilinvarren l\u00e4pimitta [mm]: 7; Pituus (mm): 112,8; venttiiliistukan kulma [astetta]: 30; Materiaali: Kromi-siliciumter\u00e4s; Liittimet: E; TECDOC-moottorinumero: 658; CITRO\u00cbN: BERLINGO MF,C2 JM_,C3 I FC_,SAXO S0, S1,BERLINGO Kasten M_,C3 II,XSARA N1,C3 Pluriel HB_,XSARA Break N2,XSARA Coupe N0,AX ZA-_,NEMO Kasten AA_,ZX N2,BX XB-_,NEMO Kombi,ZX Break N2,C2 ENTERPRISE,BX Break XB-_,C15 VD-_,C15 Kombi,XSARA Kasten,XSARA Kasten\/Schr\u00e4gheck; PEUGEOT: 206 Schr\u00e4gheck 2A\/C,207 WA_, WC_,207 SW WK_,206 SW 2E\/K,106 II 1,206+ T3E,306 Schr\u00e4gheck 7A, 7C, N3, N5,1007 KM_,PARTNER Combispace 5F,106 I 1A, 1C,205 II 20A\/C,PARTNER Kasten 5,306 7B, N3, N5,205 I Cabriolet 741B, 20D,207 Stufenheck,206 Stufenheck,BIPPER AA_,309 II 3C, 3A,BIPPER Tepee,405 I 15B,405 II 4B,309 I 10C, 10A,405 II Break 4E,405 I Break 15E,205 Kasten,207 Van,306 Kasten\/Schr\u00e4gheck; 97531080, 97533266, 094858<\/p>\n","protected":false},"excerpt":{"rendered":"<p>FRECCIA Imuventtiili R4230\/S  CITRO\u00cbN,PEUGEOT,BERLINGO MF,C2 JM_,C3 I FC_,SAXO S0, S1,BERLINGO Kasten M_,C3 II,XSARA N1,C3 Pluriel HB_,XSARA Break N2<\/p>\n","protected":false},"featured_media":0,"template":"","meta":{"site-sidebar-layout":"default","site-content-layout":"default","ast-global-header-display":"","ast-main-header-display":"","ast-hfb-above-header-display":"","ast-hfb-below-header-display":"","ast-hfb-mobile-header-display":"","site-post-title":"","ast-breadcrumbs-content":"","ast-featured-img":"","footer-sml-layout":"","theme-transparent-header-meta":"","adv-header-id-meta":"","stick-header-meta":"","header-above-stick-meta":"","header-main-stick-meta":"","header-below-stick-meta":""},"pwb-brand":[345],"product_cat":[274],"product_tag":[],"class_list":{"0":"post-32409","1":"product","2":"type-product","3":"status-publish","5":"pwb-brand-freccia","6":"product_cat-imuventtiili","7":"desktop-align-left","8":"tablet-align-left","9":"mobile-align-left","11":"first","12":"instock","13":"product-type-external"},"brands":[{"id":345,"name":"FRECCIA","slug":"freccia"}],"_links":{"self":[{"href":"https:\/\/www.autonvaraosahaku.fi\/index.php?rest_route=\/wp\/v2\/product\/32409","targetHints":{"allow":["GET"]}}],"collection":[{"href":"https:\/\/www.autonvaraosahaku.fi\/index.php?rest_route=\/wp\/v2\/product"}],"about":[{"href":"https:\/\/www.autonvaraosahaku.fi\/index.php?rest_route=\/wp\/v2\/types\/product"}],"wp:attachment":[{"href":"https:\/\/www.autonvaraosahaku.fi\/index.php?rest_route=%2Fwp%2Fv2%2Fmedia&parent=32409"}],"wp:term":[{"taxonomy":"pwb-brand","embeddable":true,"href":"https:\/\/www.autonvaraosahaku.fi\/index.php?rest_route=%2Fwp%2Fv2%2Fpwb-brand&post=32409"},{"taxonomy":"product_cat","embeddable":true,"href":"https:\/\/www.autonvaraosahaku.fi\/index.php?rest_route=%2Fwp%2Fv2%2Fproduct_cat&post=32409"},{"taxonomy":"product_tag","embeddable":true,"href":"https:\/\/www.autonvaraosahaku.fi\/index.php?rest_route=%2Fwp%2Fv2%2Fproduct_tag&post=32409"}],"curies":[{"name":"wp","href":"https:\/\/api.w.org\/{rel}","templated":true}]}}