{"id":32428,"date":"2021-02-21T16:13:49","date_gmt":"2021-02-21T16:13:49","guid":{"rendered":"https:\/\/www.autonvaraosahaku.fi\/?product=hella-9xw-197-765-161-pyyhkijansulat"},"modified":"2021-02-21T16:13:51","modified_gmt":"2021-02-21T16:13:51","slug":"hella-9xw-197-765-161-pyyhkijansulat","status":"publish","type":"product","link":"https:\/\/www.autonvaraosahaku.fi\/?product=hella-9xw-197-765-161-pyyhkijansulat","title":{"rendered":"HELLA 9XW 197 765-161 Pyyhkij\u00e4nsulat"},"content":{"rendered":"<p>Asennuspuoli: Edess\u00e4, beifahrerseitig; Pituus (mm): 400; Lis\u00e4adapteri: Adapter 1)2)3)4)5)7); Pituus (tuumaa): 16; Vasen \/ oikea liikenne: Oikean-\/vasemmanpuolinen ohjaus; M\u00e4\u00e4r\u00e4: 1; Tuotelinja: Dyna Blade; Pyyhkij\u00e4nsulkatyyppi: Rungottomat; VW: POLO 9N_; BMW: 3 Coupe E92,3 Cabriolet E93; OPEL: CORSA D,ANTARA,COMBO Kasten\/Kombi,COMBO Tour,AGILA B H08,CORSA D Van,GT Cabriolet,COMBO Kasten\/Kombi X12,COMBO Tour X12; FORD: FIESTA V JH_, JD_,FOCUS II Kombi DA_,FOCUS II DA_,KUGA I,FUSION JU_,KA RB_,RANGER TKE,FOCUS II Stufenheck DA_,FOCUS II Cabriolet,KA Van RB; RENAULT: CLIO III BR0\/1, CR0\/1,TWINGO II CN0_,MEGANE III Grandtour KZ0\/1,SC\u00c9NIC I JA0\/1_,LAGUNA III Grandtour KT0\/1,MEGANE III Schr\u00e4gheck BZ0_,MEGANE III Coupe DZ0\/1_,CLIO Grandtour KR0\/1_,LAGUNA III BT0\/1,MEGANE CC EZ0\/1_,LAGUNA Coupe DT0\/1,WIND E4M_,FLUENCE L30_,LATITUDE L70_,CLIO III Kasten SB_, SR_,THALIA II LU1\/2_; FIAT: PANDA 169,PUNTO 176,CROMA 194,DOBLO Kasten\/Kombi 263,PANDA Van 169,IDEA,DOBLO Gro\u00dfraumlimousine 152, 263,PUNTO Cabriolet 176C,DOBLO Pritsche\/Fahrgestell 263,PUNTO Van 176L; PEUGEOT: 206 Schr\u00e4gheck 2A\/C,206 CC 2D,207 WA_, WC_,207 CC WD_,207 SW WK_,206 SW 2E\/K,206+ T3E,PARTNER Tepee,PARTNER Kasten,207 Stufenheck,206 Stufenheck,206 Van,207 Van,PARTNER Pritsche\/Fahrgestell; SEAT: IBIZA V 6J5, 6P5,IBIZA V ST 6J8, 6P8,IBIZA V SPORTCOUPE 6J1, 6P1; TOYOTA: AVENSIS Kombi T25,COROLLA Verso ZER_, ZZE12_, R1_,AURIS NRE15_, ZZE15_, ADE15_, ZRE15_, NDE15_,RAV 4 III ACA3_, ACE_, ALA3_, GSA3_, ZSA3_,COROLLA ZZE12_, NDE12_, ZDE12_,VERSO _AUR2_, _ZGR2_,AVENSIS T25_,YARIS VERSO _NLP2_, _NCP2_,COROLLA Kombi _E12J_, _E12T_,PRIUS Liftback NHW20_,AVENSIS Stufenheck T25,COROLLA Verso ZDE12_, CDE12_,CELICA ZZT23_,PRIUS ZVW3_,COROLLA Stufenheck _E12J_, _E12T_,PICNIC _XM10,AVENSIS VERSO _CLM2_, _ACM2_,LAND CRUISER PZJ7_, KZJ7_, HZJ7_, BJ7_, LJ7_, RJ7_,LAND CRUISER 100 UZJ100,PRIUS Stufenheck NHW11_,LAND CRUISER Pick-up _J7_,LAND CRUISER Hardtop _J7_; HYUNDAI: ix35 LM, EL, ELH,i10 PA,i20 PB, PBT,TUCSON JM,i40 CW VF,MATRIX FC,ATOS MX,ACCENT II LC,i40 VF,ACCENT III MC,ACCENT III Stufenheck MC,ACCENT II Stufenheck LC,S COUPE SLC,ACCENT IV RB,ACCENT IV Stufenheck RB; Tuulilasinpyyhkimet,Pyyhkij\u00e4t,Pyyhkij\u00e4nsulka<\/p>\n","protected":false},"excerpt":{"rendered":"<p>HELLA Pyyhkij\u00e4nsulat 9XW 197 765-161 Tuulilasinpyyhkimet,Pyyhkij\u00e4t VW,BMW,OPEL,POLO 9N_,3 Coupe E92,3 Cabriolet E93,CORSA D,ANTARA,COMBO Kasten\/Kombi<\/p>\n","protected":false},"featured_media":0,"template":"","meta":{"site-sidebar-layout":"default","site-content-layout":"default","ast-global-header-display":"","ast-main-header-display":"","ast-hfb-above-header-display":"","ast-hfb-below-header-display":"","ast-hfb-mobile-header-display":"","site-post-title":"","ast-breadcrumbs-content":"","ast-featured-img":"","footer-sml-layout":"","theme-transparent-header-meta":"","adv-header-id-meta":"","stick-header-meta":"","header-above-stick-meta":"","header-main-stick-meta":"","header-below-stick-meta":""},"pwb-brand":[24],"product_cat":[33],"product_tag":[],"class_list":{"0":"post-32428","1":"product","2":"type-product","3":"status-publish","5":"pwb-brand-hella","6":"product_cat-pyyhkijansulat","7":"desktop-align-left","8":"tablet-align-left","9":"mobile-align-left","11":"first","12":"instock","13":"product-type-external"},"brands":[{"id":24,"name":"HELLA","slug":"hella"}],"_links":{"self":[{"href":"https:\/\/www.autonvaraosahaku.fi\/index.php?rest_route=\/wp\/v2\/product\/32428","targetHints":{"allow":["GET"]}}],"collection":[{"href":"https:\/\/www.autonvaraosahaku.fi\/index.php?rest_route=\/wp\/v2\/product"}],"about":[{"href":"https:\/\/www.autonvaraosahaku.fi\/index.php?rest_route=\/wp\/v2\/types\/product"}],"wp:attachment":[{"href":"https:\/\/www.autonvaraosahaku.fi\/index.php?rest_route=%2Fwp%2Fv2%2Fmedia&parent=32428"}],"wp:term":[{"taxonomy":"pwb-brand","embeddable":true,"href":"https:\/\/www.autonvaraosahaku.fi\/index.php?rest_route=%2Fwp%2Fv2%2Fpwb-brand&post=32428"},{"taxonomy":"product_cat","embeddable":true,"href":"https:\/\/www.autonvaraosahaku.fi\/index.php?rest_route=%2Fwp%2Fv2%2Fproduct_cat&post=32428"},{"taxonomy":"product_tag","embeddable":true,"href":"https:\/\/www.autonvaraosahaku.fi\/index.php?rest_route=%2Fwp%2Fv2%2Fproduct_tag&post=32428"}],"curies":[{"name":"wp","href":"https:\/\/api.w.org\/{rel}","templated":true}]}}